{"id":22245,"date":"2022-06-16T01:08:18","date_gmt":"2022-06-15T23:08:18","guid":{"rendered":"https:\/\/bisbalpenedes.com\/web\/?post_type=product&#038;p=22245"},"modified":"2025-04-24T13:34:59","modified_gmt":"2025-04-24T11:34:59","slug":"matricula-infantil-1-empadronats","status":"publish","type":"product","link":"https:\/\/bisbalpenedes.com\/web\/producte\/matricula-infantil-1-empadronats\/","title":{"rendered":"Matr\u00edcula Infantil 0, Infantil 1 i Infantil 2 &#8211; Curs 2025 -26"},"content":{"rendered":"<p>Matr\u00edcula a la Llar d&#8217;Infants Municipal per a  I0, I1 i I2, Curs 2025 &#8211; 26<br \/>\nORDENAN\u00c7A FISCAL N\u00daM. 18 REGULADORA DE LA TAXA PER LA PRESTACI\u00d3 DEL SERVEI DE LLAR DE L\u2019ESCOLA BRESSOL<\/p>\n","protected":false},"excerpt":{"rendered":"<p><strong>Matr\u00edcula a la Llar d&#8217;Infants Municipal per a  I0, I1 i I2, Curs 2025 &#8211; 26<\/strong><br \/>\nORDENAN\u00c7A FISCAL N\u00daM. 18 REGULADORA DE LA TAXA PER LA PRESTACI\u00d3 DEL SERVEI DE LLAR DE L\u2019ESCOLA BRESSOL<\/p>\n","protected":false},"featured_media":33614,"comment_status":"closed","ping_status":"closed","template":"","meta":[],"product_cat":[5331],"product_tag":[5333,5332],"_links":{"self":[{"href":"https:\/\/bisbalpenedes.com\/web\/wp-json\/wp\/v2\/product\/22245"}],"collection":[{"href":"https:\/\/bisbalpenedes.com\/web\/wp-json\/wp\/v2\/product"}],"about":[{"href":"https:\/\/bisbalpenedes.com\/web\/wp-json\/wp\/v2\/types\/product"}],"replies":[{"embeddable":true,"href":"https:\/\/bisbalpenedes.com\/web\/wp-json\/wp\/v2\/comments?post=22245"}],"wp:featuredmedia":[{"embeddable":true,"href":"https:\/\/bisbalpenedes.com\/web\/wp-json\/wp\/v2\/media\/33614"}],"wp:attachment":[{"href":"https:\/\/bisbalpenedes.com\/web\/wp-json\/wp\/v2\/media?parent=22245"}],"wp:term":[{"taxonomy":"product_cat","embeddable":true,"href":"https:\/\/bisbalpenedes.com\/web\/wp-json\/wp\/v2\/product_cat?post=22245"},{"taxonomy":"product_tag","embeddable":true,"href":"https:\/\/bisbalpenedes.com\/web\/wp-json\/wp\/v2\/product_tag?post=22245"}],"curies":[{"name":"wp","href":"https:\/\/api.w.org\/{rel}","templated":true}]}}