{"id":9815,"date":"2019-06-19T12:59:25","date_gmt":"2019-06-19T11:59:25","guid":{"rendered":"http:\/\/bisbalpenedes.com\/web\/?page_id=9815"},"modified":"2021-07-01T15:53:34","modified_gmt":"2021-07-01T13:53:34","slug":"consulta-publica","status":"publish","type":"page","link":"https:\/\/bisbalpenedes.com\/web\/consulta-publica\/","title":{"rendered":"Consulta P\u00fablica"},"content":{"rendered":"<p><strong>ANUNCIS AL PORTAL WEB DE L&#8217;AJUNTAMENT DE LA CONSULTA P\u00daBLICA<\/strong><\/p>\n<h4><span style=\"color: #339966;\"><strong>Consulta p\u00fablica per confeccionar el reglament d\u2019\u00fas dels habitatges socials<\/strong><\/span><\/h4>\n<p>Durant els darrers anys s\u2019han rehabilitat les dues antigues cases dels mestres per ser habitatges socials destinats a persones amb dificultats econ\u00f2miques per accedir a un habitatge.<\/p>\n<p>Per poder adjudicar els dos habitatges, cal confeccionar un reglament amb les condicions i requisits per l\u2019adjudicaci\u00f3.<\/p>\n<p>Tenint en compte l\u2019article 133.1 de la Llei 39\/2015 de l\u20191 d\u2019octubre de procediment administratiu com\u00fa de les Administracions p\u00fabliques i amb l\u2019objectiu de fer participar la ciutadania en el procediment d\u2019elaboraci\u00f3 de normes de car\u00e0cter previ a l\u2019elaboraci\u00f3 del projecte del Reglament d\u2019\u00fas dels habitatges socials, l\u2019Ajuntament de la Bisbal del Pened\u00e8s tira endavant una consulta p\u00fablica a trav\u00e9s del portal web:<\/p>\n<p>L\u2019objectiu de la consulta \u00e9s recollir l\u2019opini\u00f3 dels ciutadans i organitzacions m\u00e9s representatives potencialment afectades per la futura norma. Podeu participar en la consulta accedint a l\u2019enlla\u00e7 anterior de l\u20191 de juliol al 2 d\u2019agost de 2021 (ambd\u00f3s inclosos).<\/p>\n<p>Una vegada redactada la proposta de reglament, aquesta haur\u00e0 d\u2019aprovar-se al Ple de la Corporaci\u00f3 municipal.<\/p>\n<p><span style=\"color: #339966;\"><strong>CONSULTA P\u00daBLICA HABITATGES SOCIALS<\/strong><\/span><br \/>\n<div style=\"display:none\" class=\"fm-form-container fm-theme1\"><div id=\"fm-pages6\" class=\"fm-pages wdform_page_navigation \" show_title=\"\" show_numbers=\"1\" type=\"none\"><\/div><form name=\"form6\" action=\"\/web\/wp-json\/wp\/v2\/pages\/9815\" method=\"post\" id=\"form6\" class=\"fm-form form6  \" enctype=\"multipart\/form-data\"><input type=\"hidden\" id=\"fm_page_id6\" value=\"9815\" name=\"fm_page_id6\" \/><input type=\"hidden\" id=\"fm_current_post_type6\" value=\"page\" name=\"fm_current_post_type6\" \/><input type=\"hidden\" id=\"counter6\" value=\"22\" name=\"counter6\" \/><input type=\"hidden\" id=\"Itemid6\" value=\"\" name=\"Itemid6\" \/><input type=\"hidden\" id=\"fm_shake6\" value=\"1\" name=\"fm_shake6\" \/><input type=\"text\" class=\"fm-hide\" id=\"fm_empty_field_validation6\" value=\"\" name=\"fm_empty_field_validation6\" data-value=\"bd736efb144d599cf463541431fbf5c4\" \/><div class=\"wdform-page-and-images fm-form-builder\"><div id=\"6form_view1\" class=\"wdform_page\" page_title=\"Untitled page\" next_title=\"Next\" next_type=\"text\" next_class=\"wdform-page-button\" next_checkable=\"true\" previous_title=\"Previous\" previous_type=\"text\" previous_class=\"wdform-page-button\" previous_checkable=\"false\"><div class=\"wdform_section\"><div class=\"wdform_column\"><div wdid=\"2\" class=\"wdform_row\"><div type=\"type_name\" class=\"wdform-field wd-width-100 wd-flex wd-flex-column fm-type_name\" ><div class=\"wdform-label-section wd-width-100  wd-flex-row\">    <label  for=\"wdform_2_element_first6\" class=\"wdform-label\">Nom Complet<\/label><span class=\"wdform-required\">*<\/span><\/div><div class=\"wdform-element-section wd-flex  wd-flex-row wd-width-100\" ><div class=\"wd-flex wd-flex-column wd-width-50\"><input type=\"text\" class=\"wd-width-100\" id=\"wdform_2_element_first6\" name=\"wdform_2_element_first6\" data-value=\"\" value=\"\" title=\"\" placeholder=\"\"  \/><label class=\"mini_label\" for=\"wdform_2_element_first6\">Nom<\/label><\/div><div class=\"wd-flex wd-flex-column wd-name-separator\"><\/div><div class=\"wd-flex wd-flex-column wd-width-50\"><input type=\"text\" class=\"wd-width-100\" id=\"wdform_2_element_last6\" name=\"wdform_2_element_last6\" data-value=\"\" value=\"\" title=\"\" placeholder=\"\"  \/><label class=\"mini_label\" for=\"wdform_2_element_last6\">Cognoms<\/label><\/div><\/div><\/div><\/div><\/div><div class=\"wdform_column\"><div wdid=\"3\" class=\"wdform_row\"><div type=\"type_submitter_mail\" class=\"wdform-field wd-width-100 wd-flex wd-flex-column fm-type_submitter_mail\" ><div class=\"wdform-label-section wd-width-100  wd-flex-row\">    <label  for=\"wdform_3_element6\" class=\"wdform-label\">Email<\/label><span class=\"wdform-required\">*<\/span><\/div><div class=\"wdform-element-section wd-flex  wd-flex-row wd-width-100\" ><input type=\"text\" class=\"wd-width-100\" id=\"wdform_3_element6\" name=\"wdform_3_element6\" data-value=\"\" value=\"\" title=\"\" placeholder=\"\"   onchange=\"wd_check_email('3', '6', 'Aix\u00f2 no \u00e9s una adre\u00e7a de correu electr\u00f2nic v\u00e0lida.')\" \/><\/div><\/div><\/div><div wdid=\"12\" class=\"wdform_row\" style=\"position: relative; left: 0px; top: 0px;\"><div type=\"type_text\" class=\"wdform-field wd-width-100 wd-flex wd-flex-column fm-type_text\" ><div class=\"wdform-label-section wd-width-100  wd-flex-row wd-align-items-center\" style=\"max-width: 300px;\">    <label  for=\"wdform_12_element6\" class=\"wdform-label\">Tel\u00e8fon<\/label><span class=\"wdform-required\">*<\/span><\/div><div class=\"wdform-element-section wd-flex  wd-flex-row wd-align-items-center wd-width-100\" ><input type=\"text\"                           class=\"wd-width-100\"                           id=\"wdform_12_element6\"                           name=\"wdform_12_element6\"                           value=\"\"                           data-value=\"\"                           title=\"\"                           placeholder=\"\"                                                       \/><\/div><\/div><\/div><div wdid=\"20\" class=\"wdform_row\" style=\"position: relative; left: 0px; top: 0px;\"><div type=\"type_text\" class=\"wdform-field wd-width-100 wd-flex wd-flex-column fm-type_text\" ><div class=\"wdform-label-section wd-width-100  wd-flex-row wd-align-items-center\">    <label  for=\"wdform_20_element6\" class=\"wdform-label\">Poblaci\u00f3<\/label><span class=\"wdform-required\">*<\/span><\/div><div class=\"wdform-element-section wd-flex  wd-flex-row wd-align-items-center wd-width-100\" ><input type=\"text\"                           class=\"wd-width-100\"                           id=\"wdform_20_element6\"                           name=\"wdform_20_element6\"                           value=\"\"                           data-value=\"\"                           title=\"\"                           placeholder=\"\"                                                       \/><\/div><\/div><\/div><\/div><div class=\"wdform_column\"><div wdid=\"16\" class=\"wdform_row\" style=\"position: relative; left: 0px; top: 0px;\"><div type=\"type_textarea\" class=\"wdform-field wd-width-100 wd-flex wd-flex-column fm-type_textarea\" ><div class=\"wdform-label-section wd-width-100 \">    <label  for=\"wdform_16_element6\" class=\"wdform-label\">Altres comentaris<\/label><\/div><div class=\"wdform-element-section wd-flex  wd-width-100\" ><textarea class=\"wd-width-100\"                      id=\"wdform_16_element6\"                      name=\"wdform_16_element6\"                      placeholder=\"INSCRIPCIONS FINALITZADES excepte si et vols inscriure al Torneig de 3x3 BASQUET, qure cal que escriguis aqu\u00ed el nom de l&#039;equip i els tres participants\"                      data-value=\"\"                      maxlength=\"\"                      style=\"height: 100px;\"                      ><\/textarea><\/div><\/div><\/div><\/div><div class=\"wdform_column\"><div wdid=\"19\" class=\"wdform_row\" style=\"position: relative; left: 0px; top: 0px;\"><div type=\"type_spinner\" class=\"wdform-field wd-width-100 wd-flex wd-flex-column fm-type_spinner\" ><div class=\"wdform-label-section wd-width-100  wd-flex-row\">    <label  for=\"wdform_19_element6\" class=\"wdform-label\">Edat<\/label><span class=\"wdform-required\">*<\/span><\/div><div class=\"wdform-element-section wd-flex  wd-flex-row wd-width-100\" ><input                            name=\"wdform_19_element6\"                            id=\"wdform_19_element6\"                            class=\"wd-type-number\"                            onkeyup=\"wd_validate(this)\"                            data-valid-type=\"number\"                            data-form-id=\"6\"                            data-wdid=\"19\"                            style=\"width: px;\"                            data-value=\"\"                            value=\"\"                             attribute=value \/><\/div><\/div><\/div><\/div><div class=\"wdform_column\"><div wdid=\"1\" class=\"wdform_row\"><div type=\"type_submit_reset\" class=\"wdform-field wd-width-100 wd-flex wd-flex-column fm-type_submit_reset\" ><div class=\"wdform-element-section wd-flex  wd-flex-row wd-justify-content-left wd-width-100\" ><button  type=\"button\" class=\"button-submit\" onclick=\"fm_submit_form('6');\"  attribute=value data-ajax=\"0\"><span class=\"fm-submit-loading spinner fm-ico-spinner\"><\/span>Envia Inscripci\u00f3<\/button><button  type=\"button\" class=\"button-reset wd-hidden\" onclick=\"fm_reset_form(6);\"  attribute=value>Borrar<\/button><\/div><\/div><\/div><\/div><\/div><div valign=\"top\" class=\"wdform_footer wd-width-100\"><div class=\"wd-width-100\"><div class=\"wd-width-100 wd-table\" style=\"padding-top:10px;\"><div class=\"wd-table-group\"><div id=\"6page_nav1\" class=\"wd-table-row\"><\/div><\/div><\/div><\/div><\/div><\/div><\/div><div class=\"wdform_preload\"><\/div><input type=\"hidden\" name=\"fm-current-page\" value=\"https:\/\/bisbalpenedes.com\/web\/wp-json\/wp\/v2\/pages\/9815\" \/><\/form><\/div><\/p>\n<p>Av\u00eds legal i Pol\u00edtica de Privacitat<br \/>\nProtecci\u00f3 de Dades Personals<br \/>\nEn virtut de la Llei 15\/1999 de 13 de desembre, sobre la Protecci\u00f3 de Dades de Car\u00e0cter Personal, el fem coneixedor que les seves dades personals, que poden estar en aquesta comunicaci\u00f3, estan incorporades en un fitxer automatitzat responsabilitat de l&#8217;Ajuntament de la Bisbal del Pened\u00e8s NIF: P-4302800J. La finalitat d\u2019aquest fitxer \u00e9s gestionar la relaci\u00f3 negocial i informar-lo dels nostres serveis. Aquestes dades no seran transmeses a terceres persones. Si desitja exercir els drets d\u2019acc\u00e9s, rectificaci\u00f3, cancel\u2022laci\u00f3, oposici\u00f3, o no desitja rebre m\u00e9s informaci\u00f3 pot dirigir-se a: l&#8217;Ajuntament de la Bisbal del Pened\u00e8s, c. Major, 21. 43717 la Bisbal del Pened\u00e8s, o b\u00e9, enviar un correu electr\u00f2nic a info@bisbalpenedes.com<\/p>\n","protected":false},"excerpt":{"rendered":"<p>ANUNCIS AL PORTAL WEB DE L&#8217;AJUNTAMENT DE LA CONSULTA P\u00daBLICA Consulta p\u00fablica per confeccionar el reglament d\u2019\u00fas dels habitatges socials Durant els darrers anys s\u2019han rehabilitat les dues antigues cases &hellip; <a href=\"https:\/\/bisbalpenedes.com\/web\/consulta-publica\/\" class=\"more-link\">Read More<\/a><\/p>\n","protected":false},"author":1,"featured_media":9827,"parent":0,"menu_order":0,"comment_status":"closed","ping_status":"closed","template":"","meta":[],"_links":{"self":[{"href":"https:\/\/bisbalpenedes.com\/web\/wp-json\/wp\/v2\/pages\/9815"}],"collection":[{"href":"https:\/\/bisbalpenedes.com\/web\/wp-json\/wp\/v2\/pages"}],"about":[{"href":"https:\/\/bisbalpenedes.com\/web\/wp-json\/wp\/v2\/types\/page"}],"author":[{"embeddable":true,"href":"https:\/\/bisbalpenedes.com\/web\/wp-json\/wp\/v2\/users\/1"}],"replies":[{"embeddable":true,"href":"https:\/\/bisbalpenedes.com\/web\/wp-json\/wp\/v2\/comments?post=9815"}],"version-history":[{"count":11,"href":"https:\/\/bisbalpenedes.com\/web\/wp-json\/wp\/v2\/pages\/9815\/revisions"}],"predecessor-version":[{"id":18392,"href":"https:\/\/bisbalpenedes.com\/web\/wp-json\/wp\/v2\/pages\/9815\/revisions\/18392"}],"wp:featuredmedia":[{"embeddable":true,"href":"https:\/\/bisbalpenedes.com\/web\/wp-json\/wp\/v2\/media\/9827"}],"wp:attachment":[{"href":"https:\/\/bisbalpenedes.com\/web\/wp-json\/wp\/v2\/media?parent=9815"}],"curies":[{"name":"wp","href":"https:\/\/api.w.org\/{rel}","templated":true}]}}