{"id":8676,"date":"2019-02-04T12:23:38","date_gmt":"2019-02-04T11:23:38","guid":{"rendered":"http:\/\/bisbalpenedes.com\/web\/?page_id=8676"},"modified":"2019-07-17T11:47:24","modified_gmt":"2019-07-17T10:47:24","slug":"feliu-gil-esteve-2018-1r-semestre","status":"publish","type":"page","link":"https:\/\/bisbalpenedes.com\/web\/feliu-gil-esteve-2018-1r-semestre\/","title":{"rendered":"Feliu Gil Esteve 2018 &#8211; 1r Semestre"},"content":{"rendered":"<div data-post-id='3409' class='insert-page insert-page-3409 '><\/div>\n<p>&nbsp;<\/p>\n<p><strong><\/p>\n<p style=\"text-align: left;\">Agenda de gener a juny de 2018<\/p>\n<p><\/strong><\/p>\n<p><strong>Setmana 1 al 7 de gener<\/strong><br \/>\nDimarts 2:<br \/>\n10:00h: Atenci\u00f3 ciutadania<br \/>\n11:30h: Atenci\u00f3 ciutaania<br \/>\nDimecres 3:<br \/>\n10:30h: Atenci\u00f3 ciutadania<br \/>\n11:30h: Atencio ciutadania<br \/>\n12:00h: Visita a Can Gordei amb el servei d&#8217;inspecci\u00f3 i informaci\u00f3<br \/>\nDijous 4:<br \/>\n10:00h: Atenci\u00f3 ciutadania<br \/>\n11:00h: Junta de govern<br \/>\nDivendres 5:<br \/>\n10:45h: Atenci\u00f3 ciuadania<br \/>\n13:00h: Ajuda colaboradora amb regidoria de serveis socials<br \/>\n17:00h: Visita amb els reis mags dels barris<br \/>\n19:15h: Visita dels reis mags al nucli<\/p>\n<p><strong>Setmana 8 al 14 de gener<\/strong><br \/>\nDilluns 8:<br \/>\n11:00h: Atenci\u00f3 ciutadania<br \/>\nDimatrs 9:<br \/>\n10:15h: Atenci\u00f3 ciutadania<br \/>\nDijous 11:<br \/>\n09:45h: Atenci\u00f3 ciutadania<br \/>\n13:30h: Reuni\u00f3 representan artistic<br \/>\n20:00h: Asistencia acte el prego dels Tres Tombs<br \/>\nDivendres 12:<br \/>\n12:00h: Atenci\u00f3 ciutadania<br \/>\nDissabte 13:<br \/>\n18:00h: Asistencia inauguraci\u00f3 exposici\u00f3 al monastir de Santa Oliva<\/p>\n<p><strong>Setmana 15 al 21 de gener<\/strong><br \/>\nDilluns 15:<br \/>\n10.00h: Reuni\u00f3 equip de govern<br \/>\nDimarts 16:<br \/>\n09:15h: Atenci\u00f3 ciutdania<br \/>\n10:00h: Atenci\u00f3 ciutadania<br \/>\n20:00h: Asistencia acte de lectura de manifest<br \/>\nDimecres 17:<br \/>\n09:30h: Atenci\u00f3 ciutadania<br \/>\n10:00h: Atenci\u00f3 ciutadania<br \/>\n11:45h: Reuni\u00f3 associaci\u00f3 de veins de l&#8217;esplai<br \/>\nDijous 18:<br \/>\n09:15h: Atenci\u00f3 ciutadania<br \/>\n11:00h: Junta de govern<br \/>\nDivendres 19:<br \/>\n09:15h: Atenci\u00f3 ciutadania<br \/>\n18:00h: Asistencia acte de presentaci\u00f3 llibre a la biblioteca de Banyeres<br \/>\n20:00h: Reuni\u00f3 associaci\u00f3 de festes de Can Gordei<\/p>\n<p><strong>Setmana 22 al 28 de gener<\/strong><br \/>\nDimarts 23:<br \/>\n11:00h: Ateni\u00f3 ciutadania<br \/>\nDimecres 24:<br \/>\n10:30h: Atenci\u00f3 ciutadania<br \/>\n11:00h: Atenci\u00f3 ciutadania<br \/>\n18:30h: Atenci\u00f3 ciutadania<br \/>\n19:00h: Reuni\u00f3 amb l&#8217;ingenier<br \/>\nDijous 25:<br \/>\n12:00h: Atenci\u00f3 ciutadania<br \/>\nDivendres 26:<br \/>\n08:30h: Reuni\u00f3 Can Gordei associaci\u00f3 de festes<br \/>\n13:30h: Atenci\u00f3 ciutadania<br \/>\n17:00h: Col.laboraci\u00f3 en la preparaci\u00f3 exposici\u00f3 al c.m.c<br \/>\n20:00h: Asistencia proyecci\u00f3 i xerrada al c.m.c dels grup del senderistes<br \/>\nDisabte 27:<br \/>\n18:00h: Inauguraci\u00f3 exposici\u00f3 al c.m.c<br \/>\n20:00h: Asistencia a la entrega de premis de la revista Castells a Valls.<br \/>\nDiumenge 28:<br \/>\n12:00h: Cercavila i concentraci\u00f3 de gegants i grallers al nucli de la Bisbal<\/p>\n<p><strong>Setmana 29 de gener al 4 de febrer<\/strong><br \/>\nDilluns 29:<br \/>\n09:00h: Atenci\u00f3 ciutadania<br \/>\n10:30h: Visita a can gordei amb el servei de inspecci\u00f3 i informaci\u00f3 12.15h reuni\u00f3 amb representant musical<br \/>\nDimarts 30:<br \/>\n09:00h: Curs de formaci\u00f3 diputaci\u00f3 de tarragona<br \/>\nDimecres 31:<br \/>\n09:30h: Atenci\u00f3 ciutadania<br \/>\n10:15h: Reuni\u00f3 comercial iluminaci\u00f3<br \/>\n12:00h: Acte de obrir les pliques per adjudicaci\u00f3 servei de comunicaci\u00f3<br \/>\nDijous 1:<br \/>\n10:00h: Visita can gordei i miralba  amb el regidor d&#8217;economia 11.00h junta de govern<br \/>\nDivendres 2:<br \/>\n10:00h: Visita local social de l&#8217;esplai amb l&#8217;ingenier per elaborar informe 11.00h atenci\u00f3 ciutadania 19.00h acte el vendrell<\/p>\n<p><strong>Setmana 5 al 11 de febrer<\/strong><br \/>\nDilluns 5:<br \/>\n09:00h: Reuni\u00f3 de la associaci\u00f3 de festes de can gordei amb lingenier 11.00h atenci\u00f3 ciutadania<br \/>\nDimarts 6:<br \/>\n12:00h: Atenci\u00f3 ciutadania<br \/>\n12:45h: Reuni\u00f3 amb el pod\u00f2leg<br \/>\nDimecres 7:<br \/>\n09:30h: Atenci\u00f3 ciutadania<br \/>\nDijous 8:<br \/>\n09:00h: Atenci\u00f3 ciutadania<br \/>\n12:30h: Atenci\u00f3 ciutadania<br \/>\n13:00h: Atenci\u00f3 ciutadania<br \/>\nDivendres 9:<br \/>\n10:30h: Atenci\u00f3 ciutadania<br \/>\n12:00h: Atenci\u00f3 ciutadania<br \/>\nDiumenge 11:<br \/>\n12:00h: Rua de carnaval<\/p>\n<p><strong>Setmana 12 al 18 de febrer<\/strong><br \/>\nDilluns 12:<br \/>\n10:00h: Atenci\u00f3 ciutadania<br \/>\n17:00h: Festa infantil de carnavali berear al col.legi ull de vent<br \/>\nDimarts 13:<br \/>\n11:00h: Ateci\u00f3 citadania<br \/>\n13:30h: Reuni\u00f3 comercial material via publica parcs i jardins<br \/>\nDimecres 14:<br \/>\n09:30h: Reuni\u00f3 comercial enllumenat p\u00fablic<br \/>\n10:30h: Reuni\u00f3 vocal associaci\u00f3 del priorat<br \/>\n11:15h: Reuni\u00f3 grup de juvent actuaci\u00f3 festa major<br \/>\nDijous 15:<br \/>\n09:30h: Atenci\u00f3 ciutadania<br \/>\n11:00h: Junta de govern<br \/>\nDivendres 16:<br \/>\n09:15h: Atenci\u00f3 ciutadania<br \/>\n10:00h: Reuni\u00f3 amb el secretari<\/p>\n<p><strong>Setmana 19 al 25 de febrer<\/strong><br \/>\nDilluns 19:<br \/>\n10:00h: Reuni\u00f3 amb el seretari i la associaci\u00f3 de l&#8217;esplai 11.15h reuni\u00f3 represenan de diables.<br \/>\n12:15h: Visia a la miralba amb el president de la associaci\u00f3.<br \/>\nDimecres 21:<br \/>\n10:00h: Atenci\u00f3 ciutadania<br \/>\n11:30h: Reuni\u00f3 vocal dels diables<br \/>\n14:30h: Reuni\u00f3 empressa de transport<br \/>\n18:15h: Visita a sta cristina amb el servei de inspecci\u00f3 i vigilancia<br \/>\nDijous 22:<br \/>\n10:00h: Atenci\u00f3 ciutadania<br \/>\n11:00h: Junta de goven<br \/>\n13:00h: Reuni\u00f3 amb l&#8217;alcade de Rodonyar<br \/>\nDivendres 23:<br \/>\n10:45h: Atenci\u00f3 ciutadania<br \/>\n12:00h: Conversa vocal dels diables<br \/>\n12:30h: Atenci\u00f3 ciutadania<br \/>\n13:00h: Avis empressa sunet per una actuaci\u00f3 al col.legit vell<br \/>\n15:00h: Cursa solidaria col.legi ull de vent<br \/>\nDisabte 24:<br \/>\n14:00h: Dinar a la asociaci\u00f3 del priorat<br \/>\n17:00h: Conta contes al C.M.C 19.00h presentaci\u00f3 llibre al C.M.C<br \/>\nDiumenge 25:<br \/>\n11:00h: Cross escolar tot el mati<\/p>\n<p><strong>Setmana 26 de febrer al 4 de mar\u00e7<\/strong><br \/>\nDilluns 26:<br \/>\n09:00h: Atenci\u00f3 ciutadania<br \/>\n11:00h: Atenci\u00f3 responsable de creu roja<br \/>\nDimarts 27:<br \/>\n09:00h: Atenci\u00f3 ciutadania<br \/>\n11:00h: Atenci\u00f3 ciutadania<br \/>\nDimecres 28:<br \/>\n11:30h: Reuni\u00f3 representant musical<br \/>\n13:00h: Atenci\u00f3 ciutadania<br \/>\nDijous 1:<br \/>\n09:30h: Atenci\u00f3 ciutadania<br \/>\n10:15h: Atenci\u00f3 ciutadania<br \/>\n11:00h: Junta de govern<br \/>\nDivendres 2:<br \/>\n10:00h: Atenci\u00f3 ciutadania<br \/>\n13:30h: Reuni\u00f3 regidors<br \/>\nDiumenge 4:<br \/>\n09:00h: Festa del vi jove i l&#8217;oli novell (tot el mati)<\/p>\n<p><strong>Setmana 5 al 11 de mar\u00e7<\/strong><br \/>\nDilluns 5:<br \/>\n10:00h: Atenci\u00f3 ciutadania<br \/>\n11:00h: Reuni\u00f3 tecnic dela pirotecnia<br \/>\n12:00h: Visita al cementiri amb el servei ded&#8217;informaci\u00f3 i vigilancia<br \/>\nDimarts 6:<br \/>\n10:00h: Atenci\u00f3 ciutadania<br \/>\n13:30h: Reuni\u00f3 representant musical<br \/>\nDimecres 7:<br \/>\n11:00h a 13:00h: Visita amb l&#8217;ingenier de instalacions electriques a sta.cristina i a masieta 13.30h reuni\u00f3 amb el secetari 17.00h atenci\u00f3 ciutadania<br \/>\nDijous 8:<br \/>\n1O:30h: Lectura del manifest del dia internacional de la dona 11.00h reuni\u00f3 equip de govern<br \/>\nDivendres 9:<br \/>\n10:30h: Sasistencia servei funerari<br \/>\n12:30h: Reuni\u00f3 empreses del pressostos participatius 13.30h renio amb la empressa de la funeraria.<\/p>\n<p><strong>Setmana 12 al 18 de mar\u00e7<\/strong><br \/>\nDilluns 12:<br \/>\n17:15h: Reuni\u00f3 comisio de festes de can gordei.<br \/>\n20:00h: Acte de benvinguda els nous empadronat de la BISBAL<br \/>\nDimarts 13:<br \/>\n10:00h: Atenci\u00f3 ciutadania<br \/>\n10:30h: Ateci\u00f3 iutadania<br \/>\n11:30h: Reuni\u00f3regidoria benestar social<br \/>\n12:00h: Visita inspecci\u00f3 al cementiri<br \/>\nDimecres 14:<br \/>\n10.00h: Reuni\u00f3 amb lingenier<br \/>\n11.00h: Visita can gordei amb la associacio<br \/>\n12:00h: Visita al priorat<br \/>\n12:30h: Atenci\u00f3 ciutadania<br \/>\n13:31h: Visita llar d&#8217;infants amb l&#8217;ingenier<br \/>\n14:00h: Consulta a a funeraria<br \/>\n17:00h: Atenci\u00f3 ciutadania<br \/>\n18:00h: Reuni\u00f3 amb la regidora de benestar social<br \/>\n19:00h: Reuni\u00f3 amb el secretari<br \/>\nDijous 15:<br \/>\n11:00h: Junta de govern<br \/>\nDivendres 16:<br \/>\n10:00h: Atenci\u00f3 ciutadania<br \/>\n13:00h: Gesti\u00f3 cementiri amb la funeraria.<br \/>\n20:00h: Reuni\u00f3 associacions de veins al c.m.c<br \/>\nDiumenge 18:<br \/>\n11:00h: Acte al mas de les gralles en reconeixemet i homenatja a les entitats i associacios bisbalenques.<\/p>\n<p><strong>Setmana 19 al 25 de mar\u00e7<\/strong><br \/>\nDilluns 19:<br \/>\n10:00h: Atenci\u00f3 ciutadania<br \/>\n11:00h: Reuini\u00f3 amb l&#8217;ingenier per diferents actuacions a can gordei 19.00h ple orrdinari<br \/>\nDimarts 20:<br \/>\n09:00h: Atenci\u00f3 ciutadania<br \/>\n12:00h: Reuni\u00f3 mossen<br \/>\nDimecres 21:<br \/>\n10:00h: Atenci\u00f3 ciutadania<br \/>\n17:00h: Reuni\u00f3 associacio de festes de can gordei 19.45h actes dia mundial de la poesia<br \/>\nDijous 22:<br \/>\n10:00h: Visita directora general d&#8217;industria 11.45h.visita poligon 14.30h. dinar diferentes personalitats<br \/>\nDivendres 23:<br \/>\n10:00h: Atenci\u00f3 ciutadania<br \/>\n11:00h: Visita adequaci\u00f3 local cova jove<br \/>\n13:00h: Reuni\u00f3 amb el secretari<br \/>\n18:00h: Visita a la inauguraci\u00f3 la cova jove<br \/>\nDisabte 24:<br \/>\n11:30h: Presentaci\u00f3 llibre al c.m.c<\/p>\n<p><strong>Setmana 26 de mar\u00e7 al 1 d&#8217;abril<\/strong><br \/>\nDilluns 26<br \/>\n11:00h: Atenci\u00f3 ciuadania<br \/>\n12:30h: Atenci\u00f3 ciutadania<br \/>\n13:30h: Atenci\u00f3 ciutadania<br \/>\n18:00h: Visita a can gorei ila miralba per presupostos participatius<br \/>\nDimarts 27<br \/>\n09:00h: Atenci\u00f3 ciutdania<br \/>\n12:30h: Visita representant muical<br \/>\n14:00h: Visita representan d&#8217;espectacles<br \/>\nDimecres 28<br \/>\n10:00h: Atenci\u00f3 ciutadania<br \/>\n11:30h: Atenci\u00f3 ciutadania<br \/>\n12:00h: Obertura plicas<br \/>\n18:00h: Atenci\u00f3 ciutadania<br \/>\nDijous 29:<br \/>\n09:30h: Atenci\u00f3 ciutadania<br \/>\n10:30h: Reuni\u00f3 grup de govern<\/p>\n<p><strong>Setmana 2 al 8 d&#8217;abril<\/strong><br \/>\nDimarts 3:<br \/>\n09:00h: Atenci\u00f3 ciutdania<br \/>\n12:30h: Atenci\u00f3 ciutadania<br \/>\n13:00h: Reuni\u00f3 agent artistic<br \/>\nDimecres 4:<br \/>\n10:00h: Obertura de pliques locl de la miralba<br \/>\n11.00h: Oberura de pliques assessoria<br \/>\n12.00h: Obertura pliques cassal d&#8217;estiu i de nadal<br \/>\n18.45h: Reuni\u00f3 associaci\u00f3 de festes de can gordei<br \/>\nDijous 5:<br \/>\n11:00h: Junta de govern<br \/>\nDivendres 6:<br \/>\n09:30h: Visita fundac\u00f3 privada santa teresa 10.30h reuni\u00f3 amb el secretari 11.00h visitaobras pas de can gordei 12.00h ateci\u00f3 ciutadania<br \/>\nDisabte 7<br \/>\n12:00h: Presentacio llibre al CMC<\/p>\n<p><strong>Setmana 9 al 15 d&#8217;abril<\/strong><br \/>\nDilluns 9:<br \/>\n10:45h: Atenci\u00f3 ciutadania<br \/>\n11:00h: Visita asanta cristina amb el servei de inspecci\u00f3 i informaci\u00f3<br \/>\n12:00h: Reuni\u00f3 anb l&#8217;ingenier per expedient<br \/>\n18:30h: Reuni\u00f3 amb el secretari<br \/>\n19:00h: Reuni\u00f3 amb el servei de informaci\u00f3 i vigilancia<br \/>\nDimarts 10:<br \/>\n11:00h: Reuni\u00f3 amb l&#8217;arquitecte<br \/>\n12:00h: Xerrada amb l&#8217;Adolfo<br \/>\nDimecres 11:<br \/>\n10:00h: Reuni\u00f3 associacio de can gordei (registre d&#8217;associacions)<br \/>\n11:00h: Obertura pliques cassals d&#8217;estiu i de nadal<br \/>\n13:15h: Atenci\u00f3 ciutadania<br \/>\n18:00h: Reuni\u00f3 amb el secretari<br \/>\n19:00h: Xerrada amb la Beth<br \/>\nDijous 12:<br \/>\n09:30h: Atenci\u00f3 ciutadania<br \/>\n10:00h: Atenci\u00f3 citadania<br \/>\n10:30h: Reuni\u00f3 amb el regidor d&#8217;economia<br \/>\n11:15h: Visita a diferents barris amb el regidor d&#8217;economia<br \/>\nDivendres 13:<br \/>\n09:00h: Atenci\u00f3 ciutadania<br \/>\n10:00h: Reuni\u00f3 amb el secretari<br \/>\n13:00h: Conversa amb la beth<br \/>\n13:30h: Reuni\u00f3 jurat premis escolars Sant Jordi 18<\/p>\n<p><strong>Setmana 16 al 22 d&#8217;abril<\/strong><br \/>\nDilluns 16:<br \/>\n10:00h: Reuni\u00f3 amb el jurat premis infantils sant Jordi<br \/>\n11:00h: Mesa de contractaci\u00f3 serveis juridics i de gestoria<br \/>\n12:00h: Mesa de contractaci\u00f3 serveis de la piscina<br \/>\nDimecres 18:<br \/>\n10:00h: Reuni\u00f3 comercial iluminaci\u00f3<br \/>\n11:00h: Atenci\u00f3 ciutadania<br \/>\nDijous 19:<br \/>\n09:00h a 14:00h: Curset a Barceloba<br \/>\nDivendres 20:<br \/>\n10:00h: Atenci\u00f3 ciutadania<br \/>\n11:00h: Gesti\u00f3 amb el personal de la guarderia<br \/>\n12:00h: Recollida d&#8217;estris de decoraci\u00f3 per la presentaci\u00f3 del llibre al C.M.C<br \/>\n14:00h: Gesti\u00f3 a l&#8217;Esplai<br \/>\nDissabte 21:<br \/>\n17:30h: Inauguraci\u00f3 exposici\u00f3 al local de la Roca Foradada<br \/>\n18:00h: Inauguraci\u00f3 exposici\u00f3 al C.M.C<br \/>\n20:00h: Presentaci\u00f3 llibre de sant Jordi al C.M.C<br \/>\nDiumenge 22:<br \/>\n11:30h: Entrega premis escolar de sant Jordi i actuaci\u00f3 i pica-pica a la pla\u00e7a Pau Casals<\/p>\n<p><strong>Setmana 7 al 13 de maig<\/strong><br \/>\nDilluns 7:<br \/>\n09:00h: Atenci\u00f3 ciutadania<br \/>\n13:00h: Atenci\u00f3 ciutadania<br \/>\n17:00h: Gestio amb la supervisora del cap<br \/>\nDimarts 8:<br \/>\n10:45h: Atenci\u00f3 ciutadania<br \/>\n13:45h: Atenci\u00f3 ciutadania<br \/>\n14:00h Gesti\u00f3 amb comercial de eventos<br \/>\nDimecres 9:<br \/>\n10:00h: Atenci\u00f3 ciutadania<br \/>\n10:20h: Gesti\u00f3 festa del barri de la Masieta<br \/>\n10:45h: Reuni\u00f3 amb el mossen<br \/>\n12:15h: Atenci\u00f3 ciutadania<br \/>\n14:00h: Gesti\u00f3 solicitud xurreria<br \/>\n17:30h: Visita amb la regidora de mobilitat i el servei de informaci\u00f3 i inspecci\u00f3<br \/>\nDijous 10:<br \/>\n09:00h: Ple extraordinari<br \/>\n10:00h a 14:00h: Curset a barcelona<br \/>\nDivendres 11:<br \/>\n10:00h: Gesti\u00f3 serveis Creu Roja<br \/>\n11:00h: Gestio serveis Polyklins<br \/>\nDisabte 12:<br \/>\n11:00 a 14:00h: Acte en el dia del clean and day<br \/>\n18:00h: Inauguraci\u00f3 de placa castellera a la fa\u00e7ana de la societat<br \/>\n18:30h: Presentaci\u00f3 llibre al C.M.C<\/p>\n<p><strong>Setmana 7 al 13 de maig:<\/strong><br \/>\nDilluns 14:<br \/>\n11:00h: Gestio amb el servei de inspecci\u00f3 i informaci\u00f3<br \/>\n12:00h: Reuni\u00f3 amb representatns de Omnium per tema flama del Canig\u00f3<br \/>\n17:00h: Gestio  amb representant associaci\u00f3 Can Gordei.<br \/>\nDimarts 15:<br \/>\n11:00h: Gesti\u00f3 al Vendrell.<br \/>\n12:00h: Reuni\u00f3 amb representant musical.<br \/>\n13:45h: Atenci\u00f3 ciutadania.<br \/>\nDimecres 16:<br \/>\n10:00h: Gestions grands clasica 2\u00aa edici\u00f3<br \/>\n11:00h: Atenci\u00f3 ciutadania<br \/>\n11:30h: Atenci\u00f3 ciutadania<br \/>\n17:30h: atenci\u00f3 ciutadania<br \/>\n19:30h: Lectura manifest d&#8217;avant ajuntament.<br \/>\nDijous 17:<br \/>\n09:00h a 14:00h: Curset a Barcelona<br \/>\n19:00h: Xerrada al Vendrell<br \/>\nDivendres 18:<br \/>\n09:00h: Atenci\u00f3 ciutadania<br \/>\n10:30h: Reuni\u00f3 mossen tema festa major<br \/>\n14:00h: Devoluci\u00f3 objectes prestats amb el bibliotecari als seus propietaris<\/p>\n<p><strong>Setmana 21 al 27 de maig<\/strong><br \/>\nDilluns 21:<br \/>\n10:00h: Gesti\u00f3 tema sardanes festa major.<br \/>\n11:00h: Gesti\u00f3 amb creu roja tema ambulancias .<br \/>\n12:00h: Gesti\u00f3 empressa de cabinas sanitaries.<br \/>\n19:00h: Reuni\u00f3 grup de joves esventats.<br \/>\n20:00h: Acte al cmc de servei benvinguda els nous Bisbalencs.<br \/>\nDimarts 22:<br \/>\n12:00h: Reuni\u00f3 empressa arts graficas.<br \/>\n12:30h: Reuni\u00f3 representant associci\u00f3 barri de la pla\u00e7a<br \/>\n13:00h: atenci\u00f3 ciutadania.<br \/>\nDimecres 23:<br \/>\n11:30h: Atenci\u00f3 ciutadania.<br \/>\n12:00h: Gesti\u00f3 cabina sanitaria festa barris.<br \/>\n13:00h: Reuni\u00f3 amb tecnic informatic.<br \/>\n18:00h: Acte al cmc entrega del xec nado<br \/>\n20:00h: Acte al cmc en agraiments els voluntaris<br \/>\nDijous 24:<br \/>\n08:30h: Atenci\u00f3 ciutadania barri la Masieta<br \/>\n09:15h: Atenci\u00f3 ciutadania<br \/>\n12:15h: Reuni\u00f3 amb interesats en instalar una emisora de radio municipal<br \/>\n13:20h: Gesti\u00f3 amb creu roja per tema ambulancia<br \/>\nDivendres 25:<br \/>\n09:30h: Atenci\u00f3 ciutadania.<br \/>\n10:00h: Gesti\u00f3 creu roja ambulancies<br \/>\n11:00h: Gesti\u00f3 creu roja<br \/>\n13:00h: Reuni\u00f3 amb el secretari<br \/>\nDisabte 26:<br \/>\n14:00h: Dinar amb la associacio de veins del priorat.<\/p>\n<p><strong>Setmana 28 de maig al 3 de juny<\/strong><br \/>\nDilluns 28:<br \/>\n10:00h: Reuni\u00f3 pressupostos participatius<br \/>\n11:00h: Gestio amb la creu roja ambulancia per cursa ciclista<br \/>\n13:00h: Reuni\u00f3 representant festes dels barris<br \/>\n14:00h: Gesti\u00f3 representant fesetes del&#8217;escuma<br \/>\n17:00h: Gesti\u00f3 notificaci\u00f3 camvi d&#8217;uvicaci\u00f3 xerrada del C.M.C del dia<br \/>\n19:00h: Xerrada al C.M.C dinte de la primera setmana de l&#8217;empresa i ocupaci\u00f3 a la Bisbal.<br \/>\nDimarts 29:<br \/>\n10:00h: Tenci\u00f3 ciutadania<br \/>\n11:00h: Gesti\u00f3 averiguaci\u00f3 possible averia barris<br \/>\n11:30h: Gesti\u00f3 telefonica amb comercial per festes.<br \/>\n19:00h: Xerrada a la blioteca municipal dintre de la setmana lliure de fum.<br \/>\n20:00h: Xerrada al suditori del c.m.c dintre de la primera setmana del&#8217;empetrsa i ocupaci\u00f3<br \/>\nDimecres 30:<br \/>\n09:30h: Ateci\u00f3 ciutadania.<br \/>\n10:00h: Gesti\u00f3 amb la persona responsabe feses dels barri de la pla\u00e7a.<br \/>\n11:00h: Junta de govern<br \/>\n17:00h: Reuni\u00f3 colla jove esventats.<br \/>\n19:00h: Reuni\u00f3 president gent grand.<br \/>\nDijous 31:<br \/>\n11:00h: Gesti\u00f3 telef\u00f2nica empresa de llums.<br \/>\n13:00h: Reuni\u00f3 representant musical<br \/>\n13:30h: Gesti\u00f3 telef\u00f2nica creu roja (soteig de juliol)<br \/>\nDivendres 1:<br \/>\n09:00H a 14:00h: Acte a Mas Llagostera dintre de la setmana de l&#8217;empresa i ocupaci\u00f3.<br \/>\nDisabte 2:<br \/>\n17:00h: Festa Barri de la Pla\u00e7a<br \/>\nDiumenge 3:<br \/>\n09:00 a 14:00h:: Concurts de pintura r\u00e0pida.<br \/>\n14:30h: Entrega de premis del jurat<br \/>\n15:00h: Dinar<br \/>\n17:00h: Entrega premi deldel public per votaci\u00f3 popular.<\/p>\n<p><strong>Setmana 4 al 10 de juny<\/strong><br \/>\nDilluns 4:<br \/>\n10:00h: Reuni\u00f3 comercial de llums<br \/>\n11:30h: Reuni\u00f3 amb el secretari<br \/>\n13:30h: Reuni\u00f3 amb representant festes dels barris<br \/>\n17:00h: Ple extraordinari<br \/>\nDimarts 5:<br \/>\n09:00 a 18:00h: Curset a Barcelona<br \/>\nDimecres 6:<br \/>\n09:00 a 14:30h: Curset a Barcelona<br \/>\nDijous 7:<br \/>\n10:00h: Reuni\u00f3 regidors<br \/>\n11:00h: Junta de govern<br \/>\n12:00h: Gesti\u00f3 per reuni\u00f3 amb responsable banc de sang<br \/>\n13:00h: Reuni\u00f3 amb el tecnic informatic per programa festes dels barris<br \/>\nDivendres 8:<br \/>\n12:00h: Atenci\u00f3 ciutadania<br \/>\n13:00h: Reuni\u00f3 grup de joves els esventats<br \/>\n20:00h: Inauguraci\u00f3 i concert inaugaral festival Eva a Sant Sadurn\u00ed d&#8217;Anoia<br \/>\nDisabte 9:<br \/>\n18:00h: Feste Barri d&#8217;Abaix.<br \/>\nDiumenge 10:<br \/>\n12:00h: Actuaci\u00f3 al C.M.C dintre del festival Eva, de la Guilla Teatre<\/p>\n<p><strong>Setmana 11 al 17 de juny<\/strong><br \/>\nDilluns 11:<br \/>\n10:00h: Reuni\u00f3 amb el responsable d&#8217;informaci\u00f3 del nou dervei del bus<br \/>\n12:00h: Visita amb l&#8217;informador de servei del bus a l&#8217;espai<br \/>\n13:00h: Visita amb l&#8217;informador de servei del bus a la Miralba<br \/>\n17:00 a 20:00h: Xerrada al vendrell<br \/>\nDimarts 12:<br \/>\n09:00h: Visita a diferents barris<br \/>\n10:30h: Visita al mosen<br \/>\n11:30h: Atenci\u00f3 ciutadania<br \/>\n12:00h: Atenci\u00f3 ciutadania<br \/>\n12:30h: Reuni\u00f3 associaci\u00f3 de can gordei amb el responsable informaci\u00f3 del servei de bus<br \/>\nDimecres 13:<br \/>\n09:00h: Atenci\u00f3 ciutadania<br \/>\n10:00h: Gestions telefonicas<br \/>\n12:00h: Reuni\u00f3 amb el grup de dansaires del vendrell i grup sardanista<br \/>\n17:30h: Reuni\u00f3 amb la associaci\u00f3 del priorat amb el responsable de la informaci\u00f3 del servei de bus<br \/>\nDijous 14:<br \/>\n09:00h: Atenci\u00f3 ciutadania<br \/>\n13:00h: Atenci\u00f3 ciutadania<br \/>\n13:30h: Atenci\u00f3 ciutadania<br \/>\n20:00h: Actuaci\u00f3 al C.M.c dintre dels actes del festival eva<br \/>\nDivendres 15:<br \/>\n10:00h: Atemci\u00f3 ciutadania<br \/>\n11:00h: Reuni\u00f3 jutge de pau<br \/>\n12:00h: Gesti\u00f3 telefonica tema priorat<br \/>\n13:00h: Reuni\u00f3 representan musical<br \/>\n17:00h: Reuni\u00f3 al priorat amb la associaci\u00f3 de veins i amb el responsable de la informaci\u00f3 del nou servei de bus<br \/>\n20:00h: Festa barri de la riba<br \/>\nDisabte 16:<br \/>\nFesta barri de la riba<br \/>\nDiumenge 17:<br \/>\n09:00 a 15:00h: Festa 90 aniversari juventut bisbalenca al polideportiu i camp de futbol(mati infables.triangular)<br \/>\n12:00h: Apadrinament del s bous a la pa\u00e7a major fins les tres<br \/>\n15:00h: Dinar al poli,(pista de tenis) continuaci\u00f3 de partits de futbol i entrega de premis a les 13:00h.<\/p>\n<p><strong>Setmana 18 al 24 de juny<\/strong><br \/>\nDilluns 18<br \/>\n09:00h: Atenci\u00f3 ciutadania<br \/>\n12:00h: Atenci\u00f3 ciutadania<br \/>\n18:00h: Gesti\u00f3 representants festes dels barris<br \/>\n19:00h: Ple ordinari<br \/>\nDimarts 19:<br \/>\n09:15h: Atenci\u00f3 ciutadania<br \/>\n10:00h: Reuni\u00f3 feriantes<br \/>\n13:00h: Asistencia consell escolar del vendrell escola d&#8217;aduls con a delegat<br \/>\nDimecres 20::<br \/>\n09:00h: Atenci\u00f3 ciutadania<br \/>\n10:00h: Visita instalacions municipals, piscina<br \/>\n12:00h: Visita instalacions municipals, raco de la gent grand<br \/>\n13:00h: Gesti\u00f3 columbaris<br \/>\n13:30h: Gesti\u00f3 llums solars<br \/>\n17:00h: Atenci\u00f3 ciutadania<br \/>\n18:00h: Reuni\u00f3 amb el servei d&#8217;informaci\u00f3 i inspecci\u00f3<br \/>\nDijous 21:<br \/>\n11:00h: Reuni\u00f3 firaires<br \/>\n13:00h: Junta de govern<br \/>\n19:00h: Asistencia festa de graduaci\u00f3 edels alumnes de 2\u00ba de baxillerat a l&#8217;institut<br \/>\nDivendres 22:<br \/>\n09:00h: Atenci\u00f3 ciutadania<br \/>\n10:00h: Gesti\u00f3 temas cementiri,<br \/>\n11:00h: Reuni\u00f3 amb administrativa tema cementiri<br \/>\n12:00h: Reuni\u00f3 amb gerent d&#8217;empresa llums solsrs<br \/>\nDisabte 23<br \/>\n18:00 a 21:30h: Arribada flama del canigo,lectura manifest,pasacalles amb el grallers i la flama i festa i ballada de sardanes al carrer francesc Macia)<\/p>\n<p><strong>Setmana 25 de juny al 1 de juliol<\/strong><br \/>\nDilluns 25:<br \/>\n09:00h: Atenci\u00f3 ciutadania<br \/>\n11:00h: Reunu\u00f3 amb el jutge de pau<br \/>\n12:00h: Reuni\u00f3 amb l&#8217;informador servei de bus<br \/>\n13:00h: Gesti\u00f3 firaires festa major<br \/>\n17:00h: Gestio al vendrell escola d&#8217;aduls<br \/>\nDimarts 26:<br \/>\n09:00h: Atenci\u00f3 ciutadania<br \/>\n11:00h: Reuni\u00f3 firaires festa major<br \/>\n12:00h: Reuni\u00f3 firaires festa major<br \/>\n14:30h: Reuni\u00f3 amb responsable empresa de iluminaci\u00f3<br \/>\nDimecres 27:<br \/>\n09:00h: Ple extraordinari<br \/>\n10:00h: Reuni\u00f3 amb vei de l&#8217;esplai<br \/>\n11:30h: Atenci\u00f3 ciutadania<br \/>\n12:00h: Reuni\u00f3 associaci\u00f3 de l&#8217;esplai<br \/>\n13:00h: Reuni\u00f3 firaires festes de barri<br \/>\n17:00h: Reuni\u00f3 amb secretari i interventor<br \/>\nDijous 28:<br \/>\n09:30h: Atenci\u00f3 ciutadania<br \/>\n10:00h: Reuni\u00f3 tecnic llums de nadal<br \/>\n11:00h: Reuni\u00f3 amb el regidor d&#8217;economia<br \/>\n12:00h: Atenci\u00f3 ciutadania<br \/>\nDivendres 29:<br \/>\n09:00 a 11:30h: Asistencia acte final de curs a la llar d&#8217;infants<br \/>\n12:00h: Visita piscina municipal amb la regidora de medi ambient<br \/>\n13:00h: Atenci\u00f3 ciutadania<\/p>\n","protected":false},"excerpt":{"rendered":"<p>&nbsp; Agenda de gener a juny de 2018 Setmana 1 al 7 de gener Dimarts 2: 10:00h: Atenci\u00f3 ciutadania 11:30h: Atenci\u00f3 ciutaania Dimecres 3: 10:30h: Atenci\u00f3 ciutadania 11:30h: Atencio ciutadania &hellip; <a href=\"https:\/\/bisbalpenedes.com\/web\/feliu-gil-esteve\/\" class=\"more-link\">Read More<\/a><\/p>\n","protected":false},"author":5,"featured_media":0,"parent":0,"menu_order":0,"comment_status":"closed","ping_status":"closed","template":"","meta":[],"_links":{"self":[{"href":"https:\/\/bisbalpenedes.com\/web\/wp-json\/wp\/v2\/pages\/8676"}],"collection":[{"href":"https:\/\/bisbalpenedes.com\/web\/wp-json\/wp\/v2\/pages"}],"about":[{"href":"https:\/\/bisbalpenedes.com\/web\/wp-json\/wp\/v2\/types\/page"}],"author":[{"embeddable":true,"href":"https:\/\/bisbalpenedes.com\/web\/wp-json\/wp\/v2\/users\/5"}],"replies":[{"embeddable":true,"href":"https:\/\/bisbalpenedes.com\/web\/wp-json\/wp\/v2\/comments?post=8676"}],"version-history":[{"count":9,"href":"https:\/\/bisbalpenedes.com\/web\/wp-json\/wp\/v2\/pages\/8676\/revisions"}],"predecessor-version":[{"id":10177,"href":"https:\/\/bisbalpenedes.com\/web\/wp-json\/wp\/v2\/pages\/8676\/revisions\/10177"}],"wp:attachment":[{"href":"https:\/\/bisbalpenedes.com\/web\/wp-json\/wp\/v2\/media?parent=8676"}],"curies":[{"name":"wp","href":"https:\/\/api.w.org\/{rel}","templated":true}]}}