{"id":8590,"date":"2019-02-01T14:41:51","date_gmt":"2019-02-01T13:41:51","guid":{"rendered":"http:\/\/bisbalpenedes.com\/web\/?page_id=8590"},"modified":"2019-07-17T11:39:09","modified_gmt":"2019-07-17T10:39:09","slug":"agnes-ferre-canellas-2017","status":"publish","type":"page","link":"https:\/\/bisbalpenedes.com\/web\/agnes-ferre-canellas-2017\/","title":{"rendered":"Agn\u00e8s Ferr\u00e9 Ca\u00f1ellas 2017"},"content":{"rendered":"<div data-post-id='3218' class='insert-page insert-page-3218 '><\/div>\n<p>&nbsp;<\/p>\n<p><strong><\/p>\n<p style=\"text-align: left;\">Agenda de setembre a desembre de 2017<\/p>\n<p><\/strong><br \/>\n<strong>Agenda alcaldessa: Setmana 4 al 10 de setembre<\/strong><br \/>\nDilluns 4:<br \/>\n11:00h: atenci\u00f3 a la ciutadania (despatx alcaldia)<br \/>\n12:00h: sorteig entitats per portar la guixeta en el Cicle Gaud\u00ed de cinema (despatx alcaldia)<br \/>\n17:00h: reuni\u00f3 grup de treball equip de govern (despatx alcaldia) amb Maguy Antol\u00edn, Judith Vidal i Dani Caballero<br \/>\n19:00h: reuni\u00f3 amb el Ball de Diables de la Bisbal (despatx alcaldia)<br \/>\nTema: Fira de la Bisbal i explicaci\u00f3 de l\u2019entitat<br \/>\nAssisteixen: junta del Ball de Diables, regidora de cultura, regidora de joventut i regidor de festes<br \/>\nDimarts 5:<br \/>\n10:00h: reuni\u00f3 amb Mossos d\u2019Esquadra (despatx d\u2019alcaldia)<br \/>\nTema: general, reuni\u00f3 de seguiment trimestral<br \/>\nDimecres 6:<br \/>\n10:00h: atenci\u00f3 a la ciutadania (despatx alcaldia)<br \/>\n18:00h: reuni\u00f3 al Consell Comarcal del Baix Pened\u00e8s (sala de plens del CCBP al Vendrell)<br \/>\nTema: convocat\u00f2ria subvencions comarcals del SOC 2017<br \/>\nDijous 7:<br \/>\nTot el dia a la Bisbal de Falset, com a pregonera de la seva Festa Major<br \/>\nRelaci\u00f3 d\u2019obsequis rebuts per ra\u00f3 de la representaci\u00f3 institucional:<br \/>\n&#8211; Obsequi: dues ampolles d\u2019oli de la cooperativa de La Bisbal de Falset<br \/>\n&#8211; En ocasi\u00f3 de: ser la pregonera de la Bisbal de Falset<br \/>\n&#8211; Lliurat per: l\u2019alcalde Sergi Masip<br \/>\nInvitacions a \u00e0pats:<br \/>\n&#8211; En ocasi\u00f3 de: la Festa Major de La Bisbal de Falset<br \/>\n&#8211; Invitaci\u00f3 a: dinar popular<br \/>\n&#8211; A c\u00e0rrec de: l\u2019alcalde de La Bisbal de Falset<br \/>\nDivendres 8:<br \/>\n11:00h: Junta de Govern Local (despatx d\u2019alcaldia)<br \/>\n12:00h: mesa de contractaci\u00f3 de les obres del p\u00e0rquing per busos de l\u2019institut IES Coster la Torre (sala de plens)<br \/>\n12:30h: reuni\u00f3 amb Hife (despatx d\u2019alcaldia)<br \/>\nTema: funcionament servei horari tardor\/hivern<br \/>\nDiumenge 10:<br \/>\n12:00h: diada castellera en motiu de la Diada Nacional de Catalunya<br \/>\nA la pla\u00e7a Sant Jordi<\/p>\n<p><strong>Agenda alcaldessa: Setmana 10 al 17 de setembre<\/strong><br \/>\nDilluns 11:<br \/>\n22:00h: projecci\u00f3 de la pel\u00edcula P\u00e0tria (a l\u2019auditori del CMC)<br \/>\nDimarts 12:<br \/>\n10:00h: segona reuni\u00f3 de la Mesa de contractaci\u00f3 de les obres del p\u00e0rquing per busos de l\u2019institut IES Coster la Torre (sala de plens)<br \/>\nDimecres 13:<br \/>\n10:00h: atenci\u00f3 a la ciutadania, tema pol\u00edgon (despatx alcaldia)<br \/>\n12:00h: atenci\u00f3 a la ciutadania, tema ocupaci\u00f3 (despatx alcaldia)<br \/>\n18:30h: Consorci Universitari del Baix Pened\u00e8s (al Consell Comarcal del Baix Pened\u00e8s)<br \/>\n19:00h: Consell d\u2019alcaldes (al Consell Comarcal del Baix Pened\u00e8s)<br \/>\nDijous 14:<br \/>\n10:00h: atenci\u00f3 a la ciutadania, tema urbanisme (despatx alcaldia)<br \/>\n12:00h: atenci\u00f3 a la ciutadania, tema urbanisme (despatx alcaldia)<br \/>\nDivendres 15:<br \/>\n09:15h: atenci\u00f3 a la ciutadania, tema vivenda (despatx alcaldia)<br \/>\n10:00h: atenci\u00f3 a la ciutadania, tema ocupaci\u00f3 (despatx alcaldia)<br \/>\n11:00h: tercera reuni\u00f3 de la Mesa de contractaci\u00f3 de les obres del p\u00e0rquing per busos de l\u2019institut IES Coster la Torre (sala de plens)<\/p>\n<p><strong>Agenda alcaldessa: Setmana 18 al 24 de setembre<\/strong><br \/>\nDilluns 18:<br \/>\n10:00h: signatura contracte nou enginyer municipal (despatx alcaldia)<br \/>\n11:00h: \u00faltima reuni\u00f3 de la Mesa de contractaci\u00f3 de les obres del p\u00e0rquing per busos de l\u2019institut IES Coster la Torre (sala de plens)<br \/>\n12:00h: reuni\u00f3 grup de l\u2019equip de govern (despatx alcaldia)<br \/>\n19:00h: Ple ordinari (sala de Plens)<br \/>\nDimecres 20:<br \/>\n10:00h: atenci\u00f3 a la ciutadania, tema impostos (despatx alcaldia)<br \/>\n18:30h: atenci\u00f3 a la ciutadania, tema llic\u00e8ncia activitat (despatx alcaldia)<br \/>\n20:30h: Junta de Govern al Consell Comarcal del Baix Pened\u00e8s<br \/>\nDivendres 20:<br \/>\n10:00h: atenci\u00f3 a la ciutadania, tema urbanisme (despatx alcaldia)<br \/>\n13:00h: reuni\u00f3 ensenyament, nou projecte (despatx alcaldia)<br \/>\nDissabte 23:<br \/>\n18:00h: oficiar casament a Can Gordei<br \/>\nDiumenge 24:<br \/>\n19:00h: projecci\u00f3 pel\u00edcula \u201cIncerta Gl\u00f2ria\u201d dins el cicle cinema Gaud\u00ed (auditori CMC)<\/p>\n<p><strong>Agenda alcaldessa: Setmana 25 de setembre a 1 d&#8217;octubre<\/strong><br \/>\nDilluns 25:<br \/>\n10:00h Atenci\u00f3 ciutadania, impostos (despatx alcaldia)<br \/>\n20:00h recepci\u00f3 al primer equip de Joventut Bisbalenca CF per pujar de categoria (sala de plens)<br \/>\nDimarts 26:<br \/>\n09:15h reuni\u00f3 amb la t\u00e8cnica del Consorci Normalitzaci\u00f3 Ling\u00fc\u00edstica del Consell Comarcal (despatx alcaldia)<br \/>\n11:30h Atenci\u00f3 ciutadania, llic\u00e8ncia activitat (despatx alcaldia)<br \/>\nDimecres 27:<br \/>\n09:00h acompanyant l\u2019alcaldessa de Cunit a declarar a fiscalia per la signatura del Decret de suport pol\u00edtic al Refer\u00e8ndum (Tarragona)<br \/>\n11:00h Signatura contracte amb UTE Antonio P\u00e0mies, Josep Angl\u00e8s i Albert P\u00e0mies, per la redacci\u00f3 del projecte de rehabilitaci\u00f3 del Poliesportiu Municipal (despatx alcaldia)<br \/>\n17:00h reuni\u00f3 grup de treball de l\u2019equip de govern (despatx alcaldia)<br \/>\n18:30h Ple al Consell Comarcal del Baix Pened\u00e8s (El Vendrell)<br \/>\n20:00h Junta de Govern del Consell Comarcal del Baix Pened\u00e8s (El Vendrell)<br \/>\nDijous 28:<br \/>\n09:15h Atenci\u00f3 a la ciutadania, subvenci\u00f3 entitat (despatx alcaldia)<br \/>\n11:00h Comissi\u00f3 seguiment del servei de subministrament d\u2019aigua i clavagueram<br \/>\nDivendres 29:<br \/>\n17:15h acte inici celebraci\u00f3 centenari Cellers Domenys (Sant Jaume dels Domenys)<br \/>\n19:00h Lliurament premis al m\u00e8rit escolar a alumnes de 6\u00e8 prim\u00e0ria, 4rt d\u2019ESO i 2n batxillerat del curs 2016\/17 (Auditori del Centre Municipal de Cultura)<br \/>\nDissabte 30:<br \/>\n12:30h Trobada d\u2019Associacions de Gent Gran a Bonastre, acompanyant a l\u2019Associaci\u00f3 de Gent Gran de la Bisbal del Pened\u00e8s (Bonastre)<br \/>\nInvitacions a \u00e0pats: Paella d\u2019arr\u00f2s en ocasi\u00f3 de la Trobada<br \/>\n18:00h Contacontes davant l\u2019escola de prim\u00e0ria, organitzat per la regidoria de cultura<br \/>\n20:30h Correfoc amb el Ball de Diables de la Bisbal i tres colles m\u00e9s en motiu de la Fira de la Bisbal, organitzat per la regidoria de festes<br \/>\nDiumenge 1:<br \/>\nActivitats durant tot el dia per la Fira a La Bisbal<\/p>\n<p><strong>Agenda alcaldessa: Setmana 16 al 22 d&#8217;octubre<\/strong><br \/>\nDilluns 16:<br \/>\n10:30h: Reuni\u00f3 amb Novacelona, empresa encarregada de revisar els expedients urban\u00edstics del 2010 al 2015 pendents de tancament (despatx alcaldia)<br \/>\nDimarts 17:<br \/>\n10:00h: Atenci\u00f3 a la ciutadania, servei transport urb\u00e0 (despatx alcaldia)<br \/>\n10:30h: Atenci\u00f3 a la ciutadania, servei transport urb\u00e0 i comarcal (despatx alcaldia)<br \/>\n11:00h: Atenci\u00f3 a la ciutadania, llic\u00e8ncia activitats (despatx alcaldia)<br \/>\n11:30h: Atenci\u00f3 a la ciutadania, servei abastament aigua (despatx alcaldia)<br \/>\n12:00h: Concentraci\u00f3 davant l\u2019Ajuntament i lectura del manifest pel rebuig a l\u2019empresonament dels presidents d\u2019\u00d2mnium Cultural i ANC<br \/>\n12:30h: Reuni\u00f3 amb cap de premsa municipal (despatx alcaldia)<br \/>\n17:00h: Reuni\u00f3 amb empresa del pol\u00edgon, tema obres (despatx alcaldia)<br \/>\nDimecres 18:<br \/>\n11:00h: Reuni\u00f3 amb empresa per explicar nova proposta mobilitat (despatx alcaldia)<br \/>\n13:00h: Reuni\u00f3 grup de treball de l\u2019equip de govern (despatx alcaldia)<br \/>\n14:00h: Reuni\u00f3 amb t\u00e8cnica d\u2019ocupaci\u00f3 municipal (despatx alcaldia)<br \/>\n20:00h: Consell d\u2019alcaldes al Consell Comarcal del Baix Pened\u00e8s (El Vendrell)<br \/>\nDijous 19:<br \/>\n11:00h: Junta de Govern Local (despatx alcaldia)<br \/>\n13:00h: Reuni\u00f3 amb la t\u00e8cnica d\u2019ocupaci\u00f3 municipal (despatx alcaldia)<br \/>\nDivendres 20:<br \/>\n09:30h: Atenci\u00f3 a la ciutadania, servei aigua (despatx alcaldia)<br \/>\n10:00h: Reuni\u00f3 amb Quid Comunicaci\u00f3 per la preparaci\u00f3 de la revista municipal Torre de Guaita octubre-novembre (despatx alcaldia)<br \/>\n12:00h: Celebraci\u00f3 casament civil (sala de Plens)<br \/>\n20:00h: Reuni\u00f3 amb les associacions de ve\u00efns i grups de ve\u00efns dels barris de la Bisbal, a l\u2019auditori del CMC<br \/>\nConvocada pel regidor de barris<br \/>\nTema: creaci\u00f3 Comissi\u00f3 de barris<\/p>\n<p><strong>Agenda alcaldessa: Setmana 23 al 29 d&#8217;octubre<\/strong><br \/>\nDilluns 23:<br \/>\n11:30h: Atenci\u00f3 a la ciutadania, servei recollida escombraries(despatx alcaldia)<br \/>\n12:00h: Reuni\u00f3 d\u2019urg\u00e8ncia amb Aqualia pels talls d\u2019aigua del cap de setmana (despatx d\u2019alcaldia)<br \/>\nDimarts 24:<br \/>\n10:00h: Presentaci\u00f3 projecte cultural i hist\u00f2ric iniciat per un bisbalenc(despatx alcaldia)<br \/>\n12:00h: Atenci\u00f3 a la ciutadania, pol\u00edgon industrial (despatx alcaldia)<br \/>\n12:30h: Reuni\u00f3 grup de treball de l\u2019equip de govern (despatx alcaldia)<br \/>\nDimecres 25:<br \/>\n11:00h: Junta de Govern extraordin\u00e0ria(despatx alcaldia)<br \/>\n17:00h: Signatura conveni 2017 amb l\u2019ADF (despatx alcaldia)<br \/>\n18:00h: Ple extraordinari i urgent (sala de plens)<br \/>\n20:30h: Junta de Govern al Consell Comarcal del Baix Pened\u00e8s (El Vendrell)<br \/>\n21:00h: Ple extraordinari i urgent al Consell Comarcal del Baix Pened\u00e8s (El Vendrell)<br \/>\nDijous 26:<br \/>\n09:15h: Signatura convenis amb l\u2019escola Ull de Vent per la subvenci\u00f3 pel curs 2017\/18 i per la cessi\u00f3 d\u2019aules per l\u2019escola d\u2019idiomes (despatx d\u2019alcaldia)<br \/>\n11:00h: Comissi\u00f3 de seguiment amb Aqualia (despatx alcaldia)<br \/>\n14:00h: Reuni\u00f3 amb la t\u00e8cnica d\u2019ocupaci\u00f3 (despatx alcaldia)<br \/>\nDivendres 27:<br \/>\nAssist\u00e8ncia al Parlament de Catalunya durant el Ple del Parlament<br \/>\nDissabte 28:<br \/>\n09:30h: Esmorzar i inauguraci\u00f3 de la Fira Artesana i Festival Clownic a Torrelles de Foix<br \/>\nInvitacions a \u00e0pats:<br \/>\n-En ocasi\u00f3 de: Fira Artesana i Festival Clownic<br \/>\n-Invitaci\u00f3 a: esmorzar amb la Presidenta de la Diputaci\u00f3 de Barcelona, alcalde de Torrelles de Foix i alcaldes i alcaldesses del Pened\u00e8s i Garraf<br \/>\n-A c\u00e0rrec de: l\u2019alcalde de Torrelles de Foix<\/p>\n<p>17:45h: Segon acte de commemmoraci\u00f3 del centenari de Cellers Domenys a Sant Jaume dels Domenys: projecci\u00f3 documental, confer\u00e8ncia i pica-pica<br \/>\nInvitacions a \u00e0pats:<br \/>\n-En ocasi\u00f3 de: Centenari Cellers Domenys<br \/>\n-Invitaci\u00f3 a: pica-pica<br \/>\n-A c\u00e0rrec de: Cellers Domenys<br \/>\nDiumenge 29:<br \/>\n19:00h: Sssist\u00e8ncia al cicle Gaud\u00ed de cinema en catal\u00e0, al CMC, amb la projecci\u00f3 de la pel\u2022l\u00edcula \u201cEstiu del 1993\u201d<\/p>\n<p><strong>Agenda alcaldessa: Setmana 30 d&#8217;octubre al 5 de novembre<\/strong><br \/>\nDilluns 30:<br \/>\n11:00h: Atenci\u00f3 a la ciutadania, tema ocupaci\u00f3(despatx alcaldia)<br \/>\n11:30h: Atenci\u00f3 a la ciutadania,tema de revisi\u00f3 cadastral (despatx d\u2019alcaldia)<br \/>\nDimarts 31:<br \/>\n16:00h: SCstanyada a l\u2019escola Ull de Vent<br \/>\nDijous 2:<br \/>\n11:00h: Junta de Govern local(despatx alcaldia)<br \/>\n12:00h: reuni\u00f3 amb Limonium pel pressupost participatiu 2018 (despatx alcaldia)<br \/>\n18:00h: Ple extraordinari i urgent (sala de plens)<br \/>\nDivendres 3:<br \/>\n12:00h: celebraci\u00f3 casament civil(sala de plens)<\/p>\n<p><strong>Agenda alcaldessa: Setmana 13 al 19 de novembre<\/strong><br \/>\nDilluns 13:<br \/>\n11:00h: Atenci\u00f3 a la ciutadania, tema ocupaci\u00f3(despatx alcaldia)<br \/>\n12:00h: reuni\u00f3 grup de treball de l\u2019equip de govern (despatx d\u2019alcaldia)<br \/>\nDimarts 14:<br \/>\n09:15h: Reuni\u00f3 amb la regidora de cultura i la t\u00e8cnica del Consorci de Normalitzaci\u00f3 Ling\u00fc\u00edstica de la comarca (Sra. Montse Espar), per crear un club de lectura b\u00e0sic el 2018 (despatx alcaldia)<br \/>\n13:00h: Signatura conveni (aprovat per Junta Govern del 2 novembre) amb el Sr. Joan Llort, secretari general de la UGT de Tarragona, per formaci\u00f3 ocupacional (despatx alcaldia)<br \/>\n16:30h: Reuni\u00f3 amb cap de premsa de l\u2019Ajuntament i cap de premsa d\u2019Aqualia per la gesti\u00f3 de la comunicaci\u00f3 d\u2019incid\u00e8ncia i actuacions (despatx alcaldia)<br \/>\n17:30h: Atenci\u00f3 a la ciutadania, pol\u00edgon industrial (despatx alcaldia)<br \/>\nDimecres 15:<br \/>\n19:30h: Junta general del Consorci Universitari del Baix Pened\u00e8s (CUBP), al Consell Comarcal del Baix Pened\u00e8s (CCBP al Vendrell)<br \/>\n20:00h: Consell d\u2019Alcaldes del CCBP (El Vendrell)<br \/>\nDijous 16:<br \/>\n11:00h: Reuni\u00f3 equip de govern pels pressupostos 2018 (despatx alcaldia)<br \/>\n20:00h: Reuni\u00f3 amb l\u2019antiga Associaci\u00f3 dels 3 Tombs de La Bisbal (despatx d\u2019alcaldia)<br \/>\nDivendres 3:<br \/>\n10:00h: Cloenda curs del primer grup del curs de formaci\u00f3 ocupacional (conveni UGT), amb la Sra. Mar V\u00e1zquez (UGT del Baix Pened\u00e8s) (biblioteca del CMC)<br \/>\n13:00h: Celebraci\u00f3 casament civil (sala de Plens)<br \/>\n19:00h: Inauguraci\u00f3 exposici\u00f3 \u2018Vinyes i paisatges d\u2019arreu del m\u00f3n\u2019 al CMC,a c\u00e0rrec de l\u2019autor sahrau\u00ed Mohamed Mohamed-Salem<br \/>\n21:30h: Invitacions a \u00e0pats:<br \/>\n-En ocasi\u00f3 de: sopar de cloenda de la temporada dels Nens del Vendrell, al restaurant Xaloquell<br \/>\nDissabte 18:<br \/>\n18:00h: Reuni\u00f3 de la Federaci\u00f3 Catalana dels Tres Tombs, per la Trobada Nacional de la Federaci\u00f3 dels Tres Tombs pel 2018 (Masia d\u2019en Frederic a Vilanova i la Geltr\u00fa)<br \/>\nDiumenge 19:<br \/>\n08:30h: Participaci\u00f3 en la 32na Caminada Popular organitzada per La Societat de La Bisbal<br \/>\n19:00h: Excursi\u00f3 amb l\u2019Associaci\u00f3 de Dones la Roca Foradada al teatre a Barcelona<\/p>\n<p><strong>Agenda alcaldessa: Setmana 20 al 26 de novembre<\/strong><br \/>\nDilluns 20:<br \/>\n09:30h: Reuni\u00f3 amb el Sr. Xavier Hormigos, cap dels serveis de transport p\u00fablic de la Generalitat a Tarragona, servei comarcal de bus(despatx alcaldia)<br \/>\n19:00h: Xerrada de la Marat\u00f3 a la biblioteca (Biblioteca municipal)<br \/>\nDimarts 21:<br \/>\n11:00h: Reuni\u00f3 de seguiment amb els Mossos d\u2019Esquadra (despatx alcaldia)<br \/>\n12:00h: Reuni\u00f3 amb l\u2019Associaci\u00f3 de ve\u00efns del Priorat per la presentaci\u00f3 de la nova junta (despatx alcaldia)<br \/>\nDimecres 22:<br \/>\n10:30h: Reuni\u00f3 amb el Sr. Llorca de BASE Gesti\u00f3 d\u2019Ingressos, tema recaptaci\u00f3 (despatx alcaldia)<br \/>\n19:30h: Reuni\u00f3 amb la Colla Castellera els Bous (despatx alcaldia)<br \/>\nDijous 23:<br \/>\n09:30h: Junta de Govern Local (despatx alcaldia)<br \/>\n11:30h: Reuni\u00f3 planejament urban\u00edstic (despatx alcaldia)<br \/>\n20:30h: Ple extraordinari (sala de Plens)<br \/>\nDivendres 24:<br \/>\n10:00h: Atenci\u00f3 a la ciutadania, parcel\u2022les Miralba (despatx d\u2019alcaldia)<br \/>\n12:00h: Celebraci\u00f3 casament civil (sala de Plens)<br \/>\nDissabte 25:<br \/>\n17:00h: Contacontes (Biblioteca municipal)<br \/>\n18:00h: Xerrada de Som Energia (auditori del CMC)<br \/>\nDiumenge 26:<br \/>\n14:00h: Dinar a l\u2019arrossada popular organitzada pels Esventats (Pla\u00e7a Pau Casals)<br \/>\n18:00h: Assist\u00e8ncia a la projecci\u00f3 de la pel\u2022l\u00edcula \u201cBrava\u201d dins el Cicle Gaud\u00ed de Cinema en Catal\u00e0 (Auditori CMC)<\/p>\n<p><strong>Agenda alcaldessa: Setmana 27 de novembre al 3 de desembre<\/strong><br \/>\nDilluns 27:<br \/>\n11:00h: Reuni\u00f3 de grup de treball pel tema dels pressupostos (despatx alcaldia)<br \/>\nDimecres 29:<br \/>\n20:00h: Ple extraordinari al Consell Comarcal (Vendrell)<br \/>\n20:30h: Junta de Govern al Consell Comarcal (Vendrell)<br \/>\nDijous 30:<br \/>\n13:30h: Reuni\u00f3 amb la persona que contractem a trav\u00e9s del programa de Garantia Juvenil (despatx alcaldia)<br \/>\n18:30h: Assist\u00e8ncia a l\u2019acte de presentaci\u00f3 del Calendari Social de Mas Alborn\u00e0 2018: \u201cPortem el Pened\u00e8s al cor\u201d (Vilafranca del Pened\u00e8s)<br \/>\nDivendres 1:<br \/>\n11:00h: Reuni\u00f3 amb empresa de fibra \u00f2ptica per implantaci\u00f3 al municipi (despatx d\u2019alcaldia)<br \/>\n14:00h: Ple extraordinari (sala de Plens)<br \/>\n17:00h: Trobada volunt\u00e0ries i usuaris del servei Bon Dia (Resid\u00e8ncia El Colomer)<br \/>\nDissabte 2:<br \/>\n21:30h: Invitacions a \u00e0pats:<br \/>\n-En ocasi\u00f3 de: sopar final de temporada 2017 de la Colla Castellera els Bous<br \/>\n-Invitaci\u00f3 a: sopar<br \/>\n-A c\u00e0rrec de: Colla Castellera els Bous<\/p>\n<p><strong>Agenda alcaldessa: Setmana 4 al 10 de desembre<\/strong><br \/>\nDilluns 4:<br \/>\n12:00h: Visita i reuni\u00f3 amb el Sr. Robert Casadevall, professor de planejament territorial i urban\u00edstic de la Facultat de turisme i geografia de la Universitat Rovira i Virgili, i 7 alumnes (despatx alcaldia)<br \/>\nRelaci\u00f3 d\u2019obsequis rebuts per ra\u00f3 de la representaci\u00f3 institucional:<br \/>\n-Obsequi: Quadre de l\u2019exposici\u00f3 de pintures \u201cVinyes i paisatges d\u2019arreu del m\u00f3n\u201d<br \/>\n-En ocasi\u00f3 de: exposici\u00f3 al Centre Municipal de Cultura<br \/>\n-Lliurat per: l\u2019artista Mohamed Mohamed-Salem<br \/>\n-Quadre col\u2022locat al despatx d\u2019alcaldia<br \/>\nDimarts 5:<br \/>\n09:00h: Reuni\u00f3 temes ocupaci\u00f3 amb SOM Bisbal i Fundaci\u00f3 Santa Teresa (despatx d\u2019alcaldia)<br \/>\nRelaci\u00f3 d\u2019obsequis rebuts per ra\u00f3 de la representaci\u00f3 institucional:<br \/>\n-Obsequi: flor de Nadal i capsa de bombons<br \/>\n-En ocasi\u00f3 de: festes nadalenques<br \/>\n-Lliurat per: Cespa<br \/>\n-Al despatx d\u2019alcaldia<br \/>\nDimecres 6:<br \/>\n18:30h: Assist\u00e8ncia al Concert de Tardor a l\u2019esgl\u00e9sia de Santa Maria, a c\u00e0rrec del Grup Psallite, organitzat per l\u2019Associaci\u00f3 Cors Antistiana<br \/>\nDijous 7:<br \/>\n11:00h: Junta de Govern (despatx alcaldia)<\/p>\n<p><strong>Agenda alcaldessa: Setmana 11 al 17 de desembre<\/strong><br \/>\nDilluns 11:<br \/>\n15:30h: Reuni\u00f3 pol\u00edgon Bisbal, tema conveni increment pot\u00e8ncia el\u00e8ctrica (despatx alcaldia)<br \/>\nDimecres 13:<br \/>\n11:00h: Reuni\u00f3 obra conveni increment pot\u00e8ncia el\u00e8ctrica, amb representants de Fecsa-Endesa, els promotors dels diferents pol\u00edgons signants del conveni i el Departament d\u2019empresa i ind\u00fastria de la Generalitat de Catalunya (despatx d\u2019alcaldia)<br \/>\n20:00h: Ple ordinari al Consell Comarcal del Baix Pened\u00e8s (El Vendrell)<br \/>\nDijous 14:<br \/>\n11:00h: Comissi\u00f3 de seguiment de la gesti\u00f3 del servei de la xarxa d\u2019aigua, amb Aqualia (despatx alcaldia)<br \/>\nDivendres 15:<br \/>\n10:30h: Atenci\u00f3 a la ciutadania, serveis socials (despatx alcaldia)<br \/>\n18:00h: Reuni\u00f3 a urbanisme de la Generalitat a Barcelona, tema planejament del municipi<br \/>\n21:30h: Sopar de Nadal dels treballadors i treballadores de l\u2019Ajuntament de La Bisbal (Calafell)<br \/>\nDissabte 16:<br \/>\n13:30h: Participaci\u00f3 a la cloenda de la VII Jornada Solid\u00e0ria de la Marat\u00f3, del Consell Esportiu del Baix Pened\u00e8s (Complex Club Tennis Vendrell)<br \/>\n18:00h: Inauguraci\u00f3 del bar del local social de Can Gordei, canvi dels qui porten el bar (Can Gordei)<br \/>\n21:30h: Sopar de Nadal de l\u2019Associaci\u00f3 de Dones la Roca Foradada (Restaurant Ull de Llebre)<br \/>\nDiumenge 17:<br \/>\n12:00h a 14:00h: La Bisbal amb la Marat\u00f3 de TV3, amb participaci\u00f3 de les entitats bisbalenques (escola Ull de Vent)<\/p>\n<p><strong>Agenda alcaldessa: Setmana 18 al 24 de desembre<\/strong><br \/>\nDilluns 18:<br \/>\n10:00h: Celebraci\u00f3 casament civil a la sala de Plens<br \/>\n11:00h: Reuni\u00f3 amb P\u00e0mies arquitectes, pel projecte b\u00e0sic de les obres de remodelaci\u00f3 del Poliesportiu Municipal (despatx d\u2019alcaldia)<br \/>\n19:00h: Ple ordinari (sala de Plens)<br \/>\nDimarts 19:<br \/>\n09:30h: Reuni\u00f3 infraestructura increment pot\u00e8ncia el\u00e8ctrica amb l\u2019Ajuntament de Banyeres del Pened\u00e8s, representants de Fecsa-Endesa, els promotors dels diferents pol\u00edgons signants del conveni i el Departament d\u2019empresa i ind\u00fastria de la Generalitat de Catalunya (Ajuntament de Banyeres del Pened\u00e8s)<br \/>\n19:00h: Audici\u00f3 de Nadal de l\u2019Escola Municipal de M\u00fasica (Auditori Salb\u00e0 del CMC)<br \/>\nDimecres 20:<br \/>\n12:00h: Obertura sobres projecte adequaci\u00f3 quadres de llum de Can Gordei i Esplai (despatx alcaldia)<br \/>\n19:00h: Consell d\u2019alcaldes al Consell Comarcal (El Vendrell)<br \/>\n20:30h: Junta de Govern del Consell Comarcal<br \/>\nDijous 21:<br \/>\nEleccions al Parlament de Catalunya<br \/>\nDivendres 22:<br \/>\nMat\u00ed cantada de nadales de l\u2019Escola Ull de Vent (sala de La Societat)<br \/>\nDissabte 23:<br \/>\n17:30h: Presentaci\u00f3 nova junta de la Asociaci\u00f3n de vecinos y amigos del Priorato (Local social del Priorat)<br \/>\n19:00h: Cicle Gaud\u00ed de Cinema en catal\u00e0, amb la pel\u2022l\u00edcula \u201cSabates grosses\u201d (auditori Salb\u00e0 del CMC)<\/p>\n<p><strong>Agenda alcaldessa: Setmana 25 al 31 de desembre<\/strong><br \/>\nDilluns 25, dia de Nadal:<br \/>\n12:00h: Assist\u00e8ncia a la representaci\u00f3 de l\u2019evangeli del dia de Nadal a l\u2019esgl\u00e9sia, a c\u00e0rrec dels grups de catequesi de la parr\u00f2quia (esgl\u00e9sia de Santa Maria de La Bisbal del Pened\u00e8s)<br \/>\n22:00h: Assist\u00e8ncia a la representaci\u00f3 de l\u2019obra de teatre \u201cEl m\u00e8tode Gr\u00f6nholm\u201d a c\u00e0rrec de l\u2019elenc teatral de la Societat (sala de la Societat)<br \/>\nDimecres 27:<br \/>\n10:00h: Reuni\u00f3 cap de premsa (despatx d\u2019alcaldia)<br \/>\n17:00h: Assist\u00e8ncia a les activitats de biblioteca de la setmana de Nadal, amb l\u2019activitat de fer la carta als Reis i contacontes (Biblioteca municipal)<br \/>\nDijous 28:<br \/>\n11:00h: Junta de Govern Local (despatx alcaldia)<br \/>\n13:00h: Reuni\u00f3 a l\u2019empresa GCR del pol\u00edgon industrial, temes varis de l\u2019empresa (pol\u00edgon Les Planes)<br \/>\nDivendres 29:<br \/>\n10:00h: Atenci\u00f3 a la ciutadania, fibra \u00f2ptica (despatx alcaldia)<br \/>\nDiumenge 31:<br \/>\n11:00h a 14:00h: Arribada del Patge a la Bisbal i jocs de fusta (Pla\u00e7a Pau Casals)<\/p>\n","protected":false},"excerpt":{"rendered":"<p>&nbsp; Agenda de setembre a desembre de 2017 Agenda alcaldessa: Setmana 4 al 10 de setembre Dilluns 4: 11:00h: atenci\u00f3 a la ciutadania (despatx alcaldia) 12:00h: sorteig entitats per portar &hellip; <a href=\"https:\/\/bisbalpenedes.com\/web\/agnes-ferre\/\" class=\"more-link\">Read More<\/a><\/p>\n","protected":false},"author":5,"featured_media":0,"parent":0,"menu_order":0,"comment_status":"closed","ping_status":"closed","template":"","meta":[],"_links":{"self":[{"href":"https:\/\/bisbalpenedes.com\/web\/wp-json\/wp\/v2\/pages\/8590"}],"collection":[{"href":"https:\/\/bisbalpenedes.com\/web\/wp-json\/wp\/v2\/pages"}],"about":[{"href":"https:\/\/bisbalpenedes.com\/web\/wp-json\/wp\/v2\/types\/page"}],"author":[{"embeddable":true,"href":"https:\/\/bisbalpenedes.com\/web\/wp-json\/wp\/v2\/users\/5"}],"replies":[{"embeddable":true,"href":"https:\/\/bisbalpenedes.com\/web\/wp-json\/wp\/v2\/comments?post=8590"}],"version-history":[{"count":16,"href":"https:\/\/bisbalpenedes.com\/web\/wp-json\/wp\/v2\/pages\/8590\/revisions"}],"predecessor-version":[{"id":27047,"href":"https:\/\/bisbalpenedes.com\/web\/wp-json\/wp\/v2\/pages\/8590\/revisions\/27047"}],"wp:attachment":[{"href":"https:\/\/bisbalpenedes.com\/web\/wp-json\/wp\/v2\/media?parent=8590"}],"curies":[{"name":"wp","href":"https:\/\/api.w.org\/{rel}","templated":true}]}}