{"id":8439,"date":"2019-01-22T11:24:02","date_gmt":"2019-01-22T10:24:02","guid":{"rendered":"http:\/\/bisbalpenedes.com\/web\/?page_id=8439"},"modified":"2019-07-19T12:11:37","modified_gmt":"2019-07-19T11:11:37","slug":"leo-uceda-martin-2019-1r-semestre","status":"publish","type":"page","link":"https:\/\/bisbalpenedes.com\/web\/leo-uceda-martin-2019-1r-semestre\/","title":{"rendered":"Leo Uceda Mart\u00edn 2019 &#8211; 1r Semestre"},"content":{"rendered":"<div data-post-id='3403' class='insert-page insert-page-3403 '><p><img loading=\"lazy\" class=\"alignright size-thumbnail wp-image-1234\" src=\"http:\/\/bisbalpenedes.com\/web\/wp-content\/uploads\/2017\/09\/Leonor2019-300x225.jpg\" alt=\"aLeo\" width=\"150\" height=\"150\" \/><\/p>\n<p><strong>Agenda Leo Uceda Mart\u00edn. PDeCAT<\/strong><br \/>\nRegidora d\u2019Esports, d&#8217;Ensenyament, Movilitat i V\u00eda P\u00fablica, Medi Ambient, Protecci\u00f3 Animal i d\u2019Enllumenat i del Servei d\u2019abastament d\u2019aigua potable i clavegueram. <em>leo@bisbalpenedes.com<\/em><\/p>\n<p><a href=\"https:\/\/bisbalpenedes.com\/web\/wp-content\/uploads\/2023\/07\/AGENDA-LEO-UCEDA-MAIG-2023.pdf\" target=\"_blank\" rel=\"noopener\">| AGENDA MAIG 2023 |<\/a><\/p>\n<p><a href=\"https:\/\/bisbalpenedes.com\/web\/wp-content\/uploads\/2023\/07\/AGENDA-LEO-UCEDA-ABRIL-2023.pdf\" target=\"_blank\" rel=\"noopener\">| AGENDA ABRIL 2023 |<\/a><\/p>\n<p><a href=\"https:\/\/bisbalpenedes.com\/web\/wp-content\/uploads\/2023\/07\/AGENDA-LEO-UCEDA-MARC-2023.pdf\" target=\"_blank\" rel=\"noopener\">| AGENDA MAR\u00c7 2023 |<\/a><\/p>\n<p><a href=\"https:\/\/bisbalpenedes.com\/web\/wp-content\/uploads\/2023\/07\/AGENDA-LEO-UCEDA-FEBRER-2023.pdf\" target=\"_blank\" rel=\"noopener\">| AGENDA FEBRER 2023 |<\/a><\/p>\n<p><a href=\"https:\/\/bisbalpenedes.com\/web\/wp-content\/uploads\/2023\/07\/AGENDA-LEO-UCEDA-GENER-2023.pdf\" target=\"_blank\" rel=\"noopener\">| AGENDA GENER 2023 |<\/a><\/p>\n<p><a href=\"https:\/\/bisbalpenedes.com\/web\/wp-content\/uploads\/2023\/07\/AGENDA-LEO-UCEDA-DESEMBRE-2022.pdf\" target=\"_blank\" rel=\"noopener\">| AGENDA DESEMBRE 2022 |<\/a><\/p>\n<p><a href=\"https:\/\/bisbalpenedes.com\/web\/wp-content\/uploads\/2023\/07\/AGENDA-LEO-UCEDA-NOVEMBRE-2022.pdf\" target=\"_blank\" rel=\"noopener\">| AGENDA NOVEMBRE 2022 |<\/a><\/p>\n<p><a href=\"https:\/\/bisbalpenedes.com\/web\/wp-content\/uploads\/2022\/11\/Agenda-Leo-Setembre-1-30.pdf\" target=\"_blank\" rel=\"noopener\">| AGENDA SETEMBRE 2022 |<\/a><\/p>\n<p><a href=\"https:\/\/bisbalpenedes.com\/web\/wp-content\/uploads\/2022\/11\/Agenda-Leo-Agost-1-31.pdf\" target=\"_blank\" rel=\"noopener\">| AGENDA AGOST 2022 |<\/a><\/p>\n<p><a href=\"https:\/\/bisbalpenedes.com\/web\/wp-content\/uploads\/2022\/11\/Agenda-Juliol-1-31.pdf\" target=\"_blank\" rel=\"noopener\">| AGENDA JULIOL 2022 |<\/a><\/p>\n<p><a href=\"https:\/\/bisbalpenedes.com\/web\/wp-content\/uploads\/2022\/11\/Agenda-Juny-1-30.pdf\" target=\"_blank\" rel=\"noopener\">| AGENDA JUNY 2022 |<\/a><\/p>\n<p><a href=\"https:\/\/bisbalpenedes.com\/web\/wp-content\/uploads\/2022\/11\/Agenda-Maig-1-30.pdf\" target=\"_blank\" rel=\"noopener\">| AGENDA MAIG 2022 |<\/a><\/p>\n<p><a href=\"https:\/\/bisbalpenedes.com\/web\/wp-content\/uploads\/2022\/11\/Agenda-Abril-1-29.pdf\" target=\"_blank\" rel=\"noopener\">| AGENDA ABRIL 2022 |<\/a><\/p>\n<p><a href=\"https:\/\/bisbalpenedes.com\/web\/wp-content\/uploads\/2022\/11\/Agenda-Marc-1-31.pdf\" target=\"_blank\" rel=\"noopener\">| AGENDA MAR\u00c7 2022 |<\/a><\/p>\n<p><a href=\"https:\/\/bisbalpenedes.com\/web\/wp-content\/uploads\/2022\/11\/Agenda-Leo-Febrer-1-28.pdf\" target=\"_blank\" rel=\"noopener\">| AGENDA FEBRER 2022 |<\/a><\/p>\n<p>&lt;style=&#8221;text-align: left;&#8221;=&#8221;&#8221;&gt;<a href=\"https:\/\/bisbalpenedes.com\/web\/leo-uceda-martin-2022-1r-semestre\/\">| AGENDA 2022 &#8211; 1r Semestre<\/a><\/p>\n<p style=\"text-align: left;\">&lt;style=&#8221;text-align: left;&#8221;=&#8221;&#8221;&gt;<a href=\"http:\/\/bisbalpenedes.com\/web\/leo-uceda-martin-2021-1r-semestre\/\">| AGENDA 2021 &#8211; 1r Semestre <\/a><a href=\"http:\/\/bisbalpenedes.com\/web\/leo-uceda-martin-2021-2n-semestre\/\">| AGENDA 2021 &#8211; 2n Semestre <\/a>&lt;\/style=&#8221;text-align:&gt;<\/p>\n<p style=\"text-align: left;\">&lt;style=&#8221;text-align: left;&#8221;=&#8221;&#8221;&gt;<a href=\"http:\/\/bisbalpenedes.com\/web\/leo-uceda-martin-2020-1r-semestre\/\">| AGENDA 2020 &#8211; 1r Semestre <\/a><a href=\"http:\/\/bisbalpenedes.com\/web\/leo-uceda-martin-2020-2n-semestre\/\">| AGENDA 2020 &#8211; 2n Semestre <\/a>&lt;\/style=&#8221;text-align:&gt;<\/p>\n<p style=\"text-align: left;\">&lt;style=&#8221;text-align: left;&#8221;=&#8221;&#8221;&gt;<a href=\"http:\/\/bisbalpenedes.com\/web\/leo-uceda-martin-2019-1r-semestre\/\">| AGENDA 2019 &#8211; 1r Semestre <\/a><a href=\"http:\/\/bisbalpenedes.com\/web\/leo-uceda-martin-2019-2n-semestre\/\">| AGENDA 2019 &#8211; 2n Semestre <\/a>&lt;\/style=&#8221;text-align:&gt;<\/p>\n<p style=\"text-align: left;\"><a href=\"http:\/\/bisbalpenedes.com\/web\/leo-uceda-martin-2018-1r-semestre\/\">| AGENDA 2018 &#8211; 1r Semestre <\/a><a href=\"http:\/\/bisbalpenedes.com\/web\/leo-uceda-martin-2018-2n-semestre\/\">| AGENDA 2018 &#8211; 2n Semestre <\/a><\/p>\n<p style=\"text-align: left;\"><a href=\"http:\/\/bisbalpenedes.com\/web\/leo-uceda-martin-2017\">| AGENDA 2017<\/a><\/p>\n<\/div>\n<p>&nbsp;<\/p>\n<p><strong><\/p>\n<p style=\"text-align: left;\">Agenda de gener a juny de 2019<\/p>\n<p><\/strong><\/p>\n<p><strong>Setmana del 7 al 13 de gener<\/strong><br \/>\nDimecres 9<br \/>\n10:30h: Reuni\u00f3 amb regidors<br \/>\nDijous 10<br \/>\n11:00h: Visita a les noves naus<br \/>\n19:00h: Reuni\u00f3 amb joves per triar grups de festa major (proposta guanyadora Videobox)<br \/>\nDivendres 11<br \/>\n09:00h: Reuni\u00f3 amb ciutad\u00e0 per tema personal<br \/>\n11:00h: Reuni\u00f3 amb caps de brigada<br \/>\nDissabte 12<br \/>\n17:00h: Visita al Priorat<\/p>\n<p><strong>Setmana del 14 al 20 de gener:<\/strong><br \/>\nDilluns 14<br \/>\n09:30h: Reuni\u00f3 amb regidors<br \/>\n12:30h: Entrega de cubells de reciclatge a l\u2019Institut Coster de la Torre i despr\u00e9s assist\u00e8ncia a la xerrada sobre reciclatge de Punteco<br \/>\n16:00h: Visita d\u2019obra al local social de La Miralba<br \/>\nDimarts 15<br \/>\n11:00h: Visita al Priorat pel tema barbacoes<br \/>\nDimecres 16:<br \/>\n11:00h: Reuni\u00f3 amb regidor per tema camins<br \/>\n17:00h: Visita al Priorat pel tema barbacoes (ubicaci\u00f3)<br \/>\nDijous 17:<br \/>\n10:00h: Junta de govern<br \/>\n11:00h: Reuni\u00f3 amb t\u00e8cnic de Treballs en Benefici de la Comunitat<br \/>\nDivendres 18:<br \/>\n11:00h: Reuni\u00f3 amb caps de brigada<br \/>\n11:30h: Presentaci\u00f3 del projecte Integra\u2019ls a El Corte Ingl\u00e9s<br \/>\n17:00h: Tarda informativa a La Miralba<\/p>\n<p><strong>Setmana del 21 al 27 de gener:<\/strong><br \/>\nDilluns 21:<br \/>\n11:00h: Reuni\u00f3 amb empresa d\u2019espectacles per les nits joves de la Festa Major<br \/>\n16:00h: Reuni\u00f3 a l\u2019IES Coster de la Torre pel projecte Integra\u2019ls<br \/>\n17:00h: Reuni\u00f3 al Consell Esportiu del Baix Pened\u00e8s<br \/>\nDimarts 22:<br \/>\n11:00h: Revisi\u00f3 dels contenidors per les urbanitzacions<br \/>\nDimecres 23:<br \/>\n11:00h: Reuni\u00f3 amb la directora de la llar d\u2019infants<br \/>\n18:00h: Projecci\u00f3-xerrada del documental 26deabrilplayagain<br \/>\nDijous 24:<br \/>\n11:00h: Reuni\u00f3 regidors<br \/>\n19:00h: Reuni\u00f3 amb joves del municipi<br \/>\nDivendres 25:<br \/>\n09:15h: Reuni\u00f3 amb responsable de Treballs en Benefici de la Comunitat<br \/>\n11:00h: Reuni\u00f3 amb caps de brigada<br \/>\n20:30h: Assemblea ADF<\/p>\n<p><strong>Setmana del 28 de gener al 3 de febrer:<\/strong><br \/>\nDilluns 28:<br \/>\n10:00h: Reuni\u00f3 amb empresa per consulta sobre tractament de la resta<br \/>\nDimarts 29:<br \/>\n11:00h: Visita a la Miralba, Papagai i Ortig\u00f3s<br \/>\nDimecres 30:<br \/>\n11:00h: Reuni\u00f3 amb regidors<br \/>\nDijous 31:<br \/>\n11:00h: Junta de Govern Local<br \/>\n13:00h: Reuni\u00f3 amb organitzadors de cursa ciclista<br \/>\n14:00h: Reuni\u00f3 amb ve\u00ed per ubicaci\u00f3 de contenidors<br \/>\nDivendres 1:<br \/>\n11:00h: Reuni\u00f3 amb caps de brigada<\/p>\n<p><strong>Setmana del 4 al 10 de febrer:<\/strong><br \/>\nDilluns 4:<br \/>\n10:30h: Visita a la llar d\u2019infants i reuni\u00f3 amb directora<br \/>\n19:00h: Benvinguda nouvinguts<br \/>\nDimarts 5:<br \/>\n12:00h: Visita a les urbanitzacions per mirar contenidors<br \/>\n20:30h: Sopar de l\u2019Asssociaci\u00f3 la Roca Foradada<br \/>\nDimecres 6:<br \/>\n10:00h: Reuni\u00f3 regidors<br \/>\nDijous 7:<br \/>\n10:00h: Junta de Govern Local<br \/>\n11:00h: Ple extraordinari<br \/>\nDivendres 8:<br \/>\n11:00h: Reuni\u00f3 amb caps de brigada<\/p>\n<p><strong>Setmana del 11 al 17 de febrer<\/strong><br \/>\nDilluns 11:<br \/>\n11:00h: Visita parking llar d\u2019infants<br \/>\n18:30h: Xerrada a l\u2019institut \u201cI despr\u00e9s de l\u2019ESO qu\u00e8?\u201d<br \/>\nDimarts 1:<br \/>\n12:00h: Visita al Priorat amb empresa de recollida de brossa<br \/>\n16:35h: Consell escolar a l\u2019Escola Ull de Vent<br \/>\nDimecres 13:<br \/>\n10:00h: Reuni\u00f3 amb regidors<br \/>\nDijous 14:<br \/>\n12:00h: Reuni\u00f3 amb treballadora municipal<br \/>\n13:00h: Reuni\u00f3 amb organitzadors de cursa ciclista<br \/>\nDivendres 15:<br \/>\n11:00h: Reuni\u00f3 amb regidors<br \/>\nDissabte 16:<br \/>\n21:00h: Sopar de dones al Priorat<br \/>\nDiumenge 17:<br \/>\n10:00h: IX Cursa social de la Penya Ciclista del Baix Pened\u00e8s <\/p>\n<p><strong>Setmana del 18 al 24 de febrer<\/strong><br \/>\nDilluns 18:<br \/>\n10:30h: Reuni\u00f3 equip de govern<br \/>\n13:00h: Reuni\u00f3 amb professors d\u2019educaci\u00f3 f\u00edsica pel cros escolar<br \/>\n18:00h: Reuni\u00f3 amb treballadora municipal<br \/>\nDimarts 19:<br \/>\n10:30h: Visita urbanitzacions<br \/>\nDimecres 20:<br \/>\n11:00h: Reuni\u00f3 amb treballadora municipal<br \/>\nDijous 21:<br \/>\n09:30h: Reuni\u00f3 amb Aqualia<br \/>\n11:00h: Junta de Govern Local<br \/>\nDivendres 22:<br \/>\n11:00h: Reuni\u00f3 amb caps de brigada<\/p>\n<p><strong>Setmana del 25 de febrer al 3 de mar\u00e7:<\/strong><br \/>\nDilluns 25:<br \/>\n10:00h: Visita pel poble per incid\u00e8ncies<br \/>\n17:00h: Reuni\u00f3 de joventut al Consell Comarcal del Baix Pened\u00e8s<br \/>\nDimarts 26:<br \/>\n12:00h: Reuni\u00f3 amb treballadora municipal<br \/>\nDimecres 27:<br \/>\n13:00h: Reuni\u00f3 amb treballadora municipal<br \/>\n20:00h: Xerrada Talent femen\u00ed<br \/>\nDijous 28:<br \/>\n12:00h: Reuni\u00f3 amb treballadora municipal<br \/>\nDivendres 1:<br \/>\n11:00h: Reuni\u00f3 amb caps de brigada<br \/>\nDissabte 2:<br \/>\n11:30h: Inauguraci\u00f3 Local de la Miralba <\/p>\n<p><strong>Setmana del 4  al 10 de mar\u00e7:<\/strong><br \/>\nDilluns 4:<br \/>\n10:00h: Reuni\u00f3 regidors<br \/>\nDimarts 5:<br \/>\n13:00h: Reuni\u00f3 amb el director de l\u2019Ag\u00e8ncia Catalana de Residus<br \/>\nDimecres 6:<br \/>\n18:00h: Visita a les botigues col\u2022laboradores del cros escolar<br \/>\nDijous 7:<br \/>\n09:00h: Visita a les botigues col\u2022laboradores del cros escolar<br \/>\n12:30h: Reuni\u00f3 amb empresa per gestionar espais p\u00fablics<br \/>\nDivendres 8:<br \/>\n09:30h: Junta de Govern Local<br \/>\n11:00h: Reuni\u00f3 amb caps de brigada<br \/>\n18:30h: Activitats del dia de la Dona organitzades per l\u2019Associaci\u00f3 de la Gent Gran i l\u2019Associaci\u00f3 la Roca Foradada<br \/>\nDissabte 9:<br \/>\n20:00h: Sopar amb l\u2019Associaci\u00f3 de Ve\u00efns de l\u2019Esplai<br \/>\nDiumenge 10:<br \/>\n09:30h: Esmorzar a Cellers Domenys<\/p>\n<p><strong>Setmana del 11 al 17 de mar\u00e7:<\/strong><br \/>\nDilluns 11:<br \/>\n17:00h: Reuni\u00f3 amb entitat i t\u00e8cnic municipal<br \/>\nDimarts 12:<br \/>\n10:00h: Reuni\u00f3 amb professora de l\u2019escola d\u2019idiomes<br \/>\nDimecres 13:<br \/>\n11:30h: Junta de Govern Local<br \/>\nDijous 14:<br \/>\n11:00h: Sortida per marcatge de torretes<br \/>\n20:00h: Agra\u00efment voluntaris al CMC<br \/>\nDivendres 15:<br \/>\n11:00h: Reuni\u00f3 amb caps de brigada<br \/>\n12:00h: Reuni\u00f3 amb responsable de Treballs en Benefici de la Comunitat<br \/>\nDissabte 16:<br \/>\n18:00h: Inauguraci\u00f3 placa castells, presentaci\u00f3 de llibre i confer\u00e8ncia castellera<br \/>\nDiumenge 17:<br \/>\nTot el mat\u00ed: Cros escolar<\/p>\n<p><strong>Setmana del 18 al 24 de mar\u00e7<\/strong><br \/>\nDilluns 18:<br \/>\n12:00 Reuni\u00f3 amb la directora del Serveis Territorials<br \/>\n14:00 Reuni\u00f3 al Consorci d\u2019Aig\u00fces de Tarragona<br \/>\n19:00h: Ple Ordinari<br \/>\nDimarts 19:<br \/>\n10:00h: Reuni\u00f3 regidors<br \/>\nDimecres 20:<br \/>\n12:00h: Reuni\u00f3 amb ve\u00efna per queixa<br \/>\n17:30h: Reuni\u00f3 amb treballadora municipal<br \/>\nDijous 21:<br \/>\nTot el mat\u00ed: Fira d\u2019Ocupaci\u00f3 a Tarragona<br \/>\n19:30h: Celebraci\u00f3 del Dia Internacional de la Poesia<br \/>\nDivendres 22:<br \/>\n09:00h: Reuni\u00f3 amb caps de brigada<br \/>\n10:00h: Comissi\u00f3 de seguiment d\u2019Aqualia<br \/>\n14:00h: Junta de Govern Local<br \/>\nDiumenge 24:<br \/>\nTot el mat\u00ed: Tres Tombs<\/p>\n<p><strong>Setmana del 25 al 31 de mar\u00e7<\/strong><br \/>\nDilluns 25:<br \/>\n11:00h: Reuni\u00f3 amb regidors<br \/>\n19:00h: Presentaci\u00f3 programa ACTUA<br \/>\nDimarts 26:<br \/>\nReuni\u00f3 amb ve\u00efnes per problema amb gats<br \/>\n20:15h: Sopar-col\u2022loqui amb comer\u00e7os i aut\u00f2noms<br \/>\nDimecres 27:<br \/>\nTot el mat\u00ed Fira d\u2019ocupaci\u00f3 al CMC<br \/>\n19:00h: Taula rodona de Dones d\u2019empresa<br \/>\nDijous 28:<br \/>\nTot el mat\u00ed trobada amb empreses i institucions al Restaurant Les Planes<br \/>\n19:00h: Presentaci\u00f3 de l\u2019empresa GCR Group<br \/>\nDivendres 29:<br \/>\n11:00h: Reuni\u00f3 amb caps de brigada<br \/>\nDissabte 30:<br \/>\n18:00h: Exposici\u00f3<br \/>\n19:00h: Commemoraci\u00f3 40 anys d\u2019ajuntaments democr\u00e0tics<br \/>\nDiumenge 31:<br \/>\n11:00h: Agra\u00efment a les entitats del poble a Mas Llagostera<br \/>\n18:00h: Pel\u2022l\u00edcula del Cicle Gaud\u00ed<\/p>\n<p><strong>Setmana del 1 al 7 d&#8217;abril<\/strong><br \/>\nDilluns 1:<br \/>\n09:30h: Ple extraordinari<br \/>\nDimarts 2:<br \/>\n10:30h: Visita llar d&#8217;infants<br \/>\nDimecres 3:<br \/>\n10:00h: Reuni\u00f3 amb empresa que fa campanya informativa de l&#8217;org\u00e0nica<br \/>\n18:00h: Reuni\u00f3 al Priorat amb l&#8217;Associaci\u00f3 de Ve\u00efns<br \/>\nDijous 4:<br \/>\n11:00h: Visita a nou comer\u00e7<br \/>\n11:30h: Reuni\u00f3 amb directora de la llar d&#8217;infants<br \/>\nDissabte 6:<br \/>\n17:00h: Caminada organitzada pels Senderistes Bisbalencs<br \/>\n19:00h: Presentaci\u00f3 de llibre<\/p>\n<p><strong>Setmana del 8 al 14 d&#8217;abril<\/strong><br \/>\nDilluns 8:<br \/>\n11:00h: Junta de govern local<br \/>\nDimarts 9:<br \/>\n11:00h: Reuni\u00f3 amb caps de brigada<br \/>\n19:00h: Benvinguda nous empadronats<br \/>\nDimecres 10:<br \/>\n10:00h: Reuni\u00f3 amb regidors<br \/>\nDijous 11:<br \/>\n09:30h: Reuni\u00f3 amb TBC<br \/>\nDivendres 12:<br \/>\n11:00h: Visita al local social del Priorat<br \/>\n11:30h: Reuni\u00f3 amb caps de brigada<br \/>\nDissabte 13:<br \/>\n10:30h: Esmorzar al local social del Priorat<br \/>\n14:00h: Dinar al local social de l&#8217;Esplai<\/p>\n<p><strong>Setmana del 15 al 21 d&#8217;abril<\/strong><br \/>\nDilluns 15:<br \/>\n10:00h: Reuni\u00f3 amb regidors<br \/>\nDimecres 17:<br \/>\n11:00h: Visita urbanitzacions tema contenidors<br \/>\nDijous 18:<br \/>\n11:00h: Ple extraordinari<br \/>\nDivendres 19:<br \/>\n11:00h: Reuni\u00f3 amb caps de brigada<br \/>\nDissabte 20:<br \/>\n19:00h: Presentaci\u00f3 llibre Sant Jordi<\/p>\n<p><strong>Setmana 22 al 28 d&#8217;abril<\/strong><br \/>\nDimarts 23:<br \/>\n11:30h: Concurs literari nens<br \/>\n19:00h: Concurs literari adults<br \/>\n20:00h: Actuaci\u00f3<br \/>\nDimecres 24:<br \/>\n10:00h: Reuni\u00f3 amb regidors<br \/>\nDivendres 26:<br \/>\n11:00h: Junta de Govern<br \/>\nDissabte 27:<br \/>\nTot el dia: Actes del Dia de la Dansa<br \/>\nDiumenge 28:<br \/>\nTot el dia: Eleccions generals<\/p>\n<p><strong>Setmana del 29 d&#8217;abril al 5 de maig<\/strong><br \/>\nDilluns 29:<br \/>\n10:00h: Ple extraordinari<br \/>\n11:00h: Ple extraordinari<br \/>\nDimarts 30:<br \/>\n09:30h: Reuni\u00f3 amb caps de brigada<br \/>\n10:30h: Reuni\u00f3 a la llar d&#8217;infants amb empresa de manteniment<br \/>\nDivendres 3:<br \/>\n11:00h: Junta de govern<br \/>\nDissabte 4:<br \/>\n10:00h: Esmorzar a Can Gordei<\/p>\n<p><strong>Setmana del 17 al 23 de juny<\/strong><br \/>\nDilluns 17:<br \/>\n11:00 Entrevista amb jove del poble<br \/>\nLloc:despatx ajuntament<br \/>\nTema:\u00fas del camp de futbol<br \/>\n17:30 Entrevista amb cuidador col\u00f2nia de gats<br \/>\nLloc:despatx ajuntament<br \/>\nTema:col\u00f2nies controlades de gats<\/p>\n<p>Dimarts 18:<br \/>\n10:00 Entrevista amb cap d\u2019inspecci\u00f3<br \/>\nLloc:Despatx ajuntament<br \/>\nTema:finals de cursets i piscina<br \/>\n12:00 Entrevista amb cap de brigada<br \/>\nLloc:Despatx Ajuntament<br \/>\nMotiu:Organitazaci\u00f3 tasques brigada<br \/>\n13:00 Visita a la piscina<br \/>\nLloc: Piscina municipal<br \/>\nMotiu:Funcionament de les instal\u2022lacions<\/p>\n<p>Dimecres 19:<br \/>\n12:00 Entrevista amb cap d\u2019administraci\u00f3<br \/>\nLloc:despatx ajuntament<br \/>\nTema:licitaci\u00f3 escola de m\u00fasica<br \/>\n18:00h Esdeveniment: audicions de guitarra de l\u2019Escola Municipal de M\u00fasica<br \/>\nLloc: auditori del CMC<br \/>\nMotiu: fi del curs 2018\/19 de l\u2019Escola Municipal de M\u00fasica<br \/>\n19:00h Invitaci\u00f3 a la festa de graduaci\u00f3 de 2n de Batxillerat<br \/>\nLloc: IES Coster la Torre<br \/>\nEn ocasi\u00f3 de: fi de curs<\/p>\n<p>Dijous 20:<br \/>\n11:00 Visita a la piscina<br \/>\nLloc:Piscina municipal<br \/>\nTema:Funcionament de les instal\u2022lacions<br \/>\n18:00h Esdeveniment: audicions de piano i bateria de l\u2019Escola Municipal de M\u00fasica<br \/>\nLloc: auditori del CMC<br \/>\nMotiu: fi del curs 2018\/19 de l\u2019Escola Municipal de M\u00fasica<br \/>\n19:00h Invitaci\u00f3 a la festa de graduaci\u00f3 de 4rt d\u2019ESO<br \/>\nLloc: IES Coster la Torre<br \/>\nEn ocasi\u00f3 de: fi de curs<br \/>\n20:30h Assist\u00e8ncia al Ple extraordinari<br \/>\nLloc: Sala de Plens de l\u2019Ajuntament de La Bisbal del Pened\u00e8s<br \/>\nMotiu: Ple extraordinari d\u2019organitzaci\u00f3<\/p>\n<p>Divendres 21:<br \/>\n10:30 Entrevista amb la directora de la llar d\u2019infants<br \/>\nLloc:Llar d\u2019infants<br \/>\nTema:funcionament de la llar i diplomes fi de curs<br \/>\n11:30 Visita a la piscina<br \/>\nLloc:Piscina municipal<br \/>\nMotiu:Funcionament de les instal\u2022lacions<\/p>\n<p>Diumenge  23:<br \/>\n18:30 Esdeveniment: arribada de la Flama del Canig\u00f3<br \/>\nLloc:Entrada del poble i Ajuntament<br \/>\n22:00 Esdeveniment: encesa de la foguera de Sant Joan<br \/>\nLloc: Aparcament de l\u2019escola<\/p>\n","protected":false},"excerpt":{"rendered":"<p>&nbsp; Agenda de gener a juny de 2019 Setmana del 7 al 13 de gener Dimecres 9 10:30h: Reuni\u00f3 amb regidors Dijous 10 11:00h: Visita a les noves naus 19:00h: &hellip; <a href=\"https:\/\/bisbalpenedes.com\/web\/leo-uceda-martin\/\" class=\"more-link\">Read More<\/a><\/p>\n","protected":false},"author":1,"featured_media":0,"parent":0,"menu_order":0,"comment_status":"closed","ping_status":"closed","template":"","meta":[],"_links":{"self":[{"href":"https:\/\/bisbalpenedes.com\/web\/wp-json\/wp\/v2\/pages\/8439"}],"collection":[{"href":"https:\/\/bisbalpenedes.com\/web\/wp-json\/wp\/v2\/pages"}],"about":[{"href":"https:\/\/bisbalpenedes.com\/web\/wp-json\/wp\/v2\/types\/page"}],"author":[{"embeddable":true,"href":"https:\/\/bisbalpenedes.com\/web\/wp-json\/wp\/v2\/users\/1"}],"replies":[{"embeddable":true,"href":"https:\/\/bisbalpenedes.com\/web\/wp-json\/wp\/v2\/comments?post=8439"}],"version-history":[{"count":14,"href":"https:\/\/bisbalpenedes.com\/web\/wp-json\/wp\/v2\/pages\/8439\/revisions"}],"predecessor-version":[{"id":10276,"href":"https:\/\/bisbalpenedes.com\/web\/wp-json\/wp\/v2\/pages\/8439\/revisions\/10276"}],"wp:attachment":[{"href":"https:\/\/bisbalpenedes.com\/web\/wp-json\/wp\/v2\/media?parent=8439"}],"curies":[{"name":"wp","href":"https:\/\/api.w.org\/{rel}","templated":true}]}}