{"id":3462,"date":"2017-09-28T17:15:44","date_gmt":"2017-09-28T11:15:44","guid":{"rendered":"http:\/\/bisbalpenedes.com\/web\/?page_id=3462"},"modified":"2021-03-10T12:31:24","modified_gmt":"2021-03-10T10:31:24","slug":"reglament-dorganitzacio-municipal","status":"publish","type":"page","link":"https:\/\/bisbalpenedes.com\/web\/reglament-dorganitzacio-municipal\/","title":{"rendered":"Reglament d&#8217;Organitzaci\u00f3 Municipal"},"content":{"rendered":"<p>REGLAMENT D\u2019ORGANITZACI\u00d3 MUNICIPAL (ROM). Ajuntament de La Bisbal del Pened\u00e8s<\/p>\n<p>Aprovat pel Ple ordinari del 19 de juny 2017 amb els vots favorables de PDeCAT (5) i PSC (1) i els vots en contra d\u2019ERC (5)<br \/>\nPublicada l\u2019aprovaci\u00f3 inicial al Butllet\u00ed Oficial de la Prov\u00edncia de Tarragona el 6 de juliol de 2017<br \/>\nPublicada l\u2019aprovaci\u00f3 definitiva al Butllet\u00ed Oficial de la Prov\u00edncia de Tarragona l\u20191 de setembre de 2017<br \/>\n<a href=\"http:\/\/bisbalpenedes.com\/web\/wp-content\/uploads\/2017\/09\/BISBALROM2017.pdf\" target=\"_blank\" rel=\"noopener\">Desc\u00e0rrega el Reglament Organitzaci\u00f3 Municipal<\/a><\/p>\n<hr \/>\n<p><strong>\u00cdNDEX:<br \/>\nT\u00edtol primer: disposicions generals<\/strong><br \/>\nArticle 1. Objecte, 1<br \/>\nArticle 2. Rang jer\u00e0rquic i legislaci\u00f3 aplicable, 2<br \/>\nArticle 3. \u00c0mbit d\u2019aplicaci\u00f3, 2<br \/>\nArticle 4. Llengua, 3<br \/>\nArticle 5. Naturalesa jur\u00eddica, personalitat i capacitat, 3<br \/>\nArticle 6. Potestats administratives, 3<br \/>\nArticle 7. Principis generals d\u2019actuaci\u00f3, 3<\/p>\n<p><strong>T\u00edtol segon: de la constituci\u00f3, la vig\u00e8ncia i la finalitzaci\u00f3 del mandat corporatiu<br \/>\nCap\u00edtol I: de la constituci\u00f3 de la Corporaci\u00f3<\/strong><\/p>\n<p>Article 8. De la sessi\u00f3 constitutiva, 5<br \/>\nArticle 9. Activitats preliminars, 5<br \/>\nArticle 10. Qu\u00f2rum de constituci\u00f3 de la sessi\u00f3, 5<br \/>\nArticle 11. Mesa d\u2019edat, 5<br \/>\nArticle 12. Procediment de constituci\u00f3, 6<\/p>\n<p><strong>Cap\u00edtol II: de l\u2019elecci\u00f3 de l\u2019alcalde o alcaldessa<\/strong><br \/>\nArticle 13. Elecci\u00f3 de l\u2019alcalde\/essa, 7<br \/>\nArticle 14. Presentaci\u00f3 de candidatures, 7<br \/>\nArticle 15. Procediment d\u2019elecci\u00f3, 7<br \/>\nArticle 16. Escrutini, 7<br \/>\nArticle 17. Qu\u00f2rum de votaci\u00f3, 8<br \/>\nArticle 18. Proclamaci\u00f3 de l\u2019alcalde\/essa, 8<br \/>\nArticle 19. Presa de possessi\u00f3, 8<br \/>\nArticle 20. Abs\u00e8ncia de l\u2019alcalde\/essa proclamat\/ada, 9<br \/>\nArticle 21. Pr\u00f2rroga de funcions de la Mesa d\u2019Edat, 9<\/p>\n<p><strong>Cap\u00edtol III: Primeres mesures organitzatives<\/strong><br \/>\nArticle 22. El cartip\u00e0s municipal, 9<br \/>\nArticle 23. Compet\u00e8ncies organitzatives de l\u2019alcaldia, 10<br \/>\nArticle 24. Compet\u00e8ncies organitzatives del Ple, 10<\/p>\n<p><strong>Cap\u00edtol IV: Finalitzaci\u00f3 del mandat<\/strong><br \/>\nArticle 25. Durada del mandat, 10<br \/>\nArticle 26. Durada del mandat de l\u2019alcalde\/essa, 10<br \/>\nArticle 27. Pr\u00f2rroga de funcions, 11<br \/>\nArticle 28. Operacions derivades de l\u2019expiraci\u00f3 efectiva<br \/>\nDel mandat corporatiu, 11<\/p>\n<p><strong>T\u00edtol tercer: de l\u2019estatut dels membres de la Corporaci\u00f3<br \/>\nCap\u00edtol I: Definici\u00f3 i exig\u00e8ncia de responsabilitats<\/strong><\/p>\n<p>Article 29. Definici\u00f3, 12<br \/>\nArticle 30. Exig\u00e8ncia de responsabilitats, 12<\/p>\n<p><strong>Cap\u00edtol II: dels drets dels membres de la Corporaci\u00f3<\/strong><br \/>\nArticle 31. Classificaci\u00f3 dels drets, 13<\/p>\n<p><strong>Secci\u00f3 primera: drets de car\u00e0cter pol\u00edtic<\/strong><br \/>\nArticle 32. Dret a prendre possessi\u00f3 del c\u00e0rrec, 13<br \/>\nArticle 33. Dret a la perman\u00e8ncia en el c\u00e0rrec, 13<br \/>\nArticle 34. Dret a escollir i censurar l\u2019alcaldia, 13<br \/>\nArticle 35. Drets de participaci\u00f3 pol\u00edtica, 14<br \/>\nArticle 36. Dret a la informaci\u00f3, 14<br \/>\nArticle 37. Informaci\u00f3 d\u2019acc\u00e9s directe, 15<br \/>\nArticle 38. Informaci\u00f3 d\u2019acc\u00e9s sotmesa a autoritzaci\u00f3, 15<br \/>\nArticle 39. Procediment de consulta, 15<br \/>\nArticle 40. Dret a obtenir c\u00f2pia dels documents municipals, 16<br \/>\nArticle 41. Confidencialitat de la informaci\u00f3, 16<\/p>\n<p><strong>Secci\u00f3 segona: drets de car\u00e0cter honor\u00edfic<\/strong><br \/>\nArticle 42. Tractament, honors i distincions, 17<\/p>\n<p><strong>Secci\u00f3 tercera: drets de car\u00e0cter econ\u00f2mic<\/strong><br \/>\nArticle 43. R\u00e8gim de dedicaci\u00f3, 17<br \/>\nArticle 44. Determinaci\u00f3 del r\u00e8gim de dedicaci\u00f3, 18<br \/>\nArticle 45. Retribucions i indemnitzacions, 19<\/p>\n<p><strong>Secci\u00f3 quarta: drets de car\u00e0cter sociolaborals<\/strong><br \/>\nArticle 46. Seguretat Social, 20<br \/>\nArticle 47. Subsidi d\u2019atur, 20<br \/>\nArticle 48. Situacions administratives especials, 20<br \/>\nArticle 49. Situacions laborals especials, 21<br \/>\nArticle 50. Altres drets sociolaborals, 21<\/p>\n<p><strong>Cap\u00edtol III: dels deures dels membres de la Corporaci\u00f3<\/strong><br \/>\nArticle 51. Classificaci\u00f3 dels deures, 21<\/p>\n<p><strong>Secci\u00f3 primera: deures previs a la presa de possessi\u00f3<\/strong><br \/>\nArticle 52. Deure de prestar jurament o promesa del c\u00e0rrec, 21<br \/>\nArticle 53. Deure d\u2019efectuar les declaracions de b\u00e9ns i d\u2019incompatibilitats, 22<br \/>\nArticle 54. Procediment de formulaci\u00f3 de la declaraci\u00f3 de b\u00e9ns patrimonials, 22<br \/>\nArticle 55. Procediment de formulaci\u00f3 de la declaraci\u00f3 d\u2019activitats i de causes de possibles incompatibilitats, 22<br \/>\nArticle 56. Registres p\u00fablics d\u2019interessos i b\u00e9ns, 22<br \/>\nArticle 57. Acc\u00e9s als registres, 23<br \/>\nArticle 58. Publicitat dels registres, 23<\/p>\n<p><strong>Secci\u00f3 segona: deures derivats de l\u2019exercici efectiu del c\u00e0rrec<\/strong><br \/>\nArticle 59. Deure d\u2019assistir i participar a les sessions d\u2019\u00f2rgans col\u2022legiats, 23<br \/>\nArticle 60. Deure de guardar reserva i confidencialitat de la informaci\u00f3, 23<br \/>\nArticle 61. Deure de cortesia, 24<br \/>\nArticle 62. Deure d\u2019exclusivitat, 24<br \/>\nArticle 63. Deure de respectar el r\u00e8gim d\u2019incompatibilitats, 24<br \/>\nArticle 64. Deure d\u2019abstenci\u00f3, 24<br \/>\nArticle 65. R\u00e8gim sancionador, 25<\/p>\n<p><strong>Secci\u00f3 tercera: deures de bon govern,<\/strong><br \/>\nArticle 66. Deures de bon govern, 26<\/p>\n<p><strong>T\u00edtol Quart: de l\u2019organitzaci\u00f3 municipal<\/strong><br \/>\nArticle 67. Estructura org\u00e0nica, 27<\/p>\n<p><strong>Cap\u00edtol I: de l\u2019organitzaci\u00f3 necess\u00e0ria de car\u00e0cter decisori<\/strong><br \/>\nArticle 68. \u00d2rgans de govern, 27<br \/>\nSecci\u00f3 primera: de l\u2019alcaldia<br \/>\nArticle 69. Naturalesa jur\u00eddica, 27<br \/>\nArticle 70. Compet\u00e8ncies, 27<br \/>\n<strong><br \/>\nSecci\u00f3 segona: dels\/les tinents d\u2019Alcaldia<\/strong><br \/>\nArticle 71. Naturalesa, elecci\u00f3 i cessament, 27<br \/>\nArticle 72. Funcions dels\/les tinents d\u2019Alcaldia, 28<br \/>\nArticle 73. Limitacions, 28<\/p>\n<p><strong>Secci\u00f3 tercera: del Ple<\/strong><br \/>\nArticle 74. Naturalesa jur\u00eddica, 28<br \/>\nArticle 75. Compet\u00e8ncies, 28<\/p>\n<p><strong>Secci\u00f3 quarta: de la Junta de Govern Local<\/strong><br \/>\nArticle 76. Naturalesa jur\u00eddica, 28<br \/>\nArticle 77. Elecci\u00f3 dels membres, 28<br \/>\nArticle 78. Compet\u00e8ncies, 29<\/p>\n<p><strong>Cap\u00edtol II: de l\u2019organitzaci\u00f3 necess\u00e0ria de car\u00e0cter deliberant<\/strong><br \/>\n<strong>Secci\u00f3 primera: Comissi\u00f3 especial de comptes<\/strong><br \/>\nArticle 79. Naturalesa jur\u00eddica, 29<br \/>\nArticle 80. Definici\u00f3, 29<br \/>\nArticle 81. Creaci\u00f3, composici\u00f3 i durada, 29<br \/>\nArticle 82. Assist\u00e8ncia de personal al servei de la Corporaci\u00f3, 30<br \/>\nArticle 83. Auditoria ciutadana, 30<\/p>\n<p><strong>Secci\u00f3 segona: els grups pol\u00edtics municipals<\/strong><br \/>\nArticle 84. Naturalesa jur\u00eddica, 30<br \/>\nArticle 85. Composici\u00f3, 30<br \/>\nArticle 86. Constituci\u00f3, 31<br \/>\nArticle 87. R\u00e8gim jur\u00eddic dels regidors\/res no adscrits\/tes, 31<br \/>\nArticle 88. Representaci\u00f3, 31<br \/>\nArticle 89. Drets, 31<br \/>\nArticle 90. Deures, 32<\/p>\n<p><strong>T\u00edtol cinqu\u00e8: funcionament i r\u00e8gim jur\u00eddic<\/strong><br \/>\n<strong>Cap\u00edtol I: r\u00e8gim de sessions del Ple, de la Junta de Govern Local i de la Comissi\u00f3 de Comptes<\/strong><br \/>\nArticle 91. R\u00e8gim jur\u00eddic, 33<\/p>\n<p><strong>Secci\u00f3 primera: el Ple<\/strong><br \/>\nArticle 92. Classes de sessions, 33<br \/>\nArticle 93. Sessions ordin\u00e0ries, 33<br \/>\nArticle 94. Sessions extraordin\u00e0ries, 33<br \/>\nArticle 95. Sessions extraordin\u00e0ries de car\u00e0cter urgent, 34<br \/>\nArticle 96. Convocat\u00f2ria de les sessions plen\u00e0ries, 34<br \/>\nArticle 97. Ordre del dia de les sessions plen\u00e0ries, 36<br \/>\nArticle 98. Estructura de l\u2019ordre del dia de les sessions del Ple, 36<br \/>\nArticle 99. L\u2019expedient de la sessi\u00f3, 37<br \/>\nArticle 100. Lloc de celebraci\u00f3 de les sessions del Ple, 37<br \/>\nArticle 101. Publicitat de les sessions del Ple, 37<br \/>\nArticle 102. Nomenclatura, 37<br \/>\nArticle 103. Control de l\u2019ordre, 38<br \/>\nArticle 104., Qu\u00f2rum de constituci\u00f3, 38<br \/>\nArticle 105. Obertura de la sessi\u00f3, 39<br \/>\nArticle 106. Normes generals sobre el desenvolupament de la sessi\u00f3, 39<br \/>\nArticle 107. Deliberaci\u00f3, 39<br \/>\nArticle 108. Crida a la q\u00fcesti\u00f3 i a l\u2019ordre, 40<br \/>\nArticle 109. Votaci\u00f3, 41<br \/>\nArticle 110. Classe de votaci\u00f3, 41<br \/>\nArticle 111. Qu\u00f2rum de votaci\u00f3, 42<br \/>\nArticle 112. Principi d\u2019unitat d\u2019acte, 42<br \/>\nArticle 113. Distribuci\u00f3 d\u2019escons, 42<br \/>\nArticle 114. Part de control, 42<br \/>\nArticle 115. Precs i preguntes, 43<br \/>\nArticle 116. Actes, 43<\/p>\n<p><strong>Secci\u00f3 segona: Junta de Govern Local<\/strong><br \/>\nArticle 117. Classes de sessions, 44<br \/>\nArticle 118. Convocat\u00f2ria i ordre del dia, 44<br \/>\nArticle 119. Qu\u00f2rum d\u2019assist\u00e8ncia i votaci\u00f3, 45<br \/>\nArticle 120. Desenvolupament de la sessi\u00f3, 45<\/p>\n<p><strong>Secci\u00f3 tercera: la Comissi\u00f3 de Comptes<\/strong><br \/>\nArticle 121. R\u00e8gim espec\u00edfic de la Comissi\u00f3 de Comptes, 45<br \/>\nSecci\u00f3 quarta: disposicions comunes<br \/>\nArticle 122. Formalitzaci\u00f3 de les sessions dels \u00f2rgans col\u2022legiats, 45<br \/>\nArticle 123. Llibre d\u2019actes, 46<br \/>\nArticle 124. Cust\u00f2dia dels llibres oficials, 46<br \/>\nArticle 125. Resolucions d\u2019alcaldia, 46<br \/>\nArticle 126. Certificacions i testimonis, 46<br \/>\nArticle 127. Classes de control i fiscalitzaci\u00f3, 47<br \/>\nArticle 128. Moci\u00f3 de censura a l\u2019Alcaldia, 47<br \/>\nArticle 129. Q\u00fcesti\u00f3 de confian\u00e7a plantejada per l\u2019Alcaldia, 48<\/p>\n<p><strong>T\u00edtol sis\u00e8: de la informaci\u00f3 i la participaci\u00f3 ciutadana<\/strong><br \/>\nArticle 130. Criteris d\u2019actuaci\u00f3, 49<br \/>\nArticle 131. Mitjans d\u2019informaci\u00f3 i comunicaci\u00f3, 49<\/p>\n<p><strong>Secci\u00f3 primera: la participaci\u00f3 individual<\/strong><br \/>\nArticle 132. Drets dels ciutadans, 50<br \/>\nArticle 133. Participaci\u00f3 ciutadana en el Ple municipal, 50<br \/>\nArticle 134. Informaci\u00f3 als ciutadans i les ciutadanes, 51<br \/>\nArticle 135. La consulta popualr, 51<\/p>\n<p><strong>Secci\u00f3 segona: la participaci\u00f3 col\u2022lectiva<\/strong><br \/>\nArticle 136. Drets de les entitats ciutadanes, 51<br \/>\nArticle 137. Percepci\u00f3 de subvencions, 52<br \/>\nArticle 138. El Registre Municipal d\u2019entitats i associacions, 52<\/p>\n<p><strong>Disposicions<\/strong><br \/>\nDisposici\u00f3 addicional, 52<br \/>\nDisposici\u00f3 final, 52<\/p>\n","protected":false},"excerpt":{"rendered":"<p>REGLAMENT D\u2019ORGANITZACI\u00d3 MUNICIPAL (ROM). Ajuntament de La Bisbal del Pened\u00e8s Aprovat pel Ple ordinari del 19 de juny 2017 amb els vots favorables de PDeCAT (5) i PSC (1) i &hellip; <a href=\"https:\/\/bisbalpenedes.com\/web\/reglament-dorganitzacio-municipal\/\" class=\"more-link\">Read More<\/a><\/p>\n","protected":false},"author":1,"featured_media":0,"parent":0,"menu_order":0,"comment_status":"closed","ping_status":"closed","template":"","meta":[],"_links":{"self":[{"href":"https:\/\/bisbalpenedes.com\/web\/wp-json\/wp\/v2\/pages\/3462"}],"collection":[{"href":"https:\/\/bisbalpenedes.com\/web\/wp-json\/wp\/v2\/pages"}],"about":[{"href":"https:\/\/bisbalpenedes.com\/web\/wp-json\/wp\/v2\/types\/page"}],"author":[{"embeddable":true,"href":"https:\/\/bisbalpenedes.com\/web\/wp-json\/wp\/v2\/users\/1"}],"replies":[{"embeddable":true,"href":"https:\/\/bisbalpenedes.com\/web\/wp-json\/wp\/v2\/comments?post=3462"}],"version-history":[{"count":8,"href":"https:\/\/bisbalpenedes.com\/web\/wp-json\/wp\/v2\/pages\/3462\/revisions"}],"predecessor-version":[{"id":16943,"href":"https:\/\/bisbalpenedes.com\/web\/wp-json\/wp\/v2\/pages\/3462\/revisions\/16943"}],"wp:attachment":[{"href":"https:\/\/bisbalpenedes.com\/web\/wp-json\/wp\/v2\/media?parent=3462"}],"curies":[{"name":"wp","href":"https:\/\/api.w.org\/{rel}","templated":true}]}}