{"id":27906,"date":"2023-10-06T09:31:40","date_gmt":"2023-10-06T07:31:40","guid":{"rendered":"https:\/\/bisbalpenedes.com\/web\/?page_id=27906"},"modified":"2025-07-03T09:42:50","modified_gmt":"2025-07-03T07:42:50","slug":"art-urba-bisbal-penedes","status":"publish","type":"page","link":"https:\/\/bisbalpenedes.com\/web\/art-urba-bisbal-penedes\/","title":{"rendered":"Pintures murals a tot el municipi"},"content":{"rendered":"\n<p>La Bisbal del Pened\u00e8s va ser l&#8217;escenari, del 22 al 24 de setembre de 2023 i al setembre de 2024, del festival <a href=\"https:\/\/www.instagram.com\/grafftech_fest\">GraffTech Fest<\/a>, promogut des de l&#8217;empresa Suite of Art. Ara, el municipi llueix m\u00e9s de 27 pintures murals, ja que les noves pintures s&#8217;han sumat a les que ja s&#8217;havien fet al municipi durant els darrers anys. Moltes d&#8217;aquestes obres inclouen realitat augmentada i, a trav\u00e9s de la tecnologia m\u00f2bil, obren les portes a imatges i missatges relacionats amb cada obra o a universos plens de fantasia.<\/p>\n\n\n\n<p>En el marc del GraffTech Fest, un total de 16 artistes vinguts d&#8217;arreu han omplert murs i fa\u00e7anes d&#8217;art. Ve\u00efns i ve\u00efnes del municipi i persones d&#8217;altres indrets han pogut gaudir de la creaci\u00f3 d&#8217;un mural des del primer minut. Val a dir que, per facilitar la visita de les pintures, tots els murals de la Bisbal del Pened\u00e8s estan <em>geolocalitzats<\/em> i es poden trobar a <a href=\"https:\/\/www.google.com\/maps\/d\/edit?mid=1cVZsHrjJBuMMB99NNbhmWRzrgwWoEpk&amp;usp=sharing\">Google Maps<\/a>. Una vintena d&#8217;obres, a m\u00e9s, inclouen realitat augmentada i els visitants poden apropar el m\u00f2bil a les pintures per descobrir que s&#8217;amaga en cadascuna d&#8217;elles.<\/p>\n\n\n\n<p>Els artistes que han fet possible aquestes obres s\u00f3n: Lalone, Mateo Lara Jim\u00e9nez, Bublegum, Christian Sasa, Eslicer, Decima, Fran Castro (Cosa.v), Nesui, Jotalo, Konestiloart, Ruldisseny, Nauni, Danklabara, Deleon (M\u00e8xic), Nihao (Brasil)&nbsp; i la bisbalenca Zaranoia. Els temes de les pintures de la Bisbal del Pened\u00e8s s\u00f3n diversos, per\u00f2 la majoria estan centrats en temes bisbalencs, com ara la transhum\u00e0ncia, la pagesia, els tres tombs, els animals -com ara l&#8217;\u00e0liga cuabarrada- i les plantes aut\u00f2ctones, la vinya i la collita&#8230; i tamb\u00e9 s&#8217;han incl\u00f2s temes m\u00e9s universals, com ara el pas del temps, el m\u00f3n dels infants, la salut, l&#8217;art universal -hi ha un mural que recrea part de l&#8217;escultura El Disc\u00f2bol, de Mir\u00f3- i la fantasia.&nbsp;<\/p>\n\n\n\n<p>L&#8217;alcaldessa de la Bisbal del Pened\u00e8s, Agn\u00e8s Ferr\u00e9, ha explicat que <em>&#8220;estem molt contentes i orgulloses del poble que tenim i del fet que cada cop sigui m\u00e9s bonic. Aquests disset murals se sumen als altres murals que hi ha al municipi: dos a l&#8217;edifici antic de l&#8217;escola; el mural amb sis imatges dels anys 40 i 50 del segle passat dels tres tombs (14 x 2 metres) que hi ha a l&#8217;Era de Batre; el de la caseta de la llum de l&#8217;Era de Batre; el del Rebost solidari; el de la pista de l&#8217;Esplai; els dels dip\u00f2sits d&#8217;aigua del Priorat, l&#8217;Esplai, Can Gordei i la Miralba. Per tant, tenim gaireb\u00e9 una trentena de pintures murals al municipi, que el fan m\u00e9s bonic i que, a m\u00e9s, s\u00f3n un gran atractiu perqu\u00e8 les persones d&#8217;altres contrades vinguin a visitar la Bisbal&#8221;.<\/em><\/p>\n\n\n\n<p>Ferr\u00e9 s&#8217;ha mostrat <em>&#8220;molt agra\u00efda amb tots els artistes, ja que han fet una feina impecable i, a banda de ser uns grans artistes i professionals, s\u00f3n una gent molt maca que han estat en contacte constant amb la gent que ha anat a visitar els murals quan estaven treballant-hi. Tamb\u00e9 vull agrair la feinada feta pel bisbalenc Jaume Junqu\u00e9 de l&#8217;empresa Suite of Art, que ha fet possible aquest festival al municipi, i la feina de coordinaci\u00f3 feta per la regidora de Turisme, Judith Vidal, que ha apostat des del primer minut en aquest projecte que combina art de carrer i tecnologia, un esdeveniment que ha col\u00b7locat la Bisbal del Pened\u00e8s en el mapa dels municipis amb un gran atractiu tur\u00edstic&#8221;.<\/em><\/p>\n\n\n\n<p>El bisbalenc Jaume Junqu\u00e9, CEO de l&#8217;empresa Suite of Art, s&#8217;ha mostrat molt satisfet pel fet que <em>&#8220;la iniciativa ha estat un \u00e8xit i tant els artistes com els visitants han gaudit molt d&#8217;aquest cap de setmana. Ara, la Bisbal del Pened\u00e8s t\u00e9 uns carrers plens d&#8217;obres d&#8217;art que, a partir del proper cap de setmana, tamb\u00e9 seran la porta d&#8217;entrada a l&#8217;univers de la realitat augmentada&#8221;. <\/em>Junqu\u00e9 ha afegit que<em> &#8220;la Bisbal pot dir amb el cap ben alt que \u00e9s el primer municipi del m\u00f3n que ha acollit un festival que combina l&#8217;art de carrer i la realitat augmentada en totes les seves obres&#8221;<\/em>. Jaume Junqu\u00e9 ha explicat que <em>&#8220;aquest cap de setmana tindrem enllestida la configuraci\u00f3 de la realitat augmentada als murals i, quan les persones apropin el m\u00f2bil a les pintures, podran veure com les obres cobren vida&#8221;.<\/em> Com a emprenedor, el Jaume Junqu\u00e9 espera <em>&#8220;poder portar el festival a diversos punts del m\u00f3n i, per descomptat, tamb\u00e9 a altres punts de la comarca i del pa\u00eds&#8221;.<\/em><\/p>\n\n\n\n<h2>MAPES I CODIS QR PER FER LA RUTA DELS MURALS: <\/h2>\n\n\n\n<figure class=\"wp-block-image size-large\"><img loading=\"lazy\" width=\"1024\" height=\"726\" src=\"https:\/\/bisbalpenedes.com\/web\/wp-content\/uploads\/2024\/10\/graffest_24_pet-1024x726.jpg\" alt=\"\" class=\"wp-image-31948\" srcset=\"https:\/\/bisbalpenedes.com\/web\/wp-content\/uploads\/2024\/10\/graffest_24_pet-1024x726.jpg 1024w, https:\/\/bisbalpenedes.com\/web\/wp-content\/uploads\/2024\/10\/graffest_24_pet-300x213.jpg 300w, https:\/\/bisbalpenedes.com\/web\/wp-content\/uploads\/2024\/10\/graffest_24_pet-768x544.jpg 768w, https:\/\/bisbalpenedes.com\/web\/wp-content\/uploads\/2024\/10\/graffest_24_pet-1536x1088.jpg 1536w, https:\/\/bisbalpenedes.com\/web\/wp-content\/uploads\/2024\/10\/graffest_24_pet-2048x1451.jpg 2048w, https:\/\/bisbalpenedes.com\/web\/wp-content\/uploads\/2024\/10\/graffest_24_pet-600x425.jpg 600w\" sizes=\"(max-width: 1024px) 100vw, 1024px\" \/><\/figure>\n\n\n\n<div class=\"wp-block-file\"><a id=\"wp-block-file--media-a1a6bb11-c752-4a8b-9fca-f1ce214daad8\" href=\"https:\/\/bisbalpenedes.com\/web\/wp-content\/uploads\/2024\/10\/graffest_24_pet-1-scaled.jpg\">descarrega el planopl actualitzat d&#8217;octubre de 2024<\/a><a href=\"https:\/\/bisbalpenedes.com\/web\/wp-content\/uploads\/2024\/10\/graffest_24_pet-1-scaled.jpg\" class=\"wp-block-file__button\" download aria-describedby=\"wp-block-file--media-a1a6bb11-c752-4a8b-9fca-f1ce214daad8\">Baixa<\/a><\/div>\n\n\n\n<div class=\"wp-block-file\"><object class=\"wp-block-file__embed\" data=\"https:\/\/bisbalpenedes.com\/web\/wp-content\/uploads\/2023\/10\/Ruta-dels-murals-1.pdf\" type=\"application\/pdf\" style=\"width:100%;height:600px\" aria-label=\"Incrustaci\u00f3 del fitxer Codis QR de la ruta dels murals en format PDF.\"><\/object><a id=\"wp-block-file--media-63f190c1-e08d-408d-bbb2-411d2de63194\" href=\"https:\/\/bisbalpenedes.com\/web\/wp-content\/uploads\/2023\/10\/Ruta-dels-murals-1.pdf\">Codis QR de la ruta dels murals en format PDF<\/a><a href=\"https:\/\/bisbalpenedes.com\/web\/wp-content\/uploads\/2023\/10\/Ruta-dels-murals-1.pdf\" class=\"wp-block-file__button\" download aria-describedby=\"wp-block-file--media-63f190c1-e08d-408d-bbb2-411d2de63194\">Baixa<\/a><\/div>\n\n\n\n<h3>UBICACIONS A GOOGLE MAPS (inclou altres murals sense realitat augmentada)<\/h3>\n\n\n\n<iframe loading=\"lazy\" src=\"https:\/\/www.google.com\/maps\/d\/embed?mid=1cVZsHrjJBuMMB99NNbhmWRzrgwWoEpk&amp;ehbc=2E312F\" width=\"640\" height=\"480\"><\/iframe>\n\n\n\n<p><\/p>\n\n\n\n<figure class=\"wp-block-image size-full\"><img loading=\"lazy\" width=\"629\" height=\"429\" src=\"https:\/\/bisbalpenedes.com\/web\/wp-content\/uploads\/2025\/07\/BANER_RUTAGRAF.jpg\" alt=\"\" class=\"wp-image-34129\" srcset=\"https:\/\/bisbalpenedes.com\/web\/wp-content\/uploads\/2025\/07\/BANER_RUTAGRAF.jpg 629w, https:\/\/bisbalpenedes.com\/web\/wp-content\/uploads\/2025\/07\/BANER_RUTAGRAF-300x205.jpg 300w, https:\/\/bisbalpenedes.com\/web\/wp-content\/uploads\/2025\/07\/BANER_RUTAGRAF-600x409.jpg 600w\" sizes=\"(max-width: 629px) 100vw, 629px\" \/><figcaption><a href=\"https:\/\/rutadelsmurals.com\/product\/ruta-dels-murals-de-la-bisbal-del-penedes\/\" target=\"_blank\" rel=\"noreferrer noopener\">RESERVA AQU\u00cd LA RUTA GUIADA DELS MURALS<\/a><\/figcaption><\/figure>\n","protected":false},"excerpt":{"rendered":"<p>La Bisbal del Pened\u00e8s va ser l&#8217;escenari, del 22 al 24 de setembre de 2023 i al setembre de 2024, del festival GraffTech Fest, promogut des de l&#8217;empresa Suite of &hellip; <a href=\"https:\/\/bisbalpenedes.com\/web\/art-urba-bisbal-penedes\/\" class=\"more-link\">Read More<\/a><\/p>\n","protected":false},"author":4,"featured_media":27902,"parent":0,"menu_order":0,"comment_status":"closed","ping_status":"closed","template":"","meta":[],"_links":{"self":[{"href":"https:\/\/bisbalpenedes.com\/web\/wp-json\/wp\/v2\/pages\/27906"}],"collection":[{"href":"https:\/\/bisbalpenedes.com\/web\/wp-json\/wp\/v2\/pages"}],"about":[{"href":"https:\/\/bisbalpenedes.com\/web\/wp-json\/wp\/v2\/types\/page"}],"author":[{"embeddable":true,"href":"https:\/\/bisbalpenedes.com\/web\/wp-json\/wp\/v2\/users\/4"}],"replies":[{"embeddable":true,"href":"https:\/\/bisbalpenedes.com\/web\/wp-json\/wp\/v2\/comments?post=27906"}],"version-history":[{"count":10,"href":"https:\/\/bisbalpenedes.com\/web\/wp-json\/wp\/v2\/pages\/27906\/revisions"}],"predecessor-version":[{"id":34137,"href":"https:\/\/bisbalpenedes.com\/web\/wp-json\/wp\/v2\/pages\/27906\/revisions\/34137"}],"wp:featuredmedia":[{"embeddable":true,"href":"https:\/\/bisbalpenedes.com\/web\/wp-json\/wp\/v2\/media\/27902"}],"wp:attachment":[{"href":"https:\/\/bisbalpenedes.com\/web\/wp-json\/wp\/v2\/media?parent=27906"}],"curies":[{"name":"wp","href":"https:\/\/api.w.org\/{rel}","templated":true}]}}