{"id":26285,"date":"2023-07-06T11:54:21","date_gmt":"2023-07-06T09:54:21","guid":{"rendered":"https:\/\/bisbalpenedes.com\/web\/?page_id=26285"},"modified":"2023-07-06T18:21:33","modified_gmt":"2023-07-06T16:21:33","slug":"pressupost-participatiu-2023","status":"publish","type":"page","link":"https:\/\/bisbalpenedes.com\/web\/pressupost-participatiu-2023\/","title":{"rendered":"Pressupost participatiu 2023"},"content":{"rendered":"\n<div class=\"wp-container-2 wp-block-columns\">\n<div class=\"wp-container-1 wp-block-column\" style=\"flex-basis:100%\">\n<figure class=\"wp-block-image size-large is-resized\"><img loading=\"lazy\" src=\"https:\/\/bisbalpenedes.com\/web\/wp-content\/uploads\/2023\/07\/image-1-1024x220.png\" alt=\"\" class=\"wp-image-26289\" width=\"1308\" height=\"280\" srcset=\"https:\/\/bisbalpenedes.com\/web\/wp-content\/uploads\/2023\/07\/image-1-1024x220.png 1024w, https:\/\/bisbalpenedes.com\/web\/wp-content\/uploads\/2023\/07\/image-1-300x64.png 300w, https:\/\/bisbalpenedes.com\/web\/wp-content\/uploads\/2023\/07\/image-1-768x165.png 768w, https:\/\/bisbalpenedes.com\/web\/wp-content\/uploads\/2023\/07\/image-1-600x129.png 600w, https:\/\/bisbalpenedes.com\/web\/wp-content\/uploads\/2023\/07\/image-1.png 1061w\" sizes=\"(max-width: 1308px) 100vw, 1308px\" \/><\/figure>\n<\/div>\n<\/div>\n\n\n\n<p><strong>S\u2019obre el termini per fer propostes per al Pressupost Participatiu 2023<\/strong><\/p>\n\n\n\n<p>L\u2019Ajuntament de la Bisbal del Pened\u00e8s continua apostant per destinar una part del pressupost a les propostes que arriben directament des de la ciutadania. Per aix\u00f2, les persones que ho desitgin poden participar en la consulta p\u00fablica, del <strong>7 al 22 de juliol<\/strong>. <\/p>\n\n\n\n<p class=\"has-pale-cyan-blue-background-color has-background\"><strong><mark style=\"background-color:#8ed1fc\" class=\"has-inline-color\">La partida total del pressupost municipal del 2023 per als pressupostos participatius ascendeix a 72.000\u20ac i el funcionament ser\u00e0 el seg\u00fcent:<\/mark><\/strong><\/p>\n\n\n\n<p class=\"has-light-green-cyan-background-color has-background\"><span style=\"color: #ff0000;\"><strong>*\u00a0<\/strong><\/span><strong>El Periode de la consulta: del 7 al 22 de juliol de 2023.<\/strong><\/p>\n\n\n\n<ul id=\"block-94e303e3-e860-4186-9874-fcb4e15bfd1d\"><li>L\u2019Ajuntament valorar\u00e0 les propostes i preparar\u00e0 un m\u00e0xim de 5 propostes finalistes per a cada nucli.<\/li><li>Els ve\u00efns i les ve\u00efnes hauran de depositar el vot de forma presencial durant el mes se setembre. <\/li><li>Unes setmanes abans indicarem els dies i cada dilluns publicarem a les xarxes socials municipals, eAgora i en la web municipal el lloc, l&#8217;hora i les propostes finalistes. Els papers per votar els podreu trobar el mateix dia de la votaci\u00f3 a cada nucli.<\/li><\/ul>\n\n\n\n<p>Quines propostes es poden presentar:<\/p>\n\n\n\n<ul><li>Propostes en benefici del barris o pel conjunt del municipi<\/li><li>Han de ser inversions. No poden ser manteniments ni reparacions.<\/li><li>Les inversions han de ser relacionades amb l\u2019espai p\u00fablic i\/o la millora dels equipaments municipals, de compet\u00e8ncia municipal i sobre b\u00e9ns de propietat municipal, concretes i que donin resposta a una necessitat determinada.<\/li><li>Que siguin viables t\u00e8cnicament.<\/li><li>Que no suposin un elevat cost de manteniment, un cop realitzades.<\/li><\/ul>\n\n\n\n\n","protected":false},"excerpt":{"rendered":"<p>S\u2019obre el termini per fer propostes per al Pressupost Participatiu 2023 L\u2019Ajuntament de la Bisbal del Pened\u00e8s continua apostant per destinar una part del pressupost a les propostes que arriben &hellip; <a href=\"https:\/\/bisbalpenedes.com\/web\/pressupost-participatiu-2023\/\" class=\"more-link\">Read More<\/a><\/p>\n","protected":false},"author":8,"featured_media":0,"parent":0,"menu_order":0,"comment_status":"closed","ping_status":"closed","template":"","meta":[],"_links":{"self":[{"href":"https:\/\/bisbalpenedes.com\/web\/wp-json\/wp\/v2\/pages\/26285"}],"collection":[{"href":"https:\/\/bisbalpenedes.com\/web\/wp-json\/wp\/v2\/pages"}],"about":[{"href":"https:\/\/bisbalpenedes.com\/web\/wp-json\/wp\/v2\/types\/page"}],"author":[{"embeddable":true,"href":"https:\/\/bisbalpenedes.com\/web\/wp-json\/wp\/v2\/users\/8"}],"replies":[{"embeddable":true,"href":"https:\/\/bisbalpenedes.com\/web\/wp-json\/wp\/v2\/comments?post=26285"}],"version-history":[{"count":10,"href":"https:\/\/bisbalpenedes.com\/web\/wp-json\/wp\/v2\/pages\/26285\/revisions"}],"predecessor-version":[{"id":26310,"href":"https:\/\/bisbalpenedes.com\/web\/wp-json\/wp\/v2\/pages\/26285\/revisions\/26310"}],"wp:attachment":[{"href":"https:\/\/bisbalpenedes.com\/web\/wp-json\/wp\/v2\/media?parent=26285"}],"curies":[{"name":"wp","href":"https:\/\/api.w.org\/{rel}","templated":true}]}}