{"id":22839,"date":"2022-08-01T11:51:58","date_gmt":"2022-08-01T09:51:58","guid":{"rendered":"https:\/\/bisbalpenedes.com\/web\/?page_id=22839"},"modified":"2022-08-01T11:51:58","modified_gmt":"2022-08-01T09:51:58","slug":"consulta-publica-ordenanca-sorolls-vibracions","status":"publish","type":"page","link":"https:\/\/bisbalpenedes.com\/web\/consulta-publica-ordenanca-sorolls-vibracions\/","title":{"rendered":"ANUNCIS AL PORTAL WEB DE L&#8217;AJUNTAMENT DE LA CONSULTA P\u00daBLICA  SOBRE L&#8217;ORDENAN\u00c7A MUNICIPAL SOBRE SOROLLS I VIBRACIONS"},"content":{"rendered":"\n<figure class=\"wp-block-image size-full\"><img loading=\"lazy\" width=\"865\" height=\"443\" src=\"https:\/\/bisbalpenedes.com\/web\/wp-content\/uploads\/2022\/08\/ordenanca-sorolls.jpg\" alt=\"\" class=\"wp-image-22840\" srcset=\"https:\/\/bisbalpenedes.com\/web\/wp-content\/uploads\/2022\/08\/ordenanca-sorolls.jpg 865w, https:\/\/bisbalpenedes.com\/web\/wp-content\/uploads\/2022\/08\/ordenanca-sorolls-300x154.jpg 300w, https:\/\/bisbalpenedes.com\/web\/wp-content\/uploads\/2022\/08\/ordenanca-sorolls-768x393.jpg 768w, https:\/\/bisbalpenedes.com\/web\/wp-content\/uploads\/2022\/08\/ordenanca-sorolls-600x307.jpg 600w\" sizes=\"(max-width: 865px) 100vw, 865px\" \/><\/figure>\n\n\n\n<p class=\"has-vivid-cyan-blue-color has-text-color\"><strong><strong><strong>Consulta p\u00fablica per a la confecci\u00f3 de l\u2019ordenan\u00e7a municipal sobre sorolls i vibracions<\/strong><\/strong><\/strong><\/p>\n\n\n\n<p><strong>Fins al 13 de setembre de 2022 <\/strong>podeu participar en la consulta p\u00fablica per a la confecci\u00f3 de l\u2019ordenan\u00e7a municipal sobre sorolls i vibracions.\u00a0<\/p>\n\n\n\n<p>L\u2019objectiu de la consulta \u00e9s recollir l\u2019opini\u00f3 dels bisbalencs i bisbalencs sobre aquesta nova ordenan\u00e7a.&nbsp;<\/p>\n\n\n\n<p>Els regidors i regidores del PSC, Units per la Bisbal i ERC van presentar una proposta d\u2019aprovaci\u00f3 inicial d\u2019ordenan\u00e7a municipal sobre sorolls i vibracions. No es va aprovar inicialment perqu\u00e8 l\u2019article 133 de la Llei 39\/2015, d&#8217;1 d&#8217;octubre, del Procediment Administratiu Com\u00fa de les Administracions P\u00fabliques, indica que, amb car\u00e0cter previ a l\u2019elaboraci\u00f3 del projecte o avantprojecte de llei o de reglament, s\u2019ha de realitzar una consulta p\u00fablica a trav\u00e9s del portal web de l\u2019Ajuntament. La consulta p\u00fabica \u00e9s per demanar l\u2019opini\u00f3 de la ciutadania i de les organitzacions m\u00e9s representatives potencialment afectats per la futura norma sobre:<\/p>\n\n\n\n<p>-Els problemes que es pretenen solucionar amb la iniciativa.<\/p>\n\n\n\n<p>-La necessitat i oportunitat de la seva aprovaci\u00f3.<\/p>\n\n\n\n<p>-Els objectius de la norma.<\/p>\n\n\n\n<p>-Les possibles solucions alternatives reguladores i no reguladores<\/p>\n\n\n\n<p><strong>CONSULTA P\u00daBLICA ORDENAN\u00c7A SOROLLS I VIBRACIONS<\/strong><br><div style=\"display:none\" class=\"fm-form-container fm-theme1\"><div id=\"fm-pages9\" class=\"fm-pages wdform_page_navigation \" show_title=\"\" show_numbers=\"1\" type=\"none\"><\/div><form name=\"form9\" action=\"\/web\/wp-json\/wp\/v2\/pages\/22839\" method=\"post\" id=\"form9\" class=\"fm-form form9  \" enctype=\"multipart\/form-data\"><input type=\"hidden\" id=\"fm_page_id9\" value=\"22839\" name=\"fm_page_id9\" \/><input type=\"hidden\" id=\"fm_current_post_type9\" value=\"page\" name=\"fm_current_post_type9\" \/><input type=\"hidden\" id=\"counter9\" value=\"15\" name=\"counter9\" \/><input type=\"hidden\" id=\"Itemid9\" value=\"\" name=\"Itemid9\" \/><input type=\"hidden\" id=\"fm_shake9\" value=\"1\" name=\"fm_shake9\" \/><input type=\"text\" class=\"fm-hide\" id=\"fm_empty_field_validation9\" value=\"\" name=\"fm_empty_field_validation9\" data-value=\"bd736efb144d599cf463541431fbf5c4\" \/><div class=\"fm-header-bg\"><div class=\"fm-header \"><div class=\"fm-header-text\">          <div class=\"fm-header-title\">            Consulta p\u00fablica ordenan\u00e7a conservaci\u00f3 i neteja solars buits          <\/div>          <div class=\"fm-header-description\">                      <\/div>        <\/div><\/div><\/div><div class=\"wdform-page-and-images fm-form-builder\"><div id=\"9form_view1\" class=\"wdform_page\" page_title=\"Untitled page\" next_title=\"Next\" next_type=\"text\" next_class=\"wdform-page-button\" next_checkable=\"true\" previous_title=\"Previous\" previous_type=\"text\" previous_class=\"wdform-page-button\" previous_checkable=\"false\"><div class=\"wdform_section\"><div class=\"wdform_column\"><div wdid=\"2\" class=\"wdform_row\"><div type=\"type_name\" class=\"wdform-field wd-width-100 wd-flex wd-flex-column fm-type_name\" ><div class=\"wdform-label-section wd-width-100  wd-flex-row\">    <label  for=\"wdform_2_element_first9\" class=\"wdform-label\">Nom Complet<\/label><span class=\"wdform-required\">*<\/span><\/div><div class=\"wdform-element-section wd-flex  wd-flex-row wd-width-100\" ><div class=\"wd-flex wd-flex-column wd-width-50\"><input type=\"text\" class=\"wd-width-100\" id=\"wdform_2_element_first9\" name=\"wdform_2_element_first9\" data-value=\"\" value=\"\" title=\"\" placeholder=\"\"  \/><label class=\"mini_label\" for=\"wdform_2_element_first9\">Nom<\/label><\/div><div class=\"wd-flex wd-flex-column wd-name-separator\"><\/div><div class=\"wd-flex wd-flex-column wd-width-50\"><input type=\"text\" class=\"wd-width-100\" id=\"wdform_2_element_last9\" name=\"wdform_2_element_last9\" data-value=\"\" value=\"\" title=\"\" placeholder=\"\"  \/><label class=\"mini_label\" for=\"wdform_2_element_last9\">Cognoms<\/label><\/div><\/div><\/div><\/div><\/div><div class=\"wdform_column\"><div wdid=\"3\" class=\"wdform_row\" style=\"position: relative; left: 0px; top: 0px;\"><div type=\"type_submitter_mail\" class=\"wdform-field wd-width-100 wd-flex wd-flex-column fm-type_submitter_mail\" ><div class=\"wdform-label-section wd-width-100  wd-flex-row\">    <label  for=\"wdform_3_element9\" class=\"wdform-label\">Email<\/label><span class=\"wdform-required\">*<\/span><\/div><div class=\"wdform-element-section wd-flex  wd-flex-row wd-width-100\" ><input type=\"text\" class=\"wd-width-100\" id=\"wdform_3_element9\" name=\"wdform_3_element9\" data-value=\"\" value=\"\" title=\"\" placeholder=\"\"   onchange=\"wd_check_email('3', '9', 'Aix\u00f2 no \u00e9s una adre\u00e7a de correu electr\u00f2nic v\u00e0lida.')\" \/><\/div><\/div><\/div><\/div><div class=\"wdform_column\"><div wdid=\"5\" class=\"wdform_row\"><div type=\"type_textarea\" class=\"wdform-field wd-width-100 wd-flex wd-flex-column fm-type_textarea\" ><div class=\"wdform-label-section wd-width-100 \">    <label  for=\"wdform_5_element9\" class=\"wdform-label\">DESCRIPCI\u00d3 DE LA VOSTRA PROPOSTA<\/label><\/div><div class=\"wdform-element-section wd-flex  wd-width-100\" ><textarea class=\"wd-width-100\"                      id=\"wdform_5_element9\"                      name=\"wdform_5_element9\"                      placeholder=\"\"                      data-value=\"\"                      maxlength=\"\"                      style=\"height: 100px;\"                      ><\/textarea><\/div><\/div><\/div><\/div><div class=\"wdform_column\"><div wdid=\"14\" class=\"wdform_row\"><div type=\"type_textarea\" class=\"wdform-field wd-width-100 wd-flex wd-flex-column fm-type_textarea\" ><div class=\"wdform-label-section wd-width-100 \">    <label  for=\"wdform_14_element9\" class=\"wdform-label\">PROPOSTA ALTERNATIVA<\/label><\/div><div class=\"wdform-element-section wd-flex  wd-width-100\" ><textarea class=\"wd-width-100\"                      id=\"wdform_14_element9\"                      name=\"wdform_14_element9\"                      placeholder=\"\"                      data-value=\"\"                      maxlength=\"\"                      style=\"height: 100px;\"                      ><\/textarea><\/div><\/div><\/div><\/div><div class=\"wdform_column\"><div wdid=\"1\" class=\"wdform_row\"><div type=\"type_submit_reset\" class=\"wdform-field wd-width-100 wd-flex wd-flex-column fm-type_submit_reset\" ><div class=\"wdform-element-section wd-flex  wd-flex-row wd-justify-content-left wd-width-100\" ><button  type=\"button\" class=\"button-submit\" onclick=\"fm_submit_form('9');\"  attribute=value data-ajax=\"0\"><span class=\"fm-submit-loading spinner fm-ico-spinner\"><\/span>Envia<\/button><button  type=\"button\" class=\"button-reset wd-hidden\" onclick=\"fm_reset_form(9);\"  attribute=value>Reset<\/button><\/div><\/div><\/div><\/div><\/div><div valign=\"top\" class=\"wdform_footer wd-width-100\"><div class=\"wd-width-100\"><div class=\"wd-width-100 wd-table\" style=\"padding-top:10px;\"><div class=\"wd-table-group\"><div id=\"9page_nav1\" class=\"wd-table-row\"><\/div><\/div><\/div><\/div><\/div><\/div><\/div><div class=\"wdform_preload\"><\/div><input type=\"hidden\" name=\"fm-current-page\" value=\"https:\/\/bisbalpenedes.com\/web\/wp-json\/wp\/v2\/pages\/22839\" \/><\/form><\/div><\/p>\n\n\n\n<p>Av\u00eds legal i Pol\u00edtica de Privacitat<br>Protecci\u00f3 de Dades Personals<br>En virtut de la Llei 15\/1999 de 13 de desembre, sobre la Protecci\u00f3 de Dades de Car\u00e0cter Personal, el fem coneixedor que les seves dades personals, que poden estar en aquesta comunicaci\u00f3, estan incorporades en un fitxer automatitzat responsabilitat de l&#8217;Ajuntament de la Bisbal del Pened\u00e8s NIF: P-4302800J. La finalitat d\u2019aquest fitxer \u00e9s gestionar la relaci\u00f3 negocial i informar-lo dels nostres serveis. Aquestes dades no seran transmeses a terceres persones. Si desitja exercir els drets d\u2019acc\u00e9s, rectificaci\u00f3, cancel\u2022laci\u00f3, oposici\u00f3, o no desitja rebre m\u00e9s informaci\u00f3 pot dirigir-se a: l&#8217;Ajuntament de la Bisbal del Pened\u00e8s, c. Major, 21. 43717 la Bisbal del Pened\u00e8s, o b\u00e9, enviar un correu electr\u00f2nic a info@bisbalpenedes.com<\/p>\n","protected":false},"excerpt":{"rendered":"<p>Consulta p\u00fablica per a la confecci\u00f3 de l\u2019ordenan\u00e7a municipal sobre sorolls i vibracions Fins al 13 de setembre de 2022 podeu participar en la consulta p\u00fablica per a la confecci\u00f3 &hellip; <a href=\"https:\/\/bisbalpenedes.com\/web\/consulta-publica-ordenanca-sorolls-vibracions\/\" class=\"more-link\">Read More<\/a><\/p>\n","protected":false},"author":1,"featured_media":0,"parent":0,"menu_order":0,"comment_status":"closed","ping_status":"closed","template":"","meta":[],"_links":{"self":[{"href":"https:\/\/bisbalpenedes.com\/web\/wp-json\/wp\/v2\/pages\/22839"}],"collection":[{"href":"https:\/\/bisbalpenedes.com\/web\/wp-json\/wp\/v2\/pages"}],"about":[{"href":"https:\/\/bisbalpenedes.com\/web\/wp-json\/wp\/v2\/types\/page"}],"author":[{"embeddable":true,"href":"https:\/\/bisbalpenedes.com\/web\/wp-json\/wp\/v2\/users\/1"}],"replies":[{"embeddable":true,"href":"https:\/\/bisbalpenedes.com\/web\/wp-json\/wp\/v2\/comments?post=22839"}],"version-history":[{"count":1,"href":"https:\/\/bisbalpenedes.com\/web\/wp-json\/wp\/v2\/pages\/22839\/revisions"}],"predecessor-version":[{"id":22841,"href":"https:\/\/bisbalpenedes.com\/web\/wp-json\/wp\/v2\/pages\/22839\/revisions\/22841"}],"wp:attachment":[{"href":"https:\/\/bisbalpenedes.com\/web\/wp-json\/wp\/v2\/media?parent=22839"}],"curies":[{"name":"wp","href":"https:\/\/api.w.org\/{rel}","templated":true}]}}