{"id":21871,"date":"2022-05-24T11:58:27","date_gmt":"2022-05-24T09:58:27","guid":{"rendered":"https:\/\/bisbalpenedes.com\/web\/?page_id=21871"},"modified":"2022-08-01T12:04:03","modified_gmt":"2022-08-01T10:04:03","slug":"avis-legal","status":"publish","type":"page","link":"https:\/\/bisbalpenedes.com\/web\/avis-legal\/","title":{"rendered":"Avis Legal"},"content":{"rendered":"\n<h3>Dades Legals<\/h3>\n\n\n\n<p>Segons estableix la Llei 34 \/ 2002, del 11 de juliol, de Serveis de la Societat de la Informaci\u00f3 i de Comer\u00e7 Electr\u00f2nic, B.O.E. n\u00ba 166, s\u2019ofereix a tots els usuaris i visitants la informaci\u00f3 legal relativa a la societat propiet\u00e0ria del lloc Web ubicat a la direcci\u00f3 d\u2019Internet www.bisbalpenedes.com<\/p>\n\n\n\n<h3>1. Dades Identificatives<\/h3>\n\n\n\n<p>Ajuntament de la Bisbal del Pened\u00e8s<br>Carrer Major 21<br>43717 La Bisbal del Pened\u00e8s<br>Tlf: 977 688438<br>Correu:  info@bisbalpenedes.com<br>CIF:&nbsp;P4302800J<br>Dades Registrals: Registre d\u2019Ens Locals de la Generalitat de Catalunya<\/p>\n\n\n\n<h3>2. Pol\u00edtica d\u2019enlla\u00e7os<\/h3>\n\n\n\n<p>La funci\u00f3 dels enlla\u00e7os que apareixen en aquesta p\u00e0gina t\u00e9 nom\u00e9s finalitat informativa. L\u2019Ajuntament de La Bisbal del Pened\u00e8s&nbsp;rebutja la responsabilitat sobre la informaci\u00f3 continguda en aquestes p\u00e0gines Web. Les eventuals refer\u00e8ncies que es realitzen en el Web de l\u2019Ajuntament de La Bisbal del Pened\u00e8s&nbsp;a qualsevol producte, servei, proc\u00e9s, enlla\u00e7, hipertext o qualsevol altra informaci\u00f3 utilitzant la marca, el nom comercial o el fabricant o subministrador, que siguin de titularitat de tercers no constitueix o implica recolzament, patrocini o recomanaci\u00f3 per part de l\u2019Ajuntament de La Bisbal del Pened\u00e8s<\/p>\n\n\n\n<p><\/p>\n\n\n\n<h3>3. Limitaci\u00f3 de Responsabilitats<\/h3>\n\n\n\n<p>L\u2019Ajuntament de La Bisbal del Pened\u00e8s no controla ni garanteix l\u2019abs\u00e8ncia de virus ni d\u2019altres elements en els continguts que puguin produir alteracions en el sistema inform\u00e0tic de l\u2019usuari (software y hardware), documents electr\u00f2nics i fitxers emmagatzemats en el seu sistema inform\u00e0tic. Per aix\u00f2, l\u2019Ajuntament de La Bisbal del Pened\u00e8s no es fa responsable de cap dany ni perjudici que sofreixi l\u2019usuari per l\u2019exist\u00e8ncia de virus o altres elements en el lloc Web. L\u2019Ajuntament deLa Bisbal del Pened\u00e8s no pot garantir l\u2019abs\u00e8ncia d\u2019errors tecnol\u00f2gics, ni la permanent disponibilitat del lloc Web i dels serveis continguts en ell i, en conseq\u00fc\u00e8ncia, no assumeix responsabilitat alguna per danys y perjudicis que es puguin generar per falta de disponibilitat i errors en l\u2019acc\u00e9s. L\u2019Ajuntament de La Bisbal del Pened\u00e8s no pot garantir que les transmissions d\u2019informaci\u00f3 a trav\u00e9s d\u2019Internet siguin totalment segures, ja que intervenen m\u00faltiples factors fora del control de l\u2019Ajuntament de La Bisbal del Pened\u00e8s, entre altres la pr\u00f2pia configuraci\u00f3 inform\u00e0tica de l\u2019usuari, la seguretat aplicada a les xarxes p\u00fabliques de telecomunicacions, etc. L\u2019Ajuntament de La Bisbal del Pened\u00e8s no es fa responsable dels danys o perjudicis que sofreixi l\u2019usuari per possibles conting\u00e8ncies en la transmissi\u00f3 d\u2019informaci\u00f3, com s\u00f3n la p\u00e8rdua de dades o accessos no autoritzats de terceres persones.<\/p>\n\n\n\n<h3>3. Jurisdicci\u00f3 i Lleis aplicables<\/h3>\n\n\n\n<p>Qualsevol controv\u00e8rsia relativa a les condicions d\u2019\u00fas i acc\u00e9s a aquest lloc Web contingudes en la present Informaci\u00f3 Legal, aix\u00ed com qualsevol relaci\u00f3 entre vost\u00e8 com Usuari \u2013 Visitant i l\u2019Ajuntament de La Bisbal del Pened\u00e8s es regir\u00e0 per la legislaci\u00f3 espanyola, renunciant expressament les parts al fur que els correspongui, i sotmetent-se als Jutjats i Tribunals competents.<\/p>\n\n\n\n<p><\/p>\n\n\n\n<h3 class=\"has-medium-font-size\">4. Informaci\u00f3 Legal LSSIICE<\/h3>\n\n\n\n<p>D\u2019acord amb les obligacions previstes en la Llei 34\/2002, de Serveis de la Societat de la Informaci\u00f3 i de Comer\u00e7 Electr\u00f2nic (en endavant LSSICE), <strong>AJUNTAMENT DE LA BISBAL DEL PENED\u00c8S<\/strong> manifesta que el domini www.bisbalpenedes.com <strong>&nbsp;\u00e9s propietat de <\/strong><strong>AJUNTAMENT DE LA BISBAL DEL PENED\u00c8S<\/strong>, amb CIF P4302800J, i amb domicili al Carrer Major 21 , 43717&nbsp; La Bisbal del Pened\u00e8s (TARRAGONA)<\/p>\n\n\n\n<p><strong>AJUNTAMENT DE LA BISBAL DEL PENED\u00c8S<\/strong> no pot assumir cap responsabilitat derivada de l&#8217;\u00fas incorrecte, inadequat o il\u00b7l\u00edcit de la informaci\u00f3 apareguda en les seves p\u00e0gines d&#8217;Internet. Amb els l\u00edmits establerts en la llei, <strong>AJUNTAMENT DE LA BISBAL DEL PENED\u00c8S<\/strong> no assumeix cap responsabilitat derivada de la falta de veracitat, integritat, actualitzaci\u00f3 i precisi\u00f3 de les dades o informacions que es contenen en les seves p\u00e0gines d&#8217;Internet.<\/p>\n\n\n\n<p>Els continguts i informaci\u00f3 de les p\u00e0gines d&#8217;Internet de <strong>AJUNTAMENT DE LA BISBAL DEL PENED\u00c8S<\/strong> estan elaborades per professionals de la mateixa degudament qualificats per a l&#8217;exercici de la seva professi\u00f3. No obstant aix\u00f2, els continguts i informaci\u00f3 no vinculen a l\u2019esmentada corporaci\u00f3 ni constitueixen opinions, consells o assessorament legal de cap tipus, doncs es tracta merament d&#8217;un servei ofert amb car\u00e0cter informatiu i divulgatiu. Les p\u00e0gines d&#8217;Internet de <strong>AJUNTAMENT DE LA BISBAL DEL PENED\u00c8S<\/strong> poden contenir enlla\u00e7os (links) a altres p\u00e0gines de terceres parts. Per tant, aquesta no pot assumir responsabilitats pel contingut que pugui apar\u00e8ixer en p\u00e0gines de tercers. Els textos, imatges, sons, animacions, programari i la resta de continguts inclosos en aquest website s\u00f3n propietat exclusiva de <strong>AJUNTAMENT DE LA BISBAL DEL PENED\u00c8S<\/strong> o les seves llicenciants. Qualsevol acte de transmissi\u00f3, distribuci\u00f3, cessi\u00f3, reproducci\u00f3, emmagatzematge o comunicaci\u00f3 p\u00fablica total o parcial, ha de comptar amb el consentiment expr\u00e9s de <strong>AJUNTAMENT DE LA BISBAL DEL PENED\u00c8S<\/strong> .<\/p>\n\n\n\n<p>De la mateixa manera es reserva el dret a retirar l\u2019acc\u00e9s al Portal, sense necessitat de previ av\u00eds, a qualsevol usuari que contravingui el disposat en aquest av\u00eds legal.<\/p>\n\n\n\n<h3>\u00a05. Protecci\u00f3 de dades personals<\/h3>\n\n\n\n<p>En virtut de la&nbsp; normativa de&nbsp; Protecci\u00f3 de Dades de Car\u00e0cter Personal, per la present autoritza a que les dades personals facilitades siguin&nbsp; incorporades en un fitxer denominat \u201cMarqueting i Xarxes socials\u201d responsabilitat de <strong>AJUNTAMENT DE LA BISBAL DEL PENED\u00c8S<\/strong> , i seu social a Carrer Major 21 , 43717&nbsp; La Bisbal del Pened\u00e8s (TARRAGONA)<\/p>\n\n\n\n<p>La finalitat d\u2019aquest tractament&nbsp; \u00e9s la de gestionar la relaci\u00f3 negocial i informar-lo dels nostres serveis. Aquestes dades no seran transmeses a terceres persones i seran conservades sempre que sigui imprescindible o leg\u00edtim per la finalitat que es van captar.<\/p>\n\n\n\n<p>En qualsevol cas podr\u00e0 indicar la revocaci\u00f3 del consentiment atorgat, aix\u00ed com exercitar els drets d\u2019acc\u00e9s, rectificaci\u00f3 o supressi\u00f3, la limitaci\u00f3 del tractament o oposar-se, aix\u00ed com el dret a la portabilitat de les dades. Aquestes peticions caldr\u00e0 que es faci al Carrer Major 21 , 43717&nbsp; La Bisbal del Pened\u00e8s (TARRAGONA)<\/p>\n\n\n\n<p>S\u2019informa que tamb\u00e9 pot presentar una reclamaci\u00f3, si aix\u00ed ho considera, davant l\u2019Autoritat Catalana de Protecci\u00f3 de Dades o b\u00e9 posar-se en contacte amb el Delegat de Protecci\u00f3 de Dades a info@bisbalpenedes.com &nbsp;<\/p>\n\n\n\n<h3>6. Propietat industrial i intel.lectual<\/h3>\n\n\n\n<p>Aquesta web \u00e9s propietat de <strong>AJUNTAMENT DE LA BISBAL DEL PENED\u00c8S<\/strong> . Els drets de Propietat Intel\u00b7lectual i drets d&#8217;explotaci\u00f3 i reproducci\u00f3 d&#8217;aquesta web, de les seves p\u00e0gines, pantalles, la Informaci\u00f3 que contenen, la seva aparen\u00e7a i disseny, aix\u00ed com els vincles (&#8220;hiperlinks&#8221;) que s&#8217;estableixin des d&#8217;ella a altres p\u00e0gines web de qualsevol centre adscrits o organisme depenent, s\u00f3n propietat exclusiva d&#8217;aquesta, tret que expressament s&#8217;especifiqui altra cosa.<\/p>\n\n\n\n<p>Qualsevol denominacions, dissenys i\/o logotips, aix\u00ed com qualsevol producte o servei oferts i reflectits en aquesta p\u00e0gina web, s\u00f3n marques degudament registrades per <strong>AJUNTAMENT DE LA BISBAL DEL PENED\u00c8S<\/strong>.<\/p>\n\n\n\n<p>Qualsevol \u00fas indegut de les mateixes per persones diferents del seu leg\u00edtim titular i sense el consentiment expr\u00e9s i inequ\u00edvoc per part d&#8217;aquest podr\u00e0 ser denunciat i perseguit a trav\u00e9s de tots els mitjans legals existents en l&#8217;Ordenament Jur\u00eddic espanyol i\/o comunitari.<\/p>\n\n\n\n<p>Els drets de propietat intel\u00b7lectual i marques de tercers estan destacats convenientment i han de ser respectats per tot aquell que accedeixi a aquesta p\u00e0gina, no sent responsabilitat de <strong>AJUNTAMENT DE LA BISBAL DEL PENED\u00c8S<\/strong> l&#8217;\u00fas que L&#8217;USUARI pugui portar a terme referent a aix\u00f2, recaient la responsabilitat exclusiva en la seva persona.<\/p>\n\n\n\n<p>Nom\u00e9s per a \u00fas personal i privat es permet descarregar els continguts, copiar o imprimir qualsevol p\u00e0gina d&#8217;aquesta web. Queda prohibit reproduir, transmetre, modificar o suprimir la informaci\u00f3, contingut o advertiments d&#8217;aquesta web sense la pr\u00e8via autoritzaci\u00f3 per escrit de <strong>AJUNTAMENT DE LA BISBAL DEL PENED\u00c8S<\/strong><\/p>\n\n\n\n<p><strong>AJUNTAMENT DE LA BISBAL DEL PENED\u00c8S<\/strong> no transfereix als usuaris la propietat del seu software. L\u2019usuari \u00c9s el propietari del suport en el qual el software es gravat. <strong>AJUNTAMENT DE LA BISBAL DEL PENED\u00c8S<\/strong> posseeix tots els drets de propietat industrial i intelectual, incloent el sowftare. Si l\u2019 usuari transfereix software d\u2019 aquest website al seu terminal, no podr\u00e0 disseccionar pel seu estudi i&nbsp; descompilar, traduir la versi\u00f3 del codi objecte original o el seu llenguatge a un altre codi o llenguatge.<\/p>\n\n\n\n<h3>7. Pol\u00edtica de devolucions<\/h3>\n\n\n\n<p>En virtut de l\u2019article 15 del Reial decret 520\/2005, de 13 de maig, pel qual s\u2019aprova el Reglament General de Desenvolupament de la Llei 58\/2003, de 17 de desembre, General Tribut\u00e0ria, en Mat\u00e8ria de Revisi\u00f3 en Via Administrativa, el dret a obtenir la devoluci\u00f3 d\u2019ingressos indeguts podr\u00e0 recon\u00e8ixer-se en diversos procediments, entre els quals est\u00e0 el procediment regulat en la Secci\u00f3 II del Cap\u00edtol V del citat Reial decret, que ser\u00e0 d\u2019aplicaci\u00f3 per als sup\u00f2sits previstos en l\u2019article 221.1 de la Llei 58\/2003, de 17 de desembre, General Tribut\u00e0ria.<\/p>\n\n\n\n<h3>8.Llei aplicable i jurisdicci\u00f3<\/h3>\n\n\n\n<p>Les presents condicions generals es regeixen per la Legislaci\u00f3 espanyola, sent competents els Jutjats i Tribunals espanyols per a con\u00e8ixer de quantes q\u00fcestions se suscitin sobre la interpretaci\u00f3, aplicaci\u00f3 i compliment de les mateixes. L&#8217;USUARI, en virtut de la seva acceptaci\u00f3 a les condicions generals recollides en aquest av\u00eds legal, renuncia expressament a qualsevol fur que, per aplicaci\u00f3 de la Llei d&#8217;Enjudiciament Civil vigent pogu\u00e9s correspondre-li.<\/p>\n","protected":false},"excerpt":{"rendered":"<p>Dades Legals Segons estableix la Llei 34 \/ 2002, del 11 de juliol, de Serveis de la Societat de la Informaci\u00f3 i de Comer\u00e7 Electr\u00f2nic, B.O.E. n\u00ba 166, s\u2019ofereix a &hellip; <a href=\"https:\/\/bisbalpenedes.com\/web\/avis-legal\/\" class=\"more-link\">Read More<\/a><\/p>\n","protected":false},"author":1,"featured_media":0,"parent":0,"menu_order":0,"comment_status":"closed","ping_status":"closed","template":"","meta":[],"_links":{"self":[{"href":"https:\/\/bisbalpenedes.com\/web\/wp-json\/wp\/v2\/pages\/21871"}],"collection":[{"href":"https:\/\/bisbalpenedes.com\/web\/wp-json\/wp\/v2\/pages"}],"about":[{"href":"https:\/\/bisbalpenedes.com\/web\/wp-json\/wp\/v2\/types\/page"}],"author":[{"embeddable":true,"href":"https:\/\/bisbalpenedes.com\/web\/wp-json\/wp\/v2\/users\/1"}],"replies":[{"embeddable":true,"href":"https:\/\/bisbalpenedes.com\/web\/wp-json\/wp\/v2\/comments?post=21871"}],"version-history":[{"count":3,"href":"https:\/\/bisbalpenedes.com\/web\/wp-json\/wp\/v2\/pages\/21871\/revisions"}],"predecessor-version":[{"id":22845,"href":"https:\/\/bisbalpenedes.com\/web\/wp-json\/wp\/v2\/pages\/21871\/revisions\/22845"}],"wp:attachment":[{"href":"https:\/\/bisbalpenedes.com\/web\/wp-json\/wp\/v2\/media?parent=21871"}],"curies":[{"name":"wp","href":"https:\/\/api.w.org\/{rel}","templated":true}]}}