{"id":21732,"date":"2022-05-13T12:18:31","date_gmt":"2022-05-13T10:18:31","guid":{"rendered":"https:\/\/bisbalpenedes.com\/web\/?page_id=21732"},"modified":"2022-06-02T13:38:26","modified_gmt":"2022-06-02T11:38:26","slug":"pressupost-participatiu-2022","status":"publish","type":"page","link":"https:\/\/bisbalpenedes.com\/web\/pressupost-participatiu-2022\/","title":{"rendered":"Pressupost participatiu 2022"},"content":{"rendered":"\n<p><strong>S\u2019obre el termini per fer propostes per al Pressupost Participatiu 2022<\/strong><\/p>\n\n\n\n<p>L\u2019Ajuntament de la Bisbal del Pened\u00e8s continua apostant per destinar una part del pressupost a les propostes que arriben directament des de la ciutadania i obre la consulta p\u00fablica mitjan\u00e7ant el web municipal  <\/p>\n\n\n\n<p class=\"has-pale-cyan-blue-background-color has-background\"><strong>La partida total del pressupost municipal del 2022 per als pressupostos participatius ascendeix a 72.000\u20ac i el funcionament ser\u00e0 el seg\u00fcent:<\/strong><\/p>\n\n\n\n<p class=\"has-white-color has-light-green-cyan-background-color has-text-color has-background\"><span style=\"color: #ff0000;\"><strong>*&nbsp;<\/strong><\/span><strong>El Periode de la consulta: del 16 al 31 de maig de 2022. <\/strong><\/p>\n\n\n\n<ul id=\"block-94e303e3-e860-4186-9874-fcb4e15bfd1d\"><li>L\u2019Ajuntament valorar\u00e0 les propostes durant el mes de juny i preparar\u00e0 un m\u00e0xim de 5 propostes finalistes per a cada nucli.<\/li><li>Es repartir\u00e0 una cartolina amb les propostes per les cases (amb les propostes d\u2019aquell barri) i caldr\u00e0 dipositar el vot de forma presencial els dies i llocs que publicarem a mitjans del mes de juny.<\/li><li>Durant el mes de setembre es faran p\u00fabliques les propostes m\u00e9s votades i aquestes s\u2019executaran entre els mesos d\u2019octubre i desembre.<\/li><\/ul>\n\n\n\n<p>Quines propostes es poden presentar:<\/p>\n\n\n\n<ul><li>Propostes en benefici del barris o pel conjunt del municipi<\/li><li>Han de ser inversions. No poden ser manteniments ni reparacions.<\/li><li>Les inversions han de ser relacionades amb l\u2019espai p\u00fablic i\/o la millora dels equipaments municipals, de compet\u00e8ncia municipal i sobre b\u00e9ns de propietat municipal, concretes i que donin resposta a una necessitat determinada.<\/li><li>Que siguin viables t\u00e8cnicament.<\/li><li>Que no suposin un elevat cost de manteniment, un cop realitzades.<\/li><\/ul>\n","protected":false},"excerpt":{"rendered":"<p>S\u2019obre el termini per fer propostes per al Pressupost Participatiu 2022 L\u2019Ajuntament de la Bisbal del Pened\u00e8s continua apostant per destinar una part del pressupost a les propostes que arriben &hellip; <a href=\"https:\/\/bisbalpenedes.com\/web\/pressupost-participatiu-2022\/\" class=\"more-link\">Read More<\/a><\/p>\n","protected":false},"author":1,"featured_media":21733,"parent":0,"menu_order":0,"comment_status":"closed","ping_status":"closed","template":"","meta":[],"_links":{"self":[{"href":"https:\/\/bisbalpenedes.com\/web\/wp-json\/wp\/v2\/pages\/21732"}],"collection":[{"href":"https:\/\/bisbalpenedes.com\/web\/wp-json\/wp\/v2\/pages"}],"about":[{"href":"https:\/\/bisbalpenedes.com\/web\/wp-json\/wp\/v2\/types\/page"}],"author":[{"embeddable":true,"href":"https:\/\/bisbalpenedes.com\/web\/wp-json\/wp\/v2\/users\/1"}],"replies":[{"embeddable":true,"href":"https:\/\/bisbalpenedes.com\/web\/wp-json\/wp\/v2\/comments?post=21732"}],"version-history":[{"count":6,"href":"https:\/\/bisbalpenedes.com\/web\/wp-json\/wp\/v2\/pages\/21732\/revisions"}],"predecessor-version":[{"id":26294,"href":"https:\/\/bisbalpenedes.com\/web\/wp-json\/wp\/v2\/pages\/21732\/revisions\/26294"}],"wp:featuredmedia":[{"embeddable":true,"href":"https:\/\/bisbalpenedes.com\/web\/wp-json\/wp\/v2\/media\/21733"}],"wp:attachment":[{"href":"https:\/\/bisbalpenedes.com\/web\/wp-json\/wp\/v2\/media?parent=21732"}],"curies":[{"name":"wp","href":"https:\/\/api.w.org\/{rel}","templated":true}]}}