{"id":19935,"date":"2021-11-16T14:45:17","date_gmt":"2021-11-16T12:45:17","guid":{"rendered":"https:\/\/bisbalpenedes.com\/web\/?page_id=19935"},"modified":"2021-12-14T11:10:18","modified_gmt":"2021-12-14T09:10:18","slug":"pla-local-de-joventut-2021-2024-consulta-publica","status":"publish","type":"page","link":"https:\/\/bisbalpenedes.com\/web\/pla-local-de-joventut-2021-2024-consulta-publica\/","title":{"rendered":"PLA LOCAL DE JOVENTUT 2021-2024. CONSULTA P\u00daBLICA"},"content":{"rendered":"\n<p>La Regidoria de Joventut de l\u2019Ajuntament de la Bisbal del Pened\u00e8s tira endavant un proc\u00e9s participatiu amb l\u2019objectiu de con\u00e8ixer les idees, propostes i inquietuds dels joves de cara a la confecci\u00f3 del Pla Local de Joventut 2021-2024. S\u2019hi podr\u00e0 participar:<\/p>\n\n\n\n<figure class=\"wp-block-image size-large\"><img loading=\"lazy\" width=\"827\" height=\"428\" src=\"https:\/\/bisbalpenedes.com\/web\/wp-content\/uploads\/2021\/11\/bak_pla_local_2021_24.gif\" alt=\"\" class=\"wp-image-19939\"\/><\/figure>\n\n\n\n<p>-Del 17 de novembre al 1 de desembre deixant les vostres idees, inquietuds o propostes a trav\u00e9s del seg\u00fcent formulari<\/p>\n\n\n\n<ul><li>FINALITZAT<\/li><\/ul>\n\n\n\n<p>Av\u00eds legal i Pol\u00edtica de Privacitat<br>Protecci\u00f3 de Dades Personals<br>En virtut de la Llei 15\/1999 de 13 de desembre, sobre la Protecci\u00f3 de Dades de Car\u00e0cter Personal, el fem coneixedor que les seves dades personals, que poden estar en aquesta comunicaci\u00f3, estan incorporades en un fitxer automatitzat responsabilitat de l&#8217;Ajuntament de la Bisbal del Pened\u00e8s NIF: P-4302800J. La finalitat d\u2019aquest fitxer \u00e9s gestionar la relaci\u00f3 administrativa i informar-lo dels nostres serveis. Aquestes dades no seran transmeses a terceres persones. Si desitja exercir els drets d\u2019acc\u00e9s, rectificaci\u00f3, cancel\u2022laci\u00f3, oposici\u00f3, o no desitja rebre m\u00e9s informaci\u00f3 pot dirigir-se a: l&#8217;Ajuntament de la Bisbal del Pened\u00e8s, c. Major, 21. 43717 la Bisbal del Pened\u00e8s, o b\u00e9, enviar un correu electr\u00f2nic a info@bisbalpenedes.com<\/p>\n","protected":false},"excerpt":{"rendered":"<p>La Regidoria de Joventut de l\u2019Ajuntament de la Bisbal del Pened\u00e8s tira endavant un proc\u00e9s participatiu amb l\u2019objectiu de con\u00e8ixer les idees, propostes i inquietuds dels joves de cara a &hellip; <a href=\"https:\/\/bisbalpenedes.com\/web\/pla-local-de-joventut-2021-2024-consulta-publica\/\" class=\"more-link\">Read More<\/a><\/p>\n","protected":false},"author":1,"featured_media":0,"parent":0,"menu_order":0,"comment_status":"closed","ping_status":"closed","template":"","meta":[],"_links":{"self":[{"href":"https:\/\/bisbalpenedes.com\/web\/wp-json\/wp\/v2\/pages\/19935"}],"collection":[{"href":"https:\/\/bisbalpenedes.com\/web\/wp-json\/wp\/v2\/pages"}],"about":[{"href":"https:\/\/bisbalpenedes.com\/web\/wp-json\/wp\/v2\/types\/page"}],"author":[{"embeddable":true,"href":"https:\/\/bisbalpenedes.com\/web\/wp-json\/wp\/v2\/users\/1"}],"replies":[{"embeddable":true,"href":"https:\/\/bisbalpenedes.com\/web\/wp-json\/wp\/v2\/comments?post=19935"}],"version-history":[{"count":4,"href":"https:\/\/bisbalpenedes.com\/web\/wp-json\/wp\/v2\/pages\/19935\/revisions"}],"predecessor-version":[{"id":20327,"href":"https:\/\/bisbalpenedes.com\/web\/wp-json\/wp\/v2\/pages\/19935\/revisions\/20327"}],"wp:attachment":[{"href":"https:\/\/bisbalpenedes.com\/web\/wp-json\/wp\/v2\/media?parent=19935"}],"curies":[{"name":"wp","href":"https:\/\/api.w.org\/{rel}","templated":true}]}}