{"id":18393,"date":"2021-07-01T16:03:49","date_gmt":"2021-07-01T14:03:49","guid":{"rendered":"https:\/\/bisbalpenedes.com\/web\/?page_id=18393"},"modified":"2022-01-26T13:21:08","modified_gmt":"2022-01-26T11:21:08","slug":"consulta-publica-menus-saludables","status":"publish","type":"page","link":"https:\/\/bisbalpenedes.com\/web\/consulta-publica-menus-saludables\/","title":{"rendered":"Consulta P\u00fablica Men\u00fas saludables"},"content":{"rendered":"\n<p><strong>ANUNCIS AL PORTAL WEB DE L&#8217;AJUNTAMENT DE LA CONSULTA P\u00daBLICA DE MEN\u00daS SALUDABLES<\/strong> <\/p>\n\n\n\n<figure class=\"wp-block-image size-large\"><img loading=\"lazy\" width=\"1024\" height=\"397\" src=\"https:\/\/bisbalpenedes.com\/web\/wp-content\/uploads\/2022\/01\/consulta_menus_saludables_22-1024x397.jpg\" alt=\"\" class=\"wp-image-20736\" srcset=\"https:\/\/bisbalpenedes.com\/web\/wp-content\/uploads\/2022\/01\/consulta_menus_saludables_22-1024x397.jpg 1024w, https:\/\/bisbalpenedes.com\/web\/wp-content\/uploads\/2022\/01\/consulta_menus_saludables_22-600x233.jpg 600w, https:\/\/bisbalpenedes.com\/web\/wp-content\/uploads\/2022\/01\/consulta_menus_saludables_22-300x116.jpg 300w, https:\/\/bisbalpenedes.com\/web\/wp-content\/uploads\/2022\/01\/consulta_menus_saludables_22-768x298.jpg 768w, https:\/\/bisbalpenedes.com\/web\/wp-content\/uploads\/2022\/01\/consulta_menus_saludables_22.jpg 1050w\" sizes=\"(max-width: 1024px) 100vw, 1024px\" \/><\/figure>\n\n\n\n<p class=\"has-vivid-cyan-blue-color has-text-color\"><strong><strong>Consulta p\u00fablica pel reglament de funcionament del nou servei de men\u00fas saludable pels majors de 65 anys<\/strong>.<\/strong><\/p>\n\n\n\n<p><strong>Fins al 9 de mar\u00e7 de 2022 <\/strong>podeu participar en la consulta p\u00fablica per la confecci\u00f3 del reglament de funcionament del nou servei d&#8217;oferir men\u00fas saludables pels bisbalencs i bisbalenques majors de 65 anys.<\/p>\n\n\n\n<p>Des de la regidoria de gent gran s&#8217;est\u00e0 treballant per engegar un nou servei destinat als bisbalencs i les bisbalenques majors de 65 anys. Un servei que podran sol\u00b7licitar les persones grans empadronades al municipi: rebre a casa un men\u00fa saludable diari a un preu econ\u00f2mic.<\/p>\n\n\n\n<p>L&#8217;objectiu de la consulta \u00e9s recollir l&#8217;opini\u00f3 dels bisbalencs i bisbalenques d&#8217;aquest nou servei que es crear\u00e0. Una vegada redactada la proposta de reglament, aquesta haur\u00e0 d&#8217;aprovar-se al Ple de la Corporaci\u00f3 municipal.<\/p>\n\n\n\n<p><strong>CONSULTA P\u00daBLICA MEN\u00daS SALUDABLES<\/strong><br><\/p>\n\n\n\n<p>Av\u00eds legal i Pol\u00edtica de Privacitat<br>Protecci\u00f3 de Dades Personals<br>En virtut de la Llei 15\/1999 de 13 de desembre, sobre la Protecci\u00f3 de Dades de Car\u00e0cter Personal, el fem coneixedor que les seves dades personals, que poden estar en aquesta comunicaci\u00f3, estan incorporades en un fitxer automatitzat responsabilitat de l&#8217;Ajuntament de la Bisbal del Pened\u00e8s NIF: P-4302800J. La finalitat d\u2019aquest fitxer \u00e9s gestionar la relaci\u00f3 negocial i informar-lo dels nostres serveis. Aquestes dades no seran transmeses a terceres persones. Si desitja exercir els drets d\u2019acc\u00e9s, rectificaci\u00f3, cancel\u2022laci\u00f3, oposici\u00f3, o no desitja rebre m\u00e9s informaci\u00f3 pot dirigir-se a: l&#8217;Ajuntament de la Bisbal del Pened\u00e8s, c. Major, 21. 43717 la Bisbal del Pened\u00e8s, o b\u00e9, enviar un correu electr\u00f2nic a info@bisbalpenedes.com<\/p>\n","protected":false},"excerpt":{"rendered":"<p>ANUNCIS AL PORTAL WEB DE L&#8217;AJUNTAMENT DE LA CONSULTA P\u00daBLICA DE MEN\u00daS SALUDABLES Consulta p\u00fablica pel reglament de funcionament del nou servei de men\u00fas saludable pels majors de 65 anys. &hellip; <a href=\"https:\/\/bisbalpenedes.com\/web\/consulta-publica-menus-saludables\/\" class=\"more-link\">Read More<\/a><\/p>\n","protected":false},"author":1,"featured_media":0,"parent":0,"menu_order":0,"comment_status":"closed","ping_status":"closed","template":"","meta":[],"_links":{"self":[{"href":"https:\/\/bisbalpenedes.com\/web\/wp-json\/wp\/v2\/pages\/18393"}],"collection":[{"href":"https:\/\/bisbalpenedes.com\/web\/wp-json\/wp\/v2\/pages"}],"about":[{"href":"https:\/\/bisbalpenedes.com\/web\/wp-json\/wp\/v2\/types\/page"}],"author":[{"embeddable":true,"href":"https:\/\/bisbalpenedes.com\/web\/wp-json\/wp\/v2\/users\/1"}],"replies":[{"embeddable":true,"href":"https:\/\/bisbalpenedes.com\/web\/wp-json\/wp\/v2\/comments?post=18393"}],"version-history":[{"count":4,"href":"https:\/\/bisbalpenedes.com\/web\/wp-json\/wp\/v2\/pages\/18393\/revisions"}],"predecessor-version":[{"id":20745,"href":"https:\/\/bisbalpenedes.com\/web\/wp-json\/wp\/v2\/pages\/18393\/revisions\/20745"}],"wp:attachment":[{"href":"https:\/\/bisbalpenedes.com\/web\/wp-json\/wp\/v2\/media?parent=18393"}],"curies":[{"name":"wp","href":"https:\/\/api.w.org\/{rel}","templated":true}]}}