{"id":17752,"date":"2021-05-17T09:20:36","date_gmt":"2021-05-17T07:20:36","guid":{"rendered":"https:\/\/bisbalpenedes.com\/web\/?page_id=17752"},"modified":"2021-05-31T10:52:22","modified_gmt":"2021-05-31T08:52:22","slug":"bisbal-experience","status":"publish","type":"page","link":"https:\/\/bisbalpenedes.com\/web\/bisbal-experience\/","title":{"rendered":"Bisbal Experience: una experi\u00e8ncia que no et deixar\u00e0 indiferent"},"content":{"rendered":"\n<figure class=\"wp-block-image size-large\"><img loading=\"lazy\" width=\"1024\" height=\"943\" src=\"https:\/\/bisbalpenedes.com\/web\/wp-content\/uploads\/2021\/05\/labisbal_exp_cartell_one_quadrat-1024x943.jpg\" alt=\"\" class=\"wp-image-17756\" srcset=\"https:\/\/bisbalpenedes.com\/web\/wp-content\/uploads\/2021\/05\/labisbal_exp_cartell_one_quadrat-1024x943.jpg 1024w, https:\/\/bisbalpenedes.com\/web\/wp-content\/uploads\/2021\/05\/labisbal_exp_cartell_one_quadrat-600x553.jpg 600w, https:\/\/bisbalpenedes.com\/web\/wp-content\/uploads\/2021\/05\/labisbal_exp_cartell_one_quadrat-300x276.jpg 300w, https:\/\/bisbalpenedes.com\/web\/wp-content\/uploads\/2021\/05\/labisbal_exp_cartell_one_quadrat-768x707.jpg 768w, https:\/\/bisbalpenedes.com\/web\/wp-content\/uploads\/2021\/05\/labisbal_exp_cartell_one_quadrat.jpg 1200w\" sizes=\"(max-width: 1024px) 100vw, 1024px\" \/><\/figure>\n\n\n\n<h2>Viu l&#8217;experi\u00e8ncia i gaudeix de la difer\u00e8ncia a La Bisbal del Pened\u00e8s. <\/h2>\n\n\n\n<h2>Del 28 de maig al 6 de juny es faran tastos, demostracions i tallers organitzats pels establiments comercials i professionals bisbalencs.<\/h2>\n\n\n\n<h2><\/h2>\n\n\n\n<div class=\"wp-container-2 wp-block-columns\">\n<div class=\"wp-container-1 wp-block-column\" style=\"flex-basis:100%\"><\/div>\n<\/div>\n\n\n\n<p><\/p>\n\n\n\n<table><tbody><tr><td class=\"has-text-align-center\" data-align=\"center\"><a rel=\"noreferrer noopener\" href=\"https:\/\/bisbalpenedes.com\/web\/wp-content\/uploads\/2021\/05\/INFO_X_TORCLUM_MI_SER.jpg\" target=\"_blank\"><img src=\"https:\/\/bisbalpenedes.com\/web\/wp-content\/uploads\/2021\/05\/BUT_X_TORCLUM_MI_SER.jpg\" alt=\"\"><\/td>\n<td class=\"has-text-align-center\" data-align=\"center\"><a rel=\"noreferrer noopener\" href=\"https:\/\/bisbalpenedes.com\/web\/wp-content\/uploads\/2021\/05\/INFO_X_LLAGOSTERA.png\" target=\"_blank\"><img src=\"https:\/\/bisbalpenedes.com\/web\/wp-content\/uploads\/2021\/05\/BUT_X_LLAGOSTERA.jpg\" alt=\"\"><\/td>\n<\/tr>\n<tr><td class=\"has-text-align-center\" data-align=\"center\"><a rel=\"noreferrer noopener\" href=\"https:\/\/bisbalpenedes.com\/web\/wp-content\/uploads\/2021\/05\/INFO_X_AGROVERD2.jpg\" target=\"_blank\"><img src=\"https:\/\/bisbalpenedes.com\/web\/wp-content\/uploads\/2021\/05\/BUT_X_AGROVERD.jpg\" alt=\"\"><\/td>\n<td class=\"has-text-align-center\" data-align=\"center\"><a rel=\"noreferrer noopener\" href=\"https:\/\/bisbalpenedes.com\/web\/wp-content\/uploads\/2021\/05\/INFO_X_ULL_LLEBRE.jpg\" target=\"_blank\"><img src=\"https:\/\/bisbalpenedes.com\/web\/wp-content\/uploads\/2021\/05\/BUT_X_ULL_LLEBRE.jpg\" alt=\"\"><\/td>\n<\/tr>\n<tr><td class=\"has-text-align-center\" data-align=\"center\"><a rel=\"noreferrer noopener\" href=\"https:\/\/bisbalpenedes.com\/web\/wp-content\/uploads\/2021\/05\/INFO_X_RACO_PEDRA.jpg\" target=\"_blank\"><img src=\"https:\/\/bisbalpenedes.com\/web\/wp-content\/uploads\/2021\/05\/BUT_X_RACO_PEDRA.jpg\" alt=\"\"><\/td>\n<td class=\"has-text-align-center\" data-align=\"center\"><a rel=\"noreferrer noopener\" href=\"https:\/\/bisbalpenedes.com\/web\/wp-content\/uploads\/2021\/05\/INFO_X_PERE_BUSQUET4.jpg\" target=\"_blank\"><img src=\"https:\/\/bisbalpenedes.com\/web\/wp-content\/uploads\/2021\/05\/BUT_X_PERE_BUSQUET.jpg\" alt=\"\"><\/td>\n<\/tr>\n<tr><td class=\"has-text-align-center\" data-align=\"center\"><a rel=\"noreferrer noopener\" href=\"https:\/\/bisbalpenedes.com\/web\/wp-content\/uploads\/2021\/05\/INFO_X_BAR_RIBA_1.jpg\" target=\"_blank\"><img src=\"https:\/\/bisbalpenedes.com\/web\/wp-content\/uploads\/2021\/05\/BUT_X_BAR_RIBA1.jpg\" alt=\"\"><\/td>\n<td class=\"has-text-align-center\" data-align=\"center\"><a rel=\"noreferrer noopener\" href=\"https:\/\/bisbalpenedes.com\/web\/wp-content\/uploads\/2021\/05\/INFO_X_BAR_RIBA_2.jpg\" target=\"_blank\"><img src=\"https:\/\/bisbalpenedes.com\/web\/wp-content\/uploads\/2021\/05\/BUT_X_BAR_RIBA2.jpg\" alt=\"\"><\/td>\n<\/tr>\n<tr><td class=\"has-text-align-center\" data-align=\"center\"><a rel=\"noreferrer noopener\" href=\"https:\/\/bisbalpenedes.com\/web\/wp-content\/uploads\/2021\/05\/INFO_X_BONAMASA.jpg\" target=\"_blank\"><img src=\"https:\/\/bisbalpenedes.com\/web\/wp-content\/uploads\/2021\/05\/BUT_X_BONAMASA.jpg\" alt=\"\"><\/td>\n<td class=\"has-text-align-center\" data-align=\"center\"><a rel=\"noreferrer noopener\" href=\"https:\/\/bisbalpenedes.com\/web\/wp-content\/uploads\/2021\/05\/INFO_X_YOLANDA.jpg\" target=\"_blank\"><img src=\"https:\/\/bisbalpenedes.com\/web\/wp-content\/uploads\/2021\/05\/BUT_X_YOLANDA.jpg\" alt=\"\"><\/td>\n<\/tr>\n<tr><td class=\"has-text-align-center\" data-align=\"center\"><a rel=\"noreferrer noopener\" href=\"https:\/\/bisbalpenedes.com\/web\/wp-content\/uploads\/2021\/05\/INFO_X_TRISTRAS2.jpg\" target=\"_blank\"><img src=\"https:\/\/bisbalpenedes.com\/web\/wp-content\/uploads\/2021\/05\/BUT_X_TRISTRAS2B.jpg\" alt=\"\"><\/td>\n<td class=\"has-text-align-center\" data-align=\"center\"><a rel=\"noreferrer noopener\" href=\"https:\/\/bisbalpenedes.com\/web\/wp-content\/uploads\/2021\/05\/INFO_X_TRISTRAS1.jpg\" target=\"_blank\"><img src=\"https:\/\/bisbalpenedes.com\/web\/wp-content\/uploads\/2021\/05\/BUT_X_TRISTRAS1.jpg\" alt=\"\"><\/td>\n<\/tr>\n<tr><td class=\"has-text-align-center\" data-align=\"center\"><a rel=\"noreferrer noopener\" href=\"https:\/\/bisbalpenedes.com\/web\/wp-content\/uploads\/2021\/05\/INFO_X_PEIXATERIA.jpg\" target=\"_blank\"><img src=\"https:\/\/bisbalpenedes.com\/web\/wp-content\/uploads\/2021\/05\/BUT_X_PEIXATERIA.jpg\" alt=\"\"><\/td>\n<td class=\"has-text-align-center\" data-align=\"center\"><a rel=\"noreferrer noopener\" href=\"https:\/\/bisbalpenedes.com\/web\/wp-content\/uploads\/2021\/05\/INFO_X_YOLANDA.jpg\" target=\"_blank\"><img src=\"https:\/\/bisbalpenedes.com\/web\/wp-content\/uploads\/2021\/05\/BUT_X.jpg\" alt=\"\"><\/td>\n<\/tr><\/tbody><\/table>\n\n\n\n<p><\/p>\n","protected":false},"excerpt":{"rendered":"<p>Viu l&#8217;experi\u00e8ncia i gaudeix de la difer\u00e8ncia a La Bisbal del Pened\u00e8s. Del 28 de maig al 6 de juny es faran tastos, demostracions i tallers organitzats pels establiments comercials &hellip; <a href=\"https:\/\/bisbalpenedes.com\/web\/bisbal-experience\/\" class=\"more-link\">Read More<\/a><\/p>\n","protected":false},"author":4,"featured_media":0,"parent":0,"menu_order":0,"comment_status":"closed","ping_status":"closed","template":"","meta":[],"_links":{"self":[{"href":"https:\/\/bisbalpenedes.com\/web\/wp-json\/wp\/v2\/pages\/17752"}],"collection":[{"href":"https:\/\/bisbalpenedes.com\/web\/wp-json\/wp\/v2\/pages"}],"about":[{"href":"https:\/\/bisbalpenedes.com\/web\/wp-json\/wp\/v2\/types\/page"}],"author":[{"embeddable":true,"href":"https:\/\/bisbalpenedes.com\/web\/wp-json\/wp\/v2\/users\/4"}],"replies":[{"embeddable":true,"href":"https:\/\/bisbalpenedes.com\/web\/wp-json\/wp\/v2\/comments?post=17752"}],"version-history":[{"count":35,"href":"https:\/\/bisbalpenedes.com\/web\/wp-json\/wp\/v2\/pages\/17752\/revisions"}],"predecessor-version":[{"id":17969,"href":"https:\/\/bisbalpenedes.com\/web\/wp-json\/wp\/v2\/pages\/17752\/revisions\/17969"}],"wp:attachment":[{"href":"https:\/\/bisbalpenedes.com\/web\/wp-json\/wp\/v2\/media?parent=17752"}],"curies":[{"name":"wp","href":"https:\/\/api.w.org\/{rel}","templated":true}]}}