{"id":15697,"date":"2020-12-09T18:54:19","date_gmt":"2020-12-09T16:54:19","guid":{"rendered":"http:\/\/bisbalpenedes.com\/web\/?page_id=15697"},"modified":"2020-12-15T10:47:54","modified_gmt":"2020-12-15T08:47:54","slug":"llum","status":"publish","type":"page","link":"https:\/\/bisbalpenedes.com\/web\/llum\/","title":{"rendered":"llum"},"content":{"rendered":"<table border=\"0\" cellspacing=\"15\" cellpadding=\"15\" bgcolor=\"166d37\">\n<tbody>\n<tr>\n<td width=\"900\" height=\"1700\">\n<p style=\"text-align: center;\"><iframe loading=\"lazy\" style=\"border: none; overflow: hidden;\" src=\"https:\/\/www.facebook.com\/plugins\/video.php?height=315&amp;href=https%3A%2F%2Fwww.facebook.com%2FBisbalPenedes%2Fvideos%2F447733843287050%2F&amp;show_text=false&amp;width=560\" width=\"560\" height=\"315\" frameborder=\"0\" scrolling=\"no\" allowfullscreen=\"allowfullscreen\"><\/iframe><\/p>\n<h3><span style=\"color: #ffff00;\">L\u2019Ajuntament de la Bisbal del Pened\u00e8s i la Cambra de Comer\u00e7 de Tarragona duran a terme una campanya per dinamitzar i donar visibilitat al teixit comercial local entre l\u201911 i el 19 de desembre. Aquesta campanya compta amb el suport de la Diputaci\u00f3 de Tarragona i consistir\u00e0 a premiar la fidelitat dels ve\u00efns que comprin a la Bisbal amb obsequis, promocions i amb la participaci\u00f3 en un sorteig de vals de compra. La iniciativa compta amb la participaci\u00f3 d\u2019una trentena de comer\u00e7os i empreses de serveis bisbalenques que duran a terme accions presencials i tamb\u00e9 iniciatives a trav\u00e9s d\u2019Instagram. Per aquest motiu, s\u2019ha ofert l\u2019opci\u00f3 de participar en una formaci\u00f3 gratu\u00efta sobre aquesta xarxa social a tots els comer\u00e7os i serveis del municipi.<\/span><\/h3>\n<h1 style=\"text-align: center;\"><span style=\"color: #ffcc00;\">FUNCIONAMENT DE LA CAMPANYA<\/span><\/h1>\n<h3><span style=\"color: #ffff00;\">El funcionament de la campanya ser\u00e0 el seg\u00fcent: els clients que adquireixin serveis o vagin a comprar als comer\u00e7os bisbalencs, podran anar omplint una butlleta amb els segells d\u2019aquestes empreses. Quan tinguin el segell de cinc establiments diferents, podran passar per l\u2019Ajuntament per recollir <span style=\"text-decoration: underline;\"><span style=\"color: #ffcc00; text-decoration: underline;\">un obsequi, \u201cLa Llum del Nadal\u201d<\/span><\/span> (se n\u2019entregar\u00e0 una per fam\u00edlia). D\u2019altra banda, totes aquelles persones que entreguin les seves butlletes a l\u2019Ajuntament participaran en el sorteig de<span style=\"text-decoration: underline;\"><span style=\"color: #ffcc00; text-decoration: underline;\"> dos vals de compra de 100\u20ac<\/span><\/span> cadascun per adquirir productes o serveis a la Bisbal.<\/span><\/h3>\n<h3><span style=\"color: #ffff00;\">Quant a Instagram, els comer\u00e7os i serveis que participen en la campanya ja han comen\u00e7at a mostrar els seus productes, serveis, ofertes i promocions a trav\u00e9s d\u2019aquesta xarxa social. La campanya es vehicula a trav\u00e9s de l\u2019etiqueta #JoComproALaBisbal i les botigues amb establiment f\u00edsic tamb\u00e9 oferiran, durant la campanya, <span style=\"text-decoration: underline;\"><span style=\"color: #ffcc00; text-decoration: underline;\">una bossa reutilitzable<\/span> <\/span>a aquells clients que pengin una foto seva etiquetant l\u2019establiment on l\u2019hagin obtingut i afegint l\u2019etiqueta #JoComproALaBisbal a la publicaci\u00f3.<\/span><\/h3>\n<p>L\u2019Ajuntament de la Bisbal del Pened\u00e8s tamb\u00e9 ha comen\u00e7at a difondre v\u00eddeos dels comerciants i les empreses de serveis que participen en la campanya. Es poden veure en aquest enlla\u00e7: <a href=\"http:\/\/www.instagram.com\/bisbalpenedes\" target=\"_blank\">http:\/\/www.instagram.com\/bisbalpenedes<\/a><br \/>\n<a href=\"http:\/\/www.bisbalpenedes.com\/llum\/\" target=\"New\"><img loading=\"lazy\" class=\"aligncenter size-medium wp-image-15739\" src=\"http:\/\/bisbalpenedes.com\/web\/wp-content\/uploads\/2020\/12\/BUTON_COMCER-300x135.png\" alt=\"BUTON_COMCER\" width=\"300\" height=\"135\" srcset=\"https:\/\/bisbalpenedes.com\/web\/wp-content\/uploads\/2020\/12\/BUTON_COMCER-300x135.png 300w, https:\/\/bisbalpenedes.com\/web\/wp-content\/uploads\/2020\/12\/BUTON_COMCER-600x270.png 600w, https:\/\/bisbalpenedes.com\/web\/wp-content\/uploads\/2020\/12\/BUTON_COMCER.png 679w\" sizes=\"(max-width: 300px) 100vw, 300px\" \/><\/a><\/td>\n<\/tr>\n<\/tbody>\n<\/table>\n<p>&nbsp;<\/p>\n<p>&nbsp;<\/p>\n","protected":false},"excerpt":{"rendered":"<p>L\u2019Ajuntament de la Bisbal del Pened\u00e8s i la Cambra de Comer\u00e7 de Tarragona duran a terme una campanya per dinamitzar i donar visibilitat al teixit comercial local entre l\u201911 i &hellip; <a href=\"https:\/\/bisbalpenedes.com\/web\/llum\/\" class=\"more-link\">Read More<\/a><\/p>\n","protected":false},"author":1,"featured_media":0,"parent":0,"menu_order":0,"comment_status":"closed","ping_status":"closed","template":"","meta":[],"_links":{"self":[{"href":"https:\/\/bisbalpenedes.com\/web\/wp-json\/wp\/v2\/pages\/15697"}],"collection":[{"href":"https:\/\/bisbalpenedes.com\/web\/wp-json\/wp\/v2\/pages"}],"about":[{"href":"https:\/\/bisbalpenedes.com\/web\/wp-json\/wp\/v2\/types\/page"}],"author":[{"embeddable":true,"href":"https:\/\/bisbalpenedes.com\/web\/wp-json\/wp\/v2\/users\/1"}],"replies":[{"embeddable":true,"href":"https:\/\/bisbalpenedes.com\/web\/wp-json\/wp\/v2\/comments?post=15697"}],"version-history":[{"count":43,"href":"https:\/\/bisbalpenedes.com\/web\/wp-json\/wp\/v2\/pages\/15697\/revisions"}],"predecessor-version":[{"id":15812,"href":"https:\/\/bisbalpenedes.com\/web\/wp-json\/wp\/v2\/pages\/15697\/revisions\/15812"}],"wp:attachment":[{"href":"https:\/\/bisbalpenedes.com\/web\/wp-json\/wp\/v2\/media?parent=15697"}],"curies":[{"name":"wp","href":"https:\/\/api.w.org\/{rel}","templated":true}]}}