{"id":15046,"date":"2020-10-25T09:41:32","date_gmt":"2020-10-25T07:41:32","guid":{"rendered":"http:\/\/bisbalpenedes.com\/web\/?page_id=15046"},"modified":"2020-11-03T10:45:45","modified_gmt":"2020-11-03T08:45:45","slug":"emportar","status":"publish","type":"page","link":"https:\/\/bisbalpenedes.com\/web\/emportar\/","title":{"rendered":"Bars i restaurants de la Bisbal del Pened\u00e8s que ofereixen menjar -i men\u00fas- per emportar"},"content":{"rendered":"<h2 style=\"text-align: left;\"><img loading=\"lazy\" class=\"aligncenter size-full wp-image-15140\" src=\"http:\/\/bisbalpenedes.com\/web\/wp-content\/uploads\/2020\/10\/emportar_cap_2.jpg\" alt=\"emportar_cap_2\" width=\"2244\" height=\"912\" srcset=\"https:\/\/bisbalpenedes.com\/web\/wp-content\/uploads\/2020\/10\/emportar_cap_2.jpg 2244w, https:\/\/bisbalpenedes.com\/web\/wp-content\/uploads\/2020\/10\/emportar_cap_2-600x244.jpg 600w, https:\/\/bisbalpenedes.com\/web\/wp-content\/uploads\/2020\/10\/emportar_cap_2-300x122.jpg 300w, https:\/\/bisbalpenedes.com\/web\/wp-content\/uploads\/2020\/10\/emportar_cap_2-768x312.jpg 768w, https:\/\/bisbalpenedes.com\/web\/wp-content\/uploads\/2020\/10\/emportar_cap_2-1024x416.jpg 1024w\" sizes=\"(max-width: 2244px) 100vw, 2244px\" \/><\/h2>\n<h1>BARS I RESTAURANTS DE LA BISBAL DEL PENED\u00c8S<br \/>\nAMB SERVEI DE MENJAR PER EMPORTAR<\/h1>\n<table border=\"1\" cellspacing=\"2\" cellpadding=\"2\">\n<tbody>\n<tr>\n<td width=\"20%\"><img loading=\"lazy\" class=\"aligncenter size-thumbnail wp-image-15054\" src=\"http:\/\/bisbalpenedes.com\/web\/wp-content\/uploads\/2020\/10\/bar_riba1-150x150.jpg\" alt=\"bar_riba1\" width=\"150\" height=\"150\" srcset=\"https:\/\/bisbalpenedes.com\/web\/wp-content\/uploads\/2020\/10\/bar_riba1-150x150.jpg 150w, https:\/\/bisbalpenedes.com\/web\/wp-content\/uploads\/2020\/10\/bar_riba1-300x300.jpg 300w, https:\/\/bisbalpenedes.com\/web\/wp-content\/uploads\/2020\/10\/bar_riba1-100x100.jpg 100w\" sizes=\"(max-width: 150px) 100vw, 150px\" \/><\/td>\n<td bgcolor=\"ffde94\" width=\"60%\">\n<h2 align=\"center\">BAR LA RIBA<\/h2>\n<h2 align=\"center\"><strong>Tel\u00e8fon: 977688645 &#8211; 626243684<\/strong><\/h2>\n<h3 align=\"center\"><span style=\"color: #000000;\">Correu electr\u00f2nic: isabeljoel@telefonica.net<\/span><br \/>\nCarrer Pare Junqu\u00e9, 7<\/h3>\n<\/td>\n<td align=\"center\" width=\"20%\"><span style=\"color: red;\"><b>AMPLIAR MEN\u00da<\/b><\/span><br \/>\n<a href=\"http:\/\/bisbalpenedes.com\/web\/wp-content\/uploads\/2020\/10\/emportar_menu_riba.jpg\"><img loading=\"lazy\" class=\"aligncentert size-thumbnail wp-image-15058\" src=\"http:\/\/bisbalpenedes.com\/web\/wp-content\/uploads\/2020\/10\/emportar_menu_riba-150x150.jpg\" alt=\"emportar_menu_riba\" width=\"150\" height=\"150\" srcset=\"https:\/\/bisbalpenedes.com\/web\/wp-content\/uploads\/2020\/10\/emportar_menu_riba-150x150.jpg 150w, https:\/\/bisbalpenedes.com\/web\/wp-content\/uploads\/2020\/10\/emportar_menu_riba-300x300.jpg 300w, https:\/\/bisbalpenedes.com\/web\/wp-content\/uploads\/2020\/10\/emportar_menu_riba-100x100.jpg 100w\" sizes=\"(max-width: 150px) 100vw, 150px\" \/><\/a><\/td>\n<\/tr>\n<\/tbody>\n<\/table>\n<p>&nbsp;<\/p>\n<table border=\"1\" cellspacing=\"2\" cellpadding=\"2\">\n<tbody>\n<tr>\n<td width=\"20%\"><img loading=\"lazy\" class=\"aligncenter size-thumbnail wp-image-15094\" src=\"http:\/\/bisbalpenedes.com\/web\/wp-content\/uploads\/2020\/10\/logoelraco-c-1-150x150.jpg\" alt=\"logoelraco-c 1\" width=\"150\" height=\"150\" srcset=\"https:\/\/bisbalpenedes.com\/web\/wp-content\/uploads\/2020\/10\/logoelraco-c-1-150x150.jpg 150w, https:\/\/bisbalpenedes.com\/web\/wp-content\/uploads\/2020\/10\/logoelraco-c-1-300x300.jpg 300w, https:\/\/bisbalpenedes.com\/web\/wp-content\/uploads\/2020\/10\/logoelraco-c-1-100x100.jpg 100w, https:\/\/bisbalpenedes.com\/web\/wp-content\/uploads\/2020\/10\/logoelraco-c-1-600x600.jpg 600w, https:\/\/bisbalpenedes.com\/web\/wp-content\/uploads\/2020\/10\/logoelraco-c-1-768x768.jpg 768w, https:\/\/bisbalpenedes.com\/web\/wp-content\/uploads\/2020\/10\/logoelraco-c-1-1024x1024.jpg 1024w, https:\/\/bisbalpenedes.com\/web\/wp-content\/uploads\/2020\/10\/logoelraco-c-1.jpg 1424w\" sizes=\"(max-width: 150px) 100vw, 150px\" \/><\/td>\n<td bgcolor=\"ffde94\" width=\"60%\">\n<h2 align=\"center\">EL RAC\u00d3 DE LA PEDRA<\/h2>\n<h2 align=\"center\"><strong>Tel\u00e8fon: 977688226<\/strong><\/h2>\n<h3 align=\"center\"><span style=\"color: #000000;\">Facebook \/ instagram: @elracodelapedra<\/span><br \/>\nCarrer Montserrat<\/h3>\n<\/td>\n<td align=\"center\" width=\"20%\"><span style=\"color: red;\"><b>AMPLIAR MEN\u00da<\/b><\/span><br \/>\n<a href=\"http:\/\/bisbalpenedes.com\/web\/wp-content\/uploads\/2020\/10\/emportar_menu_raco.jpg\"><img loading=\"lazy\" class=\"aligncenter size-thumbnail wp-image-15095\" src=\"http:\/\/bisbalpenedes.com\/web\/wp-content\/uploads\/2020\/10\/emportar_menu_raco-150x150.jpg\" alt=\"emportar_menu_raco\" width=\"150\" height=\"150\" srcset=\"https:\/\/bisbalpenedes.com\/web\/wp-content\/uploads\/2020\/10\/emportar_menu_raco-150x150.jpg 150w, https:\/\/bisbalpenedes.com\/web\/wp-content\/uploads\/2020\/10\/emportar_menu_raco-300x300.jpg 300w, https:\/\/bisbalpenedes.com\/web\/wp-content\/uploads\/2020\/10\/emportar_menu_raco-100x100.jpg 100w\" sizes=\"(max-width: 150px) 100vw, 150px\" \/><\/a><\/td>\n<\/tr>\n<\/tbody>\n<\/table>\n<p>&nbsp;<\/p>\n<p>&nbsp;<\/p>\n<table border=\"1\" cellspacing=\"2\" cellpadding=\"2\">\n<tbody>\n<tr>\n<td width=\"20%\"><img loading=\"lazy\" class=\"aligncenter size-thumbnail wp-image-15113\" src=\"http:\/\/bisbalpenedes.com\/web\/wp-content\/uploads\/2020\/10\/EMPORTAR_ESPLAI-150x150.jpg\" alt=\"EMPORTAR_ESPLAI\" width=\"150\" height=\"150\" srcset=\"https:\/\/bisbalpenedes.com\/web\/wp-content\/uploads\/2020\/10\/EMPORTAR_ESPLAI-150x150.jpg 150w, https:\/\/bisbalpenedes.com\/web\/wp-content\/uploads\/2020\/10\/EMPORTAR_ESPLAI-300x300.jpg 300w, https:\/\/bisbalpenedes.com\/web\/wp-content\/uploads\/2020\/10\/EMPORTAR_ESPLAI-100x100.jpg 100w, https:\/\/bisbalpenedes.com\/web\/wp-content\/uploads\/2020\/10\/EMPORTAR_ESPLAI-600x602.jpg 600w, https:\/\/bisbalpenedes.com\/web\/wp-content\/uploads\/2020\/10\/EMPORTAR_ESPLAI-768x771.jpg 768w, https:\/\/bisbalpenedes.com\/web\/wp-content\/uploads\/2020\/10\/EMPORTAR_ESPLAI-1020x1024.jpg 1020w, https:\/\/bisbalpenedes.com\/web\/wp-content\/uploads\/2020\/10\/EMPORTAR_ESPLAI.jpg 1080w\" sizes=\"(max-width: 150px) 100vw, 150px\" \/><\/td>\n<td bgcolor=\"ffde94\" width=\"60%\">\n<h2 align=\"center\">BAR DEL LOCAL SOCIAL DE L&#8217;ESPLAI<\/h2>\n<h2 align=\"center\"><strong>Tel\u00e8fon: 722279150<\/strong><\/h2>\n<h3 align=\"center\"><span style=\"color: #000000;\">Facebook \/ local social esplai<\/span><br \/>\nL&#8217;Esplai<\/h3>\n<\/td>\n<td align=\"center\" width=\"20%\"><span style=\"color: red;\"><b>AMPLIAR MEN\u00da<\/b><\/span><br \/>\n<a href=\"http:\/\/bisbalpenedes.com\/web\/wp-content\/uploads\/2020\/10\/emportar_menu_esplai2.jpg\"><img loading=\"lazy\" class=\"aligncenter size-thumbnail wp-image-15116\" src=\"http:\/\/bisbalpenedes.com\/web\/wp-content\/uploads\/2020\/10\/emportar_menu_esplai2-150x150.jpg\" alt=\"emportar_menu_esplai2\" width=\"150\" height=\"150\" srcset=\"https:\/\/bisbalpenedes.com\/web\/wp-content\/uploads\/2020\/10\/emportar_menu_esplai2-150x150.jpg 150w, https:\/\/bisbalpenedes.com\/web\/wp-content\/uploads\/2020\/10\/emportar_menu_esplai2-300x300.jpg 300w, https:\/\/bisbalpenedes.com\/web\/wp-content\/uploads\/2020\/10\/emportar_menu_esplai2-100x100.jpg 100w\" sizes=\"(max-width: 150px) 100vw, 150px\" \/><\/a><\/td>\n<\/tr>\n<\/tbody>\n<\/table>\n<p>&nbsp;<\/p>\n<table border=\"1\" cellspacing=\"2\" cellpadding=\"2\">\n<tbody>\n<tr>\n<td width=\"20%\"><img loading=\"lazy\" class=\"aligncenter size-thumbnail wp-image-15118\" src=\"http:\/\/bisbalpenedes.com\/web\/wp-content\/uploads\/2020\/10\/emportar_llagostera-150x150.jpg\" alt=\"emportar_llagostera\" width=\"150\" height=\"150\" srcset=\"https:\/\/bisbalpenedes.com\/web\/wp-content\/uploads\/2020\/10\/emportar_llagostera-150x150.jpg 150w, https:\/\/bisbalpenedes.com\/web\/wp-content\/uploads\/2020\/10\/emportar_llagostera-300x300.jpg 300w, https:\/\/bisbalpenedes.com\/web\/wp-content\/uploads\/2020\/10\/emportar_llagostera-100x100.jpg 100w\" sizes=\"(max-width: 150px) 100vw, 150px\" \/><\/td>\n<td bgcolor=\"ffde94\" width=\"60%\">\n<h2 align=\"center\">MAS LLAGOSTERA<\/h2>\n<h2 align=\"center\"><strong>Tel\u00e8fon: 605898036<\/strong><\/h2>\n<h3 align=\"center\"><span style=\"color: #000000;\">www.masllagostera.com<\/span><br \/>\nMas Llagostera<\/h3>\n<\/td>\n<td align=\"center\" width=\"20%\"><span style=\"color: red;\"><b>AMPLIAR MEN\u00da<\/b><\/span><br \/>\n<a href=\"http:\/\/bisbalpenedes.com\/web\/wp-content\/uploads\/2020\/10\/emportar_menu_llagostera.jpg\"><img loading=\"lazy\" class=\"aligncenter size-thumbnail wp-image-15119\" src=\"http:\/\/bisbalpenedes.com\/web\/wp-content\/uploads\/2020\/10\/emportar_menu_llagostera-150x150.jpg\" alt=\"emportar_menu_llagostera\" width=\"150\" height=\"150\" srcset=\"https:\/\/bisbalpenedes.com\/web\/wp-content\/uploads\/2020\/10\/emportar_menu_llagostera-150x150.jpg 150w, https:\/\/bisbalpenedes.com\/web\/wp-content\/uploads\/2020\/10\/emportar_menu_llagostera-300x300.jpg 300w, https:\/\/bisbalpenedes.com\/web\/wp-content\/uploads\/2020\/10\/emportar_menu_llagostera-100x100.jpg 100w\" sizes=\"(max-width: 150px) 100vw, 150px\" \/><\/a><\/td>\n<\/tr>\n<\/tbody>\n<\/table>\n<p>&nbsp;<\/p>\n<table border=\"1\" cellspacing=\"2\" cellpadding=\"2\">\n<tbody>\n<tr>\n<td width=\"20%\"><img loading=\"lazy\" class=\"aligncenter size-thumbnail wp-image-15123\" src=\"http:\/\/bisbalpenedes.com\/web\/wp-content\/uploads\/2020\/10\/emportar_castell-150x150.jpg\" alt=\"emportar_castell\" width=\"150\" height=\"150\" srcset=\"https:\/\/bisbalpenedes.com\/web\/wp-content\/uploads\/2020\/10\/emportar_castell-150x150.jpg 150w, https:\/\/bisbalpenedes.com\/web\/wp-content\/uploads\/2020\/10\/emportar_castell-300x300.jpg 300w, https:\/\/bisbalpenedes.com\/web\/wp-content\/uploads\/2020\/10\/emportar_castell-100x100.jpg 100w, https:\/\/bisbalpenedes.com\/web\/wp-content\/uploads\/2020\/10\/emportar_castell-600x600.jpg 600w, https:\/\/bisbalpenedes.com\/web\/wp-content\/uploads\/2020\/10\/emportar_castell.jpg 750w\" sizes=\"(max-width: 150px) 100vw, 150px\" \/><\/td>\n<td bgcolor=\"ffde94\" width=\"60%\">\n<h2 align=\"center\">RESTAURANT EL CASTELL<\/h2>\n<h2 align=\"center\"><strong>Tel\u00e8fons: 9772673932 &#8211; 669435201<\/strong><\/h2>\n<h3 align=\"center\"><span style=\"color: #000000;\">Av. Miralba, 13-15<\/span><br \/>\nCrta de Valls, C-51<\/h3>\n<\/td>\n<td align=\"center\" width=\"20%\"><span style=\"color: red;\"><b>AMPLIAR MEN\u00da<\/b><\/span><br \/>\n<a href=\"http:\/\/bisbalpenedes.com\/web\/wp-content\/uploads\/2020\/10\/emportar_menu_castell.jpg\"><img loading=\"lazy\" class=\"aligncenter size-thumbnail wp-image-15124\" src=\"http:\/\/bisbalpenedes.com\/web\/wp-content\/uploads\/2020\/10\/emportar_menu_castell-150x150.jpg\" alt=\"emportar_menu_castell\" width=\"150\" height=\"150\" srcset=\"https:\/\/bisbalpenedes.com\/web\/wp-content\/uploads\/2020\/10\/emportar_menu_castell-150x150.jpg 150w, https:\/\/bisbalpenedes.com\/web\/wp-content\/uploads\/2020\/10\/emportar_menu_castell-300x300.jpg 300w, https:\/\/bisbalpenedes.com\/web\/wp-content\/uploads\/2020\/10\/emportar_menu_castell-100x100.jpg 100w\" sizes=\"(max-width: 150px) 100vw, 150px\" \/><\/a><\/td>\n<\/tr>\n<\/tbody>\n<\/table>\n<p>&nbsp;<\/p>\n<table border=\"1\" cellspacing=\"2\" cellpadding=\"2\">\n<tbody>\n<tr>\n<td width=\"20%\"><img loading=\"lazy\" class=\"aligncenter size-thumbnail wp-image-15128\" src=\"http:\/\/bisbalpenedes.com\/web\/wp-content\/uploads\/2020\/10\/emportar_planes-150x150.jpg\" alt=\"emportar_planes\" width=\"150\" height=\"150\" srcset=\"https:\/\/bisbalpenedes.com\/web\/wp-content\/uploads\/2020\/10\/emportar_planes-150x150.jpg 150w, https:\/\/bisbalpenedes.com\/web\/wp-content\/uploads\/2020\/10\/emportar_planes-300x300.jpg 300w, https:\/\/bisbalpenedes.com\/web\/wp-content\/uploads\/2020\/10\/emportar_planes-100x100.jpg 100w, https:\/\/bisbalpenedes.com\/web\/wp-content\/uploads\/2020\/10\/emportar_planes-600x600.jpg 600w, https:\/\/bisbalpenedes.com\/web\/wp-content\/uploads\/2020\/10\/emportar_planes.jpg 750w\" sizes=\"(max-width: 150px) 100vw, 150px\" \/><\/td>\n<td bgcolor=\"ffde94\" width=\"60%\">\n<h2 align=\"center\">RESTAURANT MAS LES PLANES<\/h2>\n<h2 align=\"center\"><strong>Tel\u00e8fon: 67883878787<\/strong><\/h2>\n<h3 align=\"center\"><span style=\"color: #000000;\">facebook \/ instagram @restaurantmaslesplanes<\/span><br \/>\nMas les Planes<\/h3>\n<\/td>\n<td align=\"center\" width=\"20%\"><span style=\"color: red;\"><b>AMPLIAR MEN\u00da<\/b><\/span><br \/>\n<a href=\"http:\/\/bisbalpenedes.com\/web\/wp-content\/uploads\/2020\/10\/emportar_menu_planes.jpg\"><img loading=\"lazy\" class=\"aligncenter size-thumbnail wp-image-15127\" src=\"http:\/\/bisbalpenedes.com\/web\/wp-content\/uploads\/2020\/10\/emportar_menu_planes-150x150.jpg\" alt=\"emportar_menu_planes\" width=\"150\" height=\"150\" srcset=\"https:\/\/bisbalpenedes.com\/web\/wp-content\/uploads\/2020\/10\/emportar_menu_planes-150x150.jpg 150w, https:\/\/bisbalpenedes.com\/web\/wp-content\/uploads\/2020\/10\/emportar_menu_planes-300x300.jpg 300w, https:\/\/bisbalpenedes.com\/web\/wp-content\/uploads\/2020\/10\/emportar_menu_planes-100x100.jpg 100w\" sizes=\"(max-width: 150px) 100vw, 150px\" \/><\/a><\/td>\n<\/tr>\n<\/tbody>\n<\/table>\n<p>&nbsp;<\/p>\n<table border=\"1\" cellspacing=\"2\" cellpadding=\"2\">\n<tbody>\n<tr>\n<td width=\"20%\"><img loading=\"lazy\" class=\"aligncenter size-thumbnail wp-image-15142\" src=\"http:\/\/bisbalpenedes.com\/web\/wp-content\/uploads\/2020\/10\/emportar_ulldellebre-150x150.jpg\" alt=\"emportar_ulldellebre\" width=\"150\" height=\"150\" srcset=\"https:\/\/bisbalpenedes.com\/web\/wp-content\/uploads\/2020\/10\/emportar_ulldellebre-150x150.jpg 150w, https:\/\/bisbalpenedes.com\/web\/wp-content\/uploads\/2020\/10\/emportar_ulldellebre-300x300.jpg 300w, https:\/\/bisbalpenedes.com\/web\/wp-content\/uploads\/2020\/10\/emportar_ulldellebre-100x100.jpg 100w, https:\/\/bisbalpenedes.com\/web\/wp-content\/uploads\/2020\/10\/emportar_ulldellebre.jpg 511w\" sizes=\"(max-width: 150px) 100vw, 150px\" \/><\/td>\n<td bgcolor=\"ffde94\" width=\"60%\">\n<h2 align=\"center\">RESTAURANT ULL DE LLEBRE<\/h2>\n<h2 align=\"center\"><strong>Tel\u00e8fons: 686688842 i 977688888<\/strong><\/h2>\n<h3 align=\"center\"><span style=\"color: #000000;\">www.restaurantulldellebre.com<\/span><br \/>\nLa Bisbal del Pened\u00e8s<\/h3>\n<\/td>\n<td align=\"center\" width=\"20%\"><span style=\"color: red;\"><b>AMPLIAR MEN\u00da<\/b><\/span><br \/>\n<a href=\"http:\/\/bisbalpenedes.com\/web\/wp-content\/uploads\/2020\/10\/emportar_menu_ulldellebre.jpg\"><img loading=\"lazy\" class=\"aligncenter size-thumbnail wp-image-15143\" src=\"http:\/\/bisbalpenedes.com\/web\/wp-content\/uploads\/2020\/10\/emportar_menu_ulldellebre-150x150.jpg\" alt=\"emportar_menu_ulldellebre\" width=\"150\" height=\"150\" srcset=\"https:\/\/bisbalpenedes.com\/web\/wp-content\/uploads\/2020\/10\/emportar_menu_ulldellebre-150x150.jpg 150w, https:\/\/bisbalpenedes.com\/web\/wp-content\/uploads\/2020\/10\/emportar_menu_ulldellebre-300x300.jpg 300w, https:\/\/bisbalpenedes.com\/web\/wp-content\/uploads\/2020\/10\/emportar_menu_ulldellebre-100x100.jpg 100w\" sizes=\"(max-width: 150px) 100vw, 150px\" \/><\/a><\/td>\n<\/tr>\n<\/tbody>\n<\/table>\n<p>&nbsp;<\/p>\n<table border=\"1\" cellspacing=\"2\" cellpadding=\"2\">\n<tbody>\n<tr>\n<td width=\"20%\"><img loading=\"lazy\" class=\"aligncenter size-thumbnail wp-image-15162\" src=\"http:\/\/bisbalpenedes.com\/web\/wp-content\/uploads\/2020\/10\/emportar_societat-150x150.jpg\" alt=\"emportar_societat\" width=\"150\" height=\"150\" srcset=\"https:\/\/bisbalpenedes.com\/web\/wp-content\/uploads\/2020\/10\/emportar_societat-150x150.jpg 150w, https:\/\/bisbalpenedes.com\/web\/wp-content\/uploads\/2020\/10\/emportar_societat-100x100.jpg 100w\" sizes=\"(max-width: 150px) 100vw, 150px\" \/><\/td>\n<td bgcolor=\"ffde94\" width=\"60%\">\n<h2 align=\"center\">LA SOCIETAT<\/h2>\n<h2 align=\"center\"><strong>Tel\u00e8fon: 625424069<\/strong><\/h2>\n<h3 align=\"center\"><span style=\"color: #000000;\">&#8211;<\/span><br \/>\nLa Bisbal del Pened\u00e8s<\/h3>\n<\/td>\n<td align=\"center\" width=\"20%\"><span style=\"color: red;\"><b>AMPLIAR MEN\u00da<\/b><\/span><br \/>\n<a href=\"http:\/\/bisbalpenedes.com\/web\/wp-content\/uploads\/2020\/10\/emportar_menu_societat.jpg\"><img loading=\"lazy\" class=\"aligncenter size-thumbnail wp-image-15164\" src=\"http:\/\/bisbalpenedes.com\/web\/wp-content\/uploads\/2020\/10\/emportar_menu_societat-150x150.jpg\" alt=\"emportar_menu_societat\" width=\"150\" height=\"150\" srcset=\"https:\/\/bisbalpenedes.com\/web\/wp-content\/uploads\/2020\/10\/emportar_menu_societat-150x150.jpg 150w, https:\/\/bisbalpenedes.com\/web\/wp-content\/uploads\/2020\/10\/emportar_menu_societat-300x300.jpg 300w, https:\/\/bisbalpenedes.com\/web\/wp-content\/uploads\/2020\/10\/emportar_menu_societat-100x100.jpg 100w\" sizes=\"(max-width: 150px) 100vw, 150px\" \/><\/a><\/td>\n<\/tr>\n<\/tbody>\n<\/table>\n<p>&nbsp;<\/p>\n<table border=\"1\" cellspacing=\"2\" cellpadding=\"2\">\n<tbody>\n<tr>\n<td width=\"20%\">\n<img loading=\"lazy\" src=\"http:\/\/bisbalpenedes.com\/web\/wp-content\/uploads\/2020\/10\/logo_poli.jpg\" alt=\"logo_poli\" width=\"150\" height=\"150\" class=\"aligncenter size-full wp-image-15254\" srcset=\"https:\/\/bisbalpenedes.com\/web\/wp-content\/uploads\/2020\/10\/logo_poli.jpg 150w, https:\/\/bisbalpenedes.com\/web\/wp-content\/uploads\/2020\/10\/logo_poli-100x100.jpg 100w\" sizes=\"(max-width: 150px) 100vw, 150px\" \/><\/td>\n<td bgcolor=\"ffde94\" width=\"60%\">\n<h2 align=\"center\">POLIESPORTIU MUNICIPAL<\/h2>\n<h2 align=\"center\"><strong>Tel\u00e8fon: 977688126<\/strong><\/h2>\n<h3 align=\"center\"><span style=\"color: #000000;\">Tots els dies de les 8:30 fins a les 17:00<\/span><br \/>\nLa Bisbal del Pened\u00e8s<\/h3>\n<\/td>\n<td align=\"center\" width=\"20%\"><span style=\"color: red;\"><b>AMPLIAR MEN\u00da<\/b><\/span><br \/>\n<a href=\"http:\/\/bisbalpenedes.com\/web\/wp-content\/uploads\/2020\/10\/menu_poli.jpg\"><img loading=\"lazy\" src=\"http:\/\/bisbalpenedes.com\/web\/wp-content\/uploads\/2020\/10\/menu_poli-150x150.jpg\" alt=\"menu_poli\" width=\"150\" height=\"150\" class=\"aligncenter size-thumbnail wp-image-15256\" srcset=\"https:\/\/bisbalpenedes.com\/web\/wp-content\/uploads\/2020\/10\/menu_poli-150x150.jpg 150w, https:\/\/bisbalpenedes.com\/web\/wp-content\/uploads\/2020\/10\/menu_poli-300x300.jpg 300w, https:\/\/bisbalpenedes.com\/web\/wp-content\/uploads\/2020\/10\/menu_poli-100x100.jpg 100w\" sizes=\"(max-width: 150px) 100vw, 150px\" \/><\/a><\/td>\n<\/tr>\n<\/tbody>\n<\/table>\n<p>&nbsp;<\/p>\n","protected":false},"excerpt":{"rendered":"<p>BARS I RESTAURANTS DE LA BISBAL DEL PENED\u00c8S AMB SERVEI DE MENJAR PER EMPORTAR BAR LA RIBA Tel\u00e8fon: 977688645 &#8211; 626243684 Correu electr\u00f2nic: isabeljoel@telefonica.net Carrer Pare Junqu\u00e9, 7 AMPLIAR MEN\u00da &hellip; <a href=\"https:\/\/bisbalpenedes.com\/web\/emportar\/\" class=\"more-link\">Read More<\/a><\/p>\n","protected":false},"author":1,"featured_media":0,"parent":0,"menu_order":0,"comment_status":"closed","ping_status":"closed","template":"","meta":[],"_links":{"self":[{"href":"https:\/\/bisbalpenedes.com\/web\/wp-json\/wp\/v2\/pages\/15046"}],"collection":[{"href":"https:\/\/bisbalpenedes.com\/web\/wp-json\/wp\/v2\/pages"}],"about":[{"href":"https:\/\/bisbalpenedes.com\/web\/wp-json\/wp\/v2\/types\/page"}],"author":[{"embeddable":true,"href":"https:\/\/bisbalpenedes.com\/web\/wp-json\/wp\/v2\/users\/1"}],"replies":[{"embeddable":true,"href":"https:\/\/bisbalpenedes.com\/web\/wp-json\/wp\/v2\/comments?post=15046"}],"version-history":[{"count":79,"href":"https:\/\/bisbalpenedes.com\/web\/wp-json\/wp\/v2\/pages\/15046\/revisions"}],"predecessor-version":[{"id":15255,"href":"https:\/\/bisbalpenedes.com\/web\/wp-json\/wp\/v2\/pages\/15046\/revisions\/15255"}],"wp:attachment":[{"href":"https:\/\/bisbalpenedes.com\/web\/wp-json\/wp\/v2\/media?parent=15046"}],"curies":[{"name":"wp","href":"https:\/\/api.w.org\/{rel}","templated":true}]}}