{"id":14957,"date":"2020-10-20T08:17:36","date_gmt":"2020-10-20T06:17:36","guid":{"rendered":"http:\/\/bisbalpenedes.com\/web\/?page_id=14957"},"modified":"2021-01-05T09:23:28","modified_gmt":"2021-01-05T07:23:28","slug":"leo-uceda-martin-2020-2n-semestre","status":"publish","type":"page","link":"https:\/\/bisbalpenedes.com\/web\/leo-uceda-martin-2020-2n-semestre\/","title":{"rendered":"Leo Uceda Mart\u00edn 2020 &#8211; 2n Semestre"},"content":{"rendered":"<div data-post-id='3403' class='insert-page insert-page-3403 '><\/div>\n<p>&nbsp;<\/p>\n<p><strong><\/p>\n<p style=\"text-align: left;\">Agenda de juliol a desembre de 2020<\/p>\n<p><\/strong><\/p>\n<p><strong>Dies del 1 al 5 de juliol:<\/strong><br \/>\nDivendres 3 de juliol:<br \/>\n10:00: Reuni\u00f3 amb Joventut Bisbalenca<br \/>\nLloc: Despatx d\u2019Alcaldia<br \/>\nTema: organitzaci\u00f3 activitats<br \/>\n11:00: Reuni\u00f3 amb cap de brigada<br \/>\nLloc: Despatx de l\u2019Ajuntament<br \/>\nTema: organitzaci\u00f3 tasques a realitzar<br \/>\n12:30: Reuni\u00f3 Mancomunitat L\u2019Albornar<br \/>\nLloc: Sala d\u2019Idiada<br \/>\nTema: Assemblea<\/p>\n<p>Diumenge 5 de juliol:<br \/>\n20:00 Habaneres<br \/>\nLloc: Ortig\u00f3s<br \/>\nMotiu: Festa Major<\/p>\n<p><strong>Setmana del 6 al 12 de juliol:<\/strong><br \/>\nDilluns 6 de juliol:<br \/>\n12:00 Reuni\u00f3 amb director de l\u2019escola<br \/>\nLloc: Escola Ull de Vent<br \/>\nMotiu: Preg\u00f3 de la FM<\/p>\n<p>Dimarts 7 de juliol:<br \/>\n10:00 Reuni\u00f3 amb representants de l\u2019entitat Club segle XX<br \/>\nLloc: Sala de plens<br \/>\nMotiu: Revisi\u00f3 d\u2019ofici<br \/>\n12:00 Reuni\u00f3 amb el cap dels agents rurals<br \/>\nLloc: Despatx d\u2019Alcaldia<br \/>\nTema: Pla de tancament Alpha 3<br \/>\n18:00 Reuni\u00f3 amb empresa<br \/>\nLloc: Despatx de l\u2019Ajuntament<br \/>\nTema: Estudi de la gesti\u00f3 municipal de residus<\/p>\n<p>Dimecres 8 de juliol:<br \/>\n19:00 Reuni\u00f3 equip de govern<br \/>\nLloc: Despatx d\u2019Alcaldia<br \/>\nMotiu: Temes de funcionament intern<br \/>\nDivendres 10 de juliol:<br \/>\n10:00 Videotrucada amb Fundaci\u00f3 Santa Teresa<br \/>\nTema: Estudi de neteja vi\u00e0ria i desbro\u00e7ament<\/p>\n<p><strong>Setmana del 13 al 19 de juliol:<\/strong><br \/>\nDilluns 13 de juliol:<br \/>\n19:00 Junta de Govern Local<br \/>\nLloc: Despatx d\u2019Alcaldia<\/p>\n<p>Dimarts 14 de juliol:<br \/>\n10:00 Reuni\u00f3 amb treballador municipal<br \/>\nLloc: Despatx de l\u2019Ajuntament<br \/>\nMotiu: tasques a realitzar<br \/>\n11:00 Reuni\u00f3 amb cap de brigada<br \/>\nLloc: Despatx de l\u2019Ajuntament<br \/>\nMotiu: tasques a realitzar<\/p>\n<p>Dimecres 15 de juliol:<br \/>\n11:00 Reuni\u00f3 amb directora de la llar d\u2019infants<br \/>\nLloc: Despatx de la Llar d\u2019infants l\u2019Oreneta<br \/>\nMotiu: temes organitzatius del proper curs<br \/>\n17:30 Videotrucada amb Serveis Territorials d\u2019Educaci\u00f3<br \/>\nMotiu: Curs 2020\/2021<\/p>\n<p>Dijous 16 de juliol:<br \/>\n17:30 Videotrucada amb els Serveis Territorials d\u2019Ensenyamnet de Tarragona<br \/>\nMotiu: Organitzaci\u00f3 curs 2020\/2021<\/p>\n<p><strong>Setmana del 20 al 26 de juliol:<\/strong><br \/>\nDilluns 20 de juliol:<br \/>\n12:00 Reuni\u00f3 equip de govern<br \/>\nLloc: despatx de l\u2019Ajuntament<br \/>\nMotiu: temes organitzatius<br \/>\n19:00 Assemblea Extraordin\u00e0ria Consell Esportiu del Baix Pened\u00e8s<br \/>\nLloc: Seu CEBP<br \/>\nMotiu: Elecci\u00f3 i nomenament dels membres de la Comissi\u00f3 Directiva de CEBP<\/p>\n<p>Dimarts 21 de juliol:<br \/>\n11:00 Reuni\u00f3 amb treballador municipal<br \/>\nLloc: Despatx d\u2019Alcaldia<br \/>\nMotiu: lloc de treball<br \/>\n18:00 Reuni\u00f3 amb empresa<br \/>\nLloc: Despatx d\u2019Alcaldia<br \/>\nMotiu: estudi de la gesti\u00f3 de residus municipal<br \/>\n19:30 Reuni\u00f3 de l\u2019equip de govern<br \/>\nLloc: Despatx de l\u2019Ajuntament<br \/>\nMotiu: organitzaci\u00f3<\/p>\n<p>Dimecres 22 de juliol:<br \/>\n9:00 Videotrucada pel Consell Escolar Institut Coster de la Torre<br \/>\nMotiu: convocat\u00f2ria ordin\u00e0ria<\/p>\n<p>Dijous 23 de juliol:<br \/>\n10:00 Reuni\u00f3 d\u2019atenci\u00f3 ciutadana<br \/>\nLloc: Despatx de l\u2019Ajuntament<br \/>\nMotiu: problemes amb col\u00f2nia de gats i ve\u00efns<br \/>\n20:00 Actes de Sant Jordi<br \/>\nLloc: Carrer Pare Junque<br \/>\nMotiu: entrega premis literaris<\/p>\n<p><strong>Dies del 27 al 31 de juliol:<\/strong><br \/>\nDilluns 27 de juliol:<br \/>\n19:00: Junta de Govern Local<br \/>\nLloc: Despatx d\u2019Alcaldia<\/p>\n<p>Dimarts 28 de juliol:<br \/>\n11:00 Reuni\u00f3 amb cap de brigada<br \/>\nLloc: Despatx de l\u2019Ajuntament<br \/>\nMotiu: organitzaci\u00f3 de les tasques<\/p>\n<p>Dijous 31 de juliol:<br \/>\n11:00 Reuni\u00f3 amb cap de brigada<br \/>\nLloc: Despatx de l\u2019Ajuntament<br \/>\nMotiu: organitzaci\u00f3 de les tasques<br \/>\n12:00 Reuni\u00f3 amb TBC<br \/>\nLloc: Despatx de l\u2019Ajuntament<br \/>\nMotiu: comen\u00e7aments de nous plans<\/p>\n<p><strong>Setmana del 3 al 9 d\u2019agost:<\/strong><br \/>\nDilluns 3 de d\u2019agost:<br \/>\n10:00: Reuni\u00f3 d\u2019atenci\u00f3 ciutadana<br \/>\nLloc: Despatx d\u2019Alcaldia<br \/>\nMotiu: Nova activitat <\/p>\n<p>Dimarts 4 de d\u2019agost:<br \/>\n19:00: Ple extraordinari<br \/>\nLloc: Sala de Plens<\/p>\n<p><strong>Setmana del 10 al 16 d\u2019agost:<\/strong><br \/>\nDimarts 11 d\u2019agost:<br \/>\n10:00 Junta de Govern Local<br \/>\nLloc: Despatx d\u2019Alcaldia<br \/>\n17:00 a 20:00 Inscripcions actes FM<br \/>\nLloc: planta baixa de l\u2019Ajuntament<\/p>\n<p>Dimecres 12 d\u2019agost:<br \/>\n17:00 a 20:00 Inscripcions actes FM<br \/>\nLloc: planta baixa de l\u2019Ajuntament<\/p>\n<p>Dijous 13 d\u2019agost:<br \/>\n9:00 Reuni\u00f3 amb TBC<br \/>\nLloc: Despatx de l\u2019Ajuntament<br \/>\nTema: nou compromisos per signar<br \/>\n20:00 Assaig preg\u00f3 FM<br \/>\nLloc: Auditori CMC<br \/>\nMotiu: realitzaci\u00f3 del preg\u00f3 pel nens de 6\u00e8  <\/p>\n<p>Divendres 14 d\u2019agost:<br \/>\nActes de la FM<\/p>\n<p>Dissabte 15 d\u2019agost:<br \/>\nActes de la FM<\/p>\n<p>Diumenge 16 d\u2019agost:<br \/>\nActes de la FM<\/p>\n<p><strong>Setmana del 17 al 23 d\u2019agost:<\/strong><br \/>\nDilluns 17 d\u2019agost:<br \/>\n11:00 Junta de Govern Local Extraordinaria<br \/>\nLloc: Despatx d\u2019Alcaldia<\/p>\n<p>Dijous 20 d\u2019agost:<br \/>\n10:00 Reuni\u00f3 d\u2019atenci\u00f3 ciutadana<br \/>\nLloc: Despatx de l\u2019Ajuntament<br \/>\nMotiu: problema particular<\/p>\n<p>Divendres 21 d\u2019agost:<br \/>\n11:00 Reuni\u00f3 amb Mariano<br \/>\nLloc: Despatx de l\u2019Ajuntament<br \/>\nMotiu: organitzaci\u00f3 de les tasques<\/p>\n<p><strong>Setmana del 24 al 30 d\u2019agost:<\/strong><br \/>\nDilluns 20 d\u2019agost:<br \/>\n19:00 Junta de Govern Local<br \/>\nLloc: despatx de l\u2019Ajuntament<\/p>\n<p>Dimecres 26 d\u2019agost:<br \/>\n10:30 Visita d\u2019un grup del Casal d\u2019Estiu<br \/>\nLloc: Sala de Plens<br \/>\nMotiu: explicaci\u00f3 funcionament Ajuntament<\/p>\n<p>Divendres 28 d\u2019agost:<br \/>\n11:00 Reuni\u00f3 amb cap de brigada<br \/>\nLloc: Despatx de l\u2019Ajuntament<br \/>\nMotiu: organitzaci\u00f3 de tasques<\/p>\n<p>Dia 31 d\u2019agost:<br \/>\nDilluns 31 d\u2019agost:<br \/>\n19:00: Junta de Govern Local<br \/>\nLloc: Despatx d\u2019Alcaldia<\/p>\n<p><strong>Dies del 1 al 6 de setembre:<\/strong><br \/>\nDimarts 1 de setembre:<br \/>\n19:00: Reuni\u00f3 equip de govern<br \/>\nLloc: Despatx d\u2019Alcaldia<\/p>\n<p>Dimecres 2 de setembre:<br \/>\n12:00 Reuni\u00f3 amb director de l\u2019escola<br \/>\nLloc: Escola Ull de Vent<br \/>\nMotiu: organitzaci\u00f3 curs 2020-2021 <\/p>\n<p>Dijous 3 de setembre:<br \/>\n10:00 Reuni\u00f3 amb Aqualia<br \/>\nLloc: Despatx d\u2019alcaldia<br \/>\nTema: posada en funcionament del pou de l\u2019Esplai<br \/>\n14:00 Visita a la llar d\u2019infants<br \/>\nLloc: Llar d\u2019infants l\u2019Oreneta<br \/>\nMotiu: acondicionament de l\u2019espai <\/p>\n<p>Divendres 4 de setembre:<br \/>\n11:00 Reuni\u00f3 amb president de Joventut Bisbalenca C.F.<br \/>\nLloc: camp de futbol<br \/>\nTema: acondicionament de l\u2019espai<br \/>\n12:15 Reuni\u00f3 amb cap de brigada<br \/>\nLloc: Despatx de l\u2019Ajuntament<br \/>\nMotiu: organitzaci\u00f3 de tasques<br \/>\n21:00 Espectacle Nua<br \/>\nLloc: Pla\u00e7a de l\u2019esgl\u00e8sia<br \/>\nMotiu: Festival Eva<\/p>\n<p><strong>Setmana del 7 al 13 de setembre:<\/strong><br \/>\nDivendres 11 de setembre:<br \/>\n10:00 Actuaci\u00f3 del Quartet M\u00e8lt<br \/>\nLloc: Pla\u00e7a Pau Casals<br \/>\nMotiu: Diada de Catalunya<\/p>\n<p><strong>Setmana del 14 al 20 de setembre:<\/strong><br \/>\nDilluns 14 de setembre:<br \/>\n11:00 Junta de Govern Local Extraordinaria<br \/>\nLloc: Despatx d\u2019Alcaldia<\/p>\n<p>Dimecres 16 de setembre:<br \/>\n10:30 Reuni\u00f3 amb empresa de control de procesion\u00e0ria<br \/>\nLloc: Despatx de l\u2019Ajuntament<br \/>\nMotiu: nou contracte<br \/>\n12:00 Reuni\u00f3 amb director de l\u2019escola<br \/>\nLloc: Despatx de l\u2019Escola<br \/>\nMotiu: instal\u2022laci\u00f3 esportiva<\/p>\n<p>Dijous 17 de setembre:<br \/>\n11:00 Reuni\u00f3 amb president Joventut Bisbalenca C.F.<br \/>\nLloc: Despatx de l\u2019Ajuntament<br \/>\nMotiu: organitzaci\u00f3 camp<\/p>\n<p>Divendres 18 de setembre:<br \/>\n10:00 Reuni\u00f3 amb TBC<br \/>\nLloc: Despatx de l\u2019Ajuntament<br \/>\nMotiu: signatura nou comprom\u00eds<br \/>\n13:00 Reuni\u00f3 amb t\u00e8cnica d\u2019ocupaci\u00f3<br \/>\nLloc: Despatx de l\u2019Ajuntament<br \/>\nMotiu: projecte Skla<\/p>\n<p><strong>Setmana del 21 al 27 de setembre:<\/strong><br \/>\nDimarts 22 de setembre:<br \/>\n10:00 Reuni\u00f3 amb Manubens Associats<br \/>\nLloc: despatx de l\u2019Ajuntament<br \/>\nMotiu: dictamen de la Comissi\u00f3 Jur\u00eddica Assessora <\/p>\n<p>Divendres 25 de setembre:<br \/>\n9:00 Reuni\u00f3 amb ve\u00efns de Santa Cristina<br \/>\nLloc: Despatx de l\u2019Ajuntament<br \/>\nMotiu: problem\u00e0tica amb gats de carrer<br \/>\n11:00 Reuni\u00f3 amb cap de brigada<br \/>\nLloc: Despatx de l\u2019Ajuntament<br \/>\nMotiu: organitzaci\u00f3 de tasques<\/p>\n<p><strong>Dies 28 al 30 de setembre:<\/strong><br \/>\nDilluns 28 de setembre:<br \/>\n8:15: Reuni\u00f3 amb TBC<br \/>\nLloc: Despatx de l\u2019Ajuntament<br \/>\nMotiu: signatura nou comprom\u00eds<br \/>\n19:00: Junta de Govern Local<br \/>\nLloc: Despatx d\u2019Alcaldia<\/p>\n<p>Dimarts 29 de setembre:<br \/>\n19:00: Videotrucada amb empresa<br \/>\nMotiu: estudi de la gesti\u00f3 de residus municipal<\/p>\n<p>Dimecres 30 de setembre:<br \/>\n10:00: Videotrucada amb empresa<br \/>\nLloc: despatx d\u2019Alcaldia<br \/>\nMotiu: posada en funcionament pou de l\u2019Esplai<br \/>\n12:00: Reuni\u00f3 amb cap de vigilants<br \/>\nLloc: despatx CMC<br \/>\nMotiu: incid\u00e8ncies <\/p>\n<p><strong>Dies del 1 al 4 d\u2019octubre:<\/strong><br \/>\nDijous 1 d\u2019octubre:<br \/>\n10:00: Visita al poble<br \/>\nLloc: Parc de la Pla\u00e7a Pau Casals<br \/>\nMotiu: Treballs als pins dels parc<\/p>\n<p>Divendres 2 d\u2019octubre:<br \/>\n10:00 Comissi\u00f3 de seguiment d\u2019Aqualia<br \/>\nLloc: Biblioteca municipal<br \/>\nMotiu: reuni\u00f3 peri\u00f2dica <\/p>\n<p>Diumenge 4 d\u2019octubre:<br \/>\n12:00 espectacle \u201cMoltes gr\u00e0cies\u201d de Quim Masferrer<br \/>\nLloc: carrers del nucli<br \/>\nMotiu: acte de La Fira<br \/>\n18:30 concert \u201cLa dama y los vagabundos\u201d<br \/>\nLloc: Pla\u00e7a de l\u2019esgl\u00e8sia<br \/>\nMotiu: acte de La Fira<\/p>\n<p><strong>Setmana del 5 al 11 d\u2019octubre:<\/strong><br \/>\nDilluns 5 d\u2019octubre:<br \/>\n12:00 volta pels carrers Can Gordei<br \/>\nMotiu: recollir incid\u00e8ncies<\/p>\n<p>Dimarts 6 d\u2019octubre:<br \/>\n19:00 Videotrucada per estudi de la recollida de la brossa<br \/>\nMotiu: realitzaci\u00f3 de l\u2019estudi de la recollida de la brossa<\/p>\n<p>Dimecres 7 d\u2019octubre:<br \/>\n12:30 Reuni\u00f3 amb TBC<br \/>\nLloc: Despatx de l\u2019Ajuntament<br \/>\nMotiu: signatura nou comprom\u00eds<\/p>\n<p>Dijous 8 d\u2019octubre:<br \/>\n11:30 Reuni\u00f3 amb cap de brigada i amb cap d\u2019inspecci\u00f3 i informaci\u00f3<br \/>\nLloc: Despatx de l\u2019Ajuntament<br \/>\nMotiu: problemes organitzatius<\/p>\n<p>Divendres 9 d\u2019octubre:<br \/>\n11:00 Reuni\u00f3 amb cap de brigada<br \/>\nLloc: Despatx de l\u2019Ajuntament<br \/>\nMotiu: organitzaci\u00f3 de les tasques<\/p>\n<p><strong>Setmana del 12 al 18 d\u2019octubre:<\/strong><br \/>\nDimarts 13 d\u2019octubre:<br \/>\n19:00 Reuni\u00f3 equip de govern<br \/>\nLloc: Despatx d\u2019Alcaldia<br \/>\n19:00: Junta de Govern Local<br \/>\nLloc: Despatx d\u2019Alcaldia<\/p>\n<p>Divendres 16 d\u2019octubre:<br \/>\n13:00 Reuni\u00f3 amb cap de brigada<br \/>\nLloc: Despatx de l\u2019Ajuntament<br \/>\nMotiu: organitzaci\u00f3 de les tasques<\/p>\n<p><strong>Setmana del 19 al 25 d\u2019octubre:<\/strong><br \/>\nDimecres 21 d\u2019octubre:<br \/>\n10:30 Reuni\u00f3 amb directora de la llar<br \/>\nLloc: despatx de l\u2019Ajuntament<br \/>\nMotiu: diversos temes organitzatius<br \/>\n12:00 Reuni\u00f3 amb empresa<br \/>\nMotiu: estudi de la brossa<br \/>\nLloc: biblioteca del CMC<br \/>\n19:00 Reuni\u00f3 telem\u00e0tica CEBP<br \/>\nMotiu: assemblea de la junta directiva<\/p>\n<p>Dijous 22 d\u2019octubre:<br \/>\n17:30 Videotrucada amb els Serveis Territorials d\u2019Educaci\u00f3<br \/>\nMotiu: evoluci\u00f3 de la situaci\u00f3 actual a les escoles de la comarca<\/p>\n<p><strong>Setmana del 26 al 31 d\u2019octubre:<\/strong><br \/>\nDimarts 27 d\u2019octubre:<br \/>\n9:00: Reuni\u00f3 telem\u00e0tica amb empresa<br \/>\nMotiu: estudi de transport urb\u00e0<\/p>\n<p>Dimecres 28 d\u2019octubre:<br \/>\n11:30: Reuni\u00f3 amb cap del servei d\u2019inspecci\u00f3<br \/>\nLloc: despatx de l\u2019Ajuntament<br \/>\nMotiu: problemes variats<\/p>\n<p><strong>Setmana del 2 al 8 de novembre:<\/strong><br \/>\nDilluns 2 de novembre:<br \/>\n18:00 Reuni\u00f3 amb equip de govern<br \/>\nLloc: Despatx d\u2019Alcaldia<br \/>\nMotiu: Funcionament i organitzaci\u00f3<br \/>\n20:00 Reuni\u00f3 amb cap d\u2019inspecci\u00f3 i informaci\u00f3<br \/>\nLloc: Despatx del CMC<br \/>\nMotiu: Funcionament tasques<\/p>\n<p>Dimarts 3 de novembre:<br \/>\nDe 9:30 a 12:30: Curs pressupostari b\u00e0sic (telem\u00e0tic)<br \/>\n15:30 Reuni\u00f3 amb director de l\u2019escola<br \/>\nLloc: Despatx d\u2019Alcaldia<br \/>\nMotiu: Curs escolar<br \/>\nDijous 5 de novembre:<br \/>\nDe 9:30 a 12:30 Curs pressupostari b\u00e0sic (telem\u00e0tic)<\/p>\n<p>Divendres 6 de novembre:<br \/>\n11:00 Reuni\u00f3 amb cap de brigada<br \/>\nLloc: Despatx de l\u2019Ajuntament<br \/>\nMotiu: Organitzaci\u00f3 tasques setmanals<\/p>\n<p><strong>Setmana del 9 al 15 de novembre:<\/strong><br \/>\nDilluns 9 de novembre:<br \/>\n10:30 Reuni\u00f3 d\u2019atenci\u00f3 ciutadana<br \/>\nLloc: Despatx de l\u2019Ajuntament<br \/>\nMotiu: servei d\u2019aigua<\/p>\n<p>Dimarts 10 de novembre:<br \/>\nDe 9:30 a 12:30 Curs pressupostari b\u00e0sic (telem\u00e0tic)<br \/>\nDimecres 11 de novembre:<br \/>\n12:00 Videotrucada amb empresa que realitza l\u2019estudi pel desbro\u00e7ament i la neteja vi\u00e0ria<br \/>\nMotiu: organitzaci\u00f3 de les tasques d\u2019hivern de la prova<\/p>\n<p>Dijous 12 de novembre:<br \/>\n11:00 Volta pels carrers de Can Gordei<br \/>\nMotiu: valorar problem\u00e0tiques als carrers<\/p>\n<p>Divendres 13 de novembre:<br \/>\nDe 9:30 a 13:30 Curs Les ocupacions d\u2019habitatge i els ens locals (telem\u00e0tic)<\/p>\n<p>Dissabte 14 de novembre:<br \/>\n18:00 Reuni\u00f3 equip de govern<br \/>\nLloc: Despatx d\u2019Alcaldia<br \/>\nMotiu: Preparaci\u00f3 pressupostos<\/p>\n<p><strong>Setmana del 16 al 22 de novembre:<\/strong><br \/>\nDilluns 16 de novembre:<br \/>\n9:30 Reuni\u00f3 d\u2019atenci\u00f3 ciutadana<br \/>\nLloc: Despatx d\u2019Alcaldia<br \/>\nMotiu: Consultes personals<br \/>\n11:00 Reuni\u00f3 amb cap de brigada<br \/>\nLloc: Despatx de l\u2019Ajuntament<br \/>\nMotiu: Organitzaci\u00f3 de les tasques setmanals<\/p>\n<p>Dijous 19 de novembre:<br \/>\n10:00 Reuni\u00f3 amb responsable de TBC<br \/>\nLloc: Despatx de l\u2019Ajuntament<br \/>\nMotiu: Nou pla de compliment<\/p>\n<p>Divendres 20 de novembre:<br \/>\n11:00 Reuni\u00f3 amb cap de brigada<br \/>\nLloc: Despatx de l\u2019Ajuntament<br \/>\nMotiu: organitzaci\u00f3 de les tasques<\/p>\n<p><strong>Setmana del 23 al 29 de novembre:<\/strong><br \/>\nDilluns 23 de novembre:<br \/>\n18:00 Reuni\u00f3 d\u2019atenci\u00f3 ciutadana<br \/>\nLloc: despatx de l\u2019Ajuntament<br \/>\nMotiu: col\u00f2nies de gats<br \/>\n19:00 Junta de govern local<br \/>\nLloc: Despatx d\u2019Alcaldia<br \/>\n19:00 Reuni\u00f3 telem\u00e0tica CEBP<br \/>\nMotiu: assemblea de la junta directiva<\/p>\n<p>Dimarts 24 de novembre:<br \/>\n12:00 Volta pel nucli<br \/>\nMotiu: incid\u00e8ncies als carrers<\/p>\n<p>Dimecres 25 de novembre:<br \/>\n8:00 Ple extraordinari<br \/>\nLloc: Sala de Plens<br \/>\n19:30 Videoconfer\u00e8ncia Consell d\u2019Alcaldes CCBP, participaci\u00f3 dels regidors responsables de residus s\u00f2lids municipals<br \/>\nMotiu: model post EcoBP del servei de recollida i eliminaci\u00f3 d\u2019RSUtemes<\/p>\n<p>Dijous 26 de novembre:<br \/>\nDe 10:00 a 14:00 Curs Les ocupacions d\u2019habitatge i els ens locals (telem\u00e0tic)<br \/>\n19:00: Xerrada de La Marat\u00f3 (telem\u00e0tica)<\/p>\n<p>Divendres 27 de novembre:<br \/>\n11:00 Reuni\u00f3 amb cap de brigada<br \/>\nLloc: Despatx de l\u2019Ajuntament<br \/>\nMotiu: organitzaci\u00f3 de les tasques<\/p>\n<p>Dia 30 de novembre:<br \/>\nDilluns 30 de novembre:<br \/>\n17:00 Entrega premi m\u00e8rit escolar<br \/>\nLloc: despatx d\u2019Alcaldia<br \/>\n17:30 Entrega premi m\u00e8rit escolar<br \/>\nLloc: despatx d\u2019Alcaldia<br \/>\n18:00 Entrega premi m\u00e8rit escolar<br \/>\nLloc: despatx d\u2019Alcaldia<br \/>\n18:30 Entrega premi m\u00e8rit escolar<br \/>\nLloc: despatx d\u2019Alcaldia<\/p>\n<p><strong>Setmana del 1 al 6 de desembre:<\/strong><br \/>\nDimarts 1 de desembre:<br \/>\n10:30 Reuni\u00f3 d\u2019atenci\u00f3 ciutadana<br \/>\nLloc: Despatx de l\u2019Ajuntament<br \/>\nMotiu: Cam\u00ed en mal estat en l\u2019Ortig\u00f3s<\/p>\n<p>Dimecres 2 de desembre:<br \/>\n10:00 Visita a l\u2019Ortig\u00f3s<br \/>\nMotiu: Veure diferents incid\u00e8ncies a reparar<br \/>\nDivendres 4 de desembre:<br \/>\n8:00 Ple extraordinari<br \/>\nLloc: Sala de plens<br \/>\n11:00 Reuni\u00f3 amb cap de brigada<br \/>\nLloc: Despatx de l\u2019Ajuntament<br \/>\nMotiu: Organitzaci\u00f3 tasques<\/p>\n<p><strong>Setmana del 7 al 13 de desembre:<\/strong><br \/>\nDilluns 7 de desembre:<br \/>\n17:30 Reuni\u00f3 amb urbanisme<br \/>\nLloc: Despatx d\u2019Alcaldia<br \/>\nMotiu: proposta col\u2022locaci\u00f3 plaques solars<br \/>\n17:00 Entrega premi m\u00e8rit escolar<br \/>\nLloc: despatx d\u2019Alcaldia <\/p>\n<p>Dimecres 9 de desembre:<br \/>\n9:30 Reuni\u00f3 amb ve\u00ed i amb t\u00e9cnic de l\u2019Ajuntament<br \/>\nLloc: Despatx d\u2019Alcaldia<br \/>\nMotiu: proposta de llibre<br \/>\nDijous 10 de desembre:<br \/>\n11:00 Repartiment material als comer\u00e7os<br \/>\nMotiu: campanya de comer\u00e7<\/p>\n<p>Divendres 11 de desembre:<br \/>\n10:00 Reuni\u00f3 amb empresa de transport<br \/>\nLloc: Despatx d\u2019Alcaldia<br \/>\nMotiu: transport interurb\u00e0<\/p>\n<p><strong>Setmana del 14 al 20 de desembre:<\/strong><br \/>\nDilluns 14 de desembre:<br \/>\n19:00 Junta de govern local<br \/>\nLloc: Despatx d\u2019Alcaldia<\/p>\n<p>Dimarts 15 de desembre:<br \/>\n11:30 Videotrucada<br \/>\nLloc: Despatx d\u2019Alcaldia<br \/>\nMotiu: presentaci\u00f3 PAESC<\/p>\n<p>Dijous 17 de desembre:<br \/>\n12:30 Videotrucada sessi\u00f3 ordin\u00e0ria Mancomunitat Albornar<br \/>\nLloc: Despatx de l\u2019Ajuntament<\/p>\n<p>Divendres 18 de desembre:<br \/>\n7:40 Volta amb bus institut<br \/>\nMotiu: revisar les parades del bus<br \/>\n9:30 Reuni\u00f3 amb director de l\u2019escola<br \/>\nLloc: despatx de l\u2019escola<br \/>\nMotiu: temes del consell escolar<br \/>\n11:00 Reuni\u00f3 amb cap de brigada<br \/>\nLloc: despatx de l\u2019Ajuntament<br \/>\nMotiu: organitzaci\u00f3 de les tasques<\/p>\n<p><strong>Setmana del 21 al 27 de desembre:<\/strong><br \/>\nDilluns 21 de desembre:<br \/>\n9:00 Ple extraordinari<br \/>\nLloc: sala de plens<br \/>\n12:00 Reuni\u00f3 equip de govern<br \/>\nLloc: Despatx d\u2019Alcaldia<br \/>\nMotiu: diferents assumptes<br \/>\n19:00 Ple ordinari<br \/>\nLloc: Sala de plens<\/p>\n<p>Dimarts 22 de desembre:<br \/>\n13:00 Reuni\u00f3 amb cap de brigada<br \/>\nLloc: Despatx de l\u2019Ajuntament<br \/>\nMotiu: organitzaci\u00f3 de les tasques<\/p>\n<p>Dimecres 23 de desembre:<br \/>\n12:00 Reuni\u00f3 de la revista<br \/>\nLloc: despatx d\u2019Alcaldia<br \/>\nMotiu: canvis proposats<\/p>\n<p><strong>Dies del 28 al 31 de desembre:<\/strong><br \/>\nDilluns 28 de desembre:<br \/>\n10:00 Reuni\u00f3 equip de govern<br \/>\nLloc: despatx de l\u2019Ajuntament<\/p>\n<p>Dimarts 29 de desembre:<br \/>\n8:00 Junta de govern local<br \/>\nLloc: despatx d\u2019Alcaldia<br \/>\nDe 18:00 a 20:00 Recollida dels enc\u00e0rrecs reials<br \/>\nLloc: entrada de l\u2019Ajuntament<\/p>\n<p>Dimecres 30 de desembre:<br \/>\nDe 18:00 a 20:00 Recollida dels enc\u00e0rrecs reials<br \/>\nLloc: entrada de l\u2019Ajuntament<\/p>\n<p>Dijous 31 de desembre:<br \/>\nDe 18:00 a 20:00 Recollida dels enc\u00e0rrecs reials<br \/>\nLloc: entrada de l\u2019Ajuntament<\/p>\n","protected":false},"excerpt":{"rendered":"<p>&nbsp; Agenda de juliol a desembre de 2020 Dies del 1 al 5 de juliol: Divendres 3 de juliol: 10:00: Reuni\u00f3 amb Joventut Bisbalenca Lloc: Despatx d\u2019Alcaldia Tema: organitzaci\u00f3 activitats &hellip; <a href=\"https:\/\/bisbalpenedes.com\/web\/leo-uceda-martin\/\" class=\"more-link\">Read More<\/a><\/p>\n","protected":false},"author":5,"featured_media":0,"parent":0,"menu_order":0,"comment_status":"closed","ping_status":"closed","template":"","meta":[],"_links":{"self":[{"href":"https:\/\/bisbalpenedes.com\/web\/wp-json\/wp\/v2\/pages\/14957"}],"collection":[{"href":"https:\/\/bisbalpenedes.com\/web\/wp-json\/wp\/v2\/pages"}],"about":[{"href":"https:\/\/bisbalpenedes.com\/web\/wp-json\/wp\/v2\/types\/page"}],"author":[{"embeddable":true,"href":"https:\/\/bisbalpenedes.com\/web\/wp-json\/wp\/v2\/users\/5"}],"replies":[{"embeddable":true,"href":"https:\/\/bisbalpenedes.com\/web\/wp-json\/wp\/v2\/comments?post=14957"}],"version-history":[{"count":8,"href":"https:\/\/bisbalpenedes.com\/web\/wp-json\/wp\/v2\/pages\/14957\/revisions"}],"predecessor-version":[{"id":16009,"href":"https:\/\/bisbalpenedes.com\/web\/wp-json\/wp\/v2\/pages\/14957\/revisions\/16009"}],"wp:attachment":[{"href":"https:\/\/bisbalpenedes.com\/web\/wp-json\/wp\/v2\/media?parent=14957"}],"curies":[{"name":"wp","href":"https:\/\/api.w.org\/{rel}","templated":true}]}}