{"id":13284,"date":"2020-05-08T18:57:18","date_gmt":"2020-05-08T17:57:18","guid":{"rendered":"http:\/\/bisbalpenedes.com\/web\/?page_id=13284"},"modified":"2020-05-11T16:12:56","modified_gmt":"2020-05-11T15:12:56","slug":"questionari-de-feina","status":"publish","type":"page","link":"https:\/\/bisbalpenedes.com\/web\/questionari-de-feina\/","title":{"rendered":"Questionari de feina"},"content":{"rendered":"<p><img class=\"aligncenter size-full wp-image-13291\" src=\"http:\/\/bisbalpenedes.com\/web\/wp-content\/uploads\/2020\/05\/cap_1.jpg\" alt=\"cap_1\" width=\"100%\" srcset=\"https:\/\/bisbalpenedes.com\/web\/wp-content\/uploads\/2020\/05\/cap_1.jpg 1240w, https:\/\/bisbalpenedes.com\/web\/wp-content\/uploads\/2020\/05\/cap_1-600x177.jpg 600w, https:\/\/bisbalpenedes.com\/web\/wp-content\/uploads\/2020\/05\/cap_1-300x89.jpg 300w, https:\/\/bisbalpenedes.com\/web\/wp-content\/uploads\/2020\/05\/cap_1-768x227.jpg 768w, https:\/\/bisbalpenedes.com\/web\/wp-content\/uploads\/2020\/05\/cap_1-1024x302.jpg 1024w\" sizes=\"(max-width: 1240px) 100vw, 1240px\" \/><\/p>\n<p><strong>Si has perdut la teva feina a causa de la Covid-19, ens agradaria que omplissis aquest q\u00fcestionari per poder ajudar-te en la teva recerca de feina.<\/strong><\/p>\n<div style=\"display:none\" class=\"fm-form-container fm-theme2\"><div id=\"fm-pages7\" class=\"fm-pages wdform_page_navigation \" show_title=\"\" show_numbers=\"1\" type=\"none\"><\/div><form name=\"form7\" action=\"\/web\/wp-json\/wp\/v2\/pages\/13284\" method=\"post\" id=\"form7\" class=\"fm-form form7  \" enctype=\"multipart\/form-data\"><input type=\"hidden\" id=\"fm_page_id7\" value=\"13284\" name=\"fm_page_id7\" \/><input type=\"hidden\" id=\"fm_current_post_type7\" value=\"page\" name=\"fm_current_post_type7\" \/><input type=\"hidden\" id=\"counter7\" value=\"11\" name=\"counter7\" \/><input type=\"hidden\" id=\"Itemid7\" value=\"\" name=\"Itemid7\" \/><input type=\"hidden\" id=\"fm_shake7\" value=\"1\" name=\"fm_shake7\" \/><input type=\"text\" class=\"fm-hide\" id=\"fm_empty_field_validation7\" value=\"\" name=\"fm_empty_field_validation7\" data-value=\"bd736efb144d599cf463541431fbf5c4\" \/><div class=\"wdform-page-and-images fm-form-builder\"><div id=\"7form_view1\" class=\"wdform_page\" page_title=\"Untitled page\" next_title=\"Next\" next_type=\"text\" next_class=\"wdform-page-button\" next_checkable=\"true\" previous_title=\"Previous\" previous_type=\"text\" previous_class=\"wdform-page-button\" previous_checkable=\"false\"><div class=\"wdform_section\"><\/div><div class=\"wdform_section\"><div class=\"wdform_column\"><div wdid=\"2\" class=\"wdform_row\" style=\"position: relative; left: 0px; top: 0px;\"><div type=\"type_own_select\" class=\"wdform-field wd-width-100 wd-flex wd-flex-column fm-type_own_select\" ><div class=\"wdform-label-section wd-width-100 wdform_select wd-flex-row\">    <label  for=\"wdform_2_element7\" class=\"wdform-label\">Situaci\u00f3 laboral actual<\/label><span class=\"wdform-required\">*<\/span><\/div><div class=\"wdform-element-section wd-flex wdform_select wd-flex-row wd-width-100\" style=\"max-width: 200px;\"><select class=\"wd-width-100\" id=\"wdform_2_element7\" name=\"wdform_2_element7\" ><option value=\"Seleccioneu\" selected=\"selected\">Seleccioneu<\/option><option value=\"ERTE\" >ERTE<\/option><option value=\"ATURAT\" >ATURAT<\/option><\/select><\/div><\/div><\/div><\/div><div class=\"wdform_column\"><div wdid=\"3\" class=\"wdform_row\"><div type=\"type_date_new\" class=\"wdform-field wd-width-100 wd-flex wd-flex-column fm-type_date_new\" ><div class=\"wdform-label-section wd-width-100  wd-flex-row\">    <label  for=\"wdform_3_element7\" class=\"wdform-label\">Des de quina data est\u00e0s en aquesta situaci\u00f3?<\/label><\/div><div class=\"wdform-element-section wd-flex  wd-flex-row wd-width-100\" style=\"max-width: 200px;\"><input class=\"wd-width-100\" autocomplete=\"off\" onchange=\"wd_validate(this)\" data-form-id=\"7\" data-wdid=\"3\" data-valid-type=\"date\" type=\"text\" id=\"wdform_3_element7\" data-value=\"\" value=\"\" name=\"wdform_3_element7\"   \/><span id=\"fm-calendar-3\" class=\"dashicons dashicons-calendar-alt wd-calendar-button wd-hidden\"><\/span><input type=\"hidden\" class=\"hidden_date\" data-format=\"dd\/mm\/yy\" data-min=\"\" data-max=\"\" id=\"wdform_3_button7\" value=\"\" \/><\/div><\/div><\/div><\/div><div class=\"wdform_column\"><div wdid=\"5\" class=\"wdform_row\"><div type=\"type_text\" class=\"wdform-field wd-width-100 wd-flex wd-flex-column fm-type_text\" ><div class=\"wdform-label-section wd-width-100  wd-flex-row wd-align-items-center\">    <label  for=\"wdform_5_element7\" class=\"wdform-label\">A quin sector et dedicaves abans d'aquesta situaci\u00f3?<\/label><\/div><div class=\"wdform-element-section wd-flex  wd-flex-row wd-align-items-center wd-width-100\" style=\"max-width: 600px;\"><input type=\"text\"                           class=\"wd-width-100\"                           id=\"wdform_5_element7\"                           name=\"wdform_5_element7\"                           value=\"\"                           data-value=\"\"                           title=\"\"                           placeholder=\"\"                                                       \/><\/div><\/div><\/div><\/div><div class=\"wdform_column\"><div wdid=\"7\" class=\"wdform_row\" style=\"position: relative; left: 0px; top: 0px;\"><div type=\"type_text\" class=\"wdform-field wd-width-100 wd-flex wd-flex-column fm-type_text\" ><div class=\"wdform-label-section wd-width-100  wd-flex-row wd-align-items-center\">    <label  for=\"wdform_7_element7\" class=\"wdform-label\">Has tramitat o reps alguna ajuda o subvenci\u00f3 en aquests moments?<\/label><\/div><div class=\"wdform-element-section wd-flex  wd-flex-row wd-align-items-center wd-width-100\" style=\"max-width: 600px;\"><input type=\"text\"                           class=\"wd-width-100\"                           id=\"wdform_7_element7\"                           name=\"wdform_7_element7\"                           value=\"\"                           data-value=\"\"                           title=\"\"                           placeholder=\"\"                                                       \/><\/div><\/div><\/div><\/div><div class=\"wdform_column\"><div wdid=\"8\" class=\"wdform_row\"><div type=\"type_radio\" class=\"wdform-field wd-width-100 wd-flex wd-flex-column fm-type_radio\" ><div class=\"wdform-label-section wd-width-100  wd-flex-wrap wd-flex-column\">    <label  class=\"wdform-label\">Ets usuari del Servei d'Ocupaci\u00f3 Municipal en aquests moments?<\/label><span class=\"wdform-required\">*<\/span><\/div><div class=\"wdform-element-section wd-flex  wd-flex-wrap wd-flex-column wd-width-100\" ><div class=\"wd-flex wd-flex-column\"><input type=\"hidden\" name=\"wdform_8_element7\" value=\"\" \/><div class=\"radio-div wd-choice wd-flex wd-flex-row\"><input type=\"radio\"  id=\"wdform_8_element70\" name=\"wdform_8_element7\" value=\"S\u00ed\" onclick=\"set_default(&quot;wdform_8&quot;,&quot;0&quot;,&quot;7&quot;); \"   \/><label class=\"wd-align-items-center wd-flex wd-flex-row\" for=\"wdform_8_element70\"><span><\/span>S\u00ed<\/label><\/div><div class=\"radio-div wd-choice wd-flex wd-flex-row\"><input type=\"radio\"  id=\"wdform_8_element71\" name=\"wdform_8_element7\" value=\"No\" onclick=\"set_default(&quot;wdform_8&quot;,&quot;1&quot;,&quot;7&quot;); \"   \/><label class=\"wd-align-items-center wd-flex wd-flex-row\" for=\"wdform_8_element71\"><span><\/span>No<\/label><\/div><\/div><\/div><\/div><\/div><\/div><div class=\"wdform_column\"><div wdid=\"9\" class=\"wdform_row\"><div type=\"type_name\" class=\"wdform-field wd-width-100 wd-flex wd-flex-column fm-type_name\" ><div class=\"wdform-label-section wd-width-100  wd-flex-row\">    <label  for=\"wdform_9_element_first7\" class=\"wdform-label\">Nom<\/label><span class=\"wdform-required\">*<\/span><\/div><div class=\"wdform-element-section wd-flex  wd-flex-row wd-width-100\" style=\"max-width: 400px;\"><div class=\"wd-flex wd-flex-column wd-width-50\"><input type=\"text\" class=\"wd-width-100\" id=\"wdform_9_element_first7\" name=\"wdform_9_element_first7\" data-value=\"\" value=\"\" title=\"\" placeholder=\"\"  \/><label class=\"mini_label\" for=\"wdform_9_element_first7\">nom<\/label><\/div><div class=\"wd-flex wd-flex-column wd-name-separator\"><\/div><div class=\"wd-flex wd-flex-column wd-width-50\"><input type=\"text\" class=\"wd-width-100\" id=\"wdform_9_element_last7\" name=\"wdform_9_element_last7\" data-value=\"\" value=\"\" title=\"\" placeholder=\"\"  \/><label class=\"mini_label\" for=\"wdform_9_element_last7\">cognoms<\/label><\/div><\/div><\/div><\/div><\/div><div class=\"wdform_column\"><div wdid=\"10\" class=\"wdform_row\"><div type=\"type_submitter_mail\" class=\"wdform-field wd-width-100 wd-flex wd-flex-column fm-type_submitter_mail\" ><div class=\"wdform-label-section wd-width-100  wd-flex-row\">    <label  for=\"wdform_10_element7\" class=\"wdform-label\">Email<\/label><span class=\"wdform-required\">*<\/span><\/div><div class=\"wdform-element-section wd-flex  wd-flex-row wd-width-100\" style=\"max-width: 300px;\"><input type=\"text\" class=\"wd-width-100\" id=\"wdform_10_element7\" name=\"wdform_10_element7\" data-value=\"\" value=\"\" title=\"\" placeholder=\"\"   onchange=\"wd_check_email('10', '7', 'Aix\u00f2 no \u00e9s una adre\u00e7a de correu electr\u00f2nic v\u00e0lida.')\" \/><\/div><\/div><\/div><\/div><div class=\"wdform_column\"><div wdid=\"1\" class=\"wdform_row\" style=\"position: relative; left: 0px; top: 0px;\"><div type=\"type_submit_reset\" class=\"wdform-field wd-width-100 wd-flex wd-flex-column fm-type_submit_reset\" ><div class=\"wdform-element-section wd-flex  wd-flex-row wd-justify-content-left wd-width-100\" ><button  type=\"button\" class=\"button-submit\" onclick=\"fm_submit_form('7');\"  data-ajax=\"0\"><span class=\"fm-submit-loading spinner fm-ico-spinner\"><\/span>Enviar formulari<\/button><button  type=\"button\" class=\"button-reset \" onclick=\"fm_reset_form(7);\" >Borrar<\/button><\/div><\/div><\/div><\/div><\/div><div valign=\"top\" class=\"wdform_footer wd-width-100\"><div class=\"wd-width-100\"><div class=\"wd-width-100 wd-table\" style=\"padding-top:10px;\"><div class=\"wd-table-group\"><div id=\"7page_nav1\" class=\"wd-table-row\"><\/div><\/div><\/div><\/div><\/div><\/div><\/div><div class=\"wdform_preload\"><\/div><input type=\"hidden\" name=\"fm-current-page\" value=\"https:\/\/bisbalpenedes.com\/web\/wp-json\/wp\/v2\/pages\/13284\" \/><\/form><\/div>\n<p><strong>Ens posarem en contacte amb tu per procedir a orientar-te laboralment d&#8217;una forma efica\u00e7 i aix\u00ed poder-te ajudar en aquests moments dif\u00edcils.<br \/>\n___<\/strong><\/p>\n<p>Av\u00eds legal i Pol\u00edtica de Privacitat<br \/>\nProtecci\u00f3 de Dades Personals<br \/>\nEn virtut de la Llei 15\/1999 de 13 de desembre, sobre la Protecci\u00f3 de Dades de Car\u00e0cter Personal, el fem coneixedor que les seves dades personals, que poden estar en aquesta comunicaci\u00f3, estan incorporades en un fitxer automatitzat responsabilitat de l&#8217;Ajuntament de la Bisbal del Pened\u00e8s NIF: P-4302800J. La finalitat d\u2019aquest fitxer \u00e9s gestionar la relaci\u00f3 negocial i informar-lo dels nostres serveis. Aquestes dades no seran transmeses a terceres persones. Si desitja exercir els drets d\u2019acc\u00e9s, rectificaci\u00f3, cancel\u2022laci\u00f3, oposici\u00f3, o no desitja rebre m\u00e9s informaci\u00f3 pot dirigir-se a: l&#8217;Ajuntament de la Bisbal del Pened\u00e8s, c. Major, 21. 43717 la Bisbal del Pened\u00e8s, o b\u00e9, enviar un correu electr\u00f2nic a info@bisbalpenedes.com<\/p>\n","protected":false},"excerpt":{"rendered":"<p>Si has perdut la teva feina a causa de la Covid-19, ens agradaria que omplissis aquest q\u00fcestionari per poder ajudar-te en la teva recerca de feina. Ens posarem en contacte &hellip; <a href=\"https:\/\/bisbalpenedes.com\/web\/questionari-de-feina\/\" class=\"more-link\">Read More<\/a><\/p>\n","protected":false},"author":1,"featured_media":13285,"parent":0,"menu_order":0,"comment_status":"closed","ping_status":"closed","template":"","meta":[],"_links":{"self":[{"href":"https:\/\/bisbalpenedes.com\/web\/wp-json\/wp\/v2\/pages\/13284"}],"collection":[{"href":"https:\/\/bisbalpenedes.com\/web\/wp-json\/wp\/v2\/pages"}],"about":[{"href":"https:\/\/bisbalpenedes.com\/web\/wp-json\/wp\/v2\/types\/page"}],"author":[{"embeddable":true,"href":"https:\/\/bisbalpenedes.com\/web\/wp-json\/wp\/v2\/users\/1"}],"replies":[{"embeddable":true,"href":"https:\/\/bisbalpenedes.com\/web\/wp-json\/wp\/v2\/comments?post=13284"}],"version-history":[{"count":6,"href":"https:\/\/bisbalpenedes.com\/web\/wp-json\/wp\/v2\/pages\/13284\/revisions"}],"predecessor-version":[{"id":13290,"href":"https:\/\/bisbalpenedes.com\/web\/wp-json\/wp\/v2\/pages\/13284\/revisions\/13290"}],"wp:featuredmedia":[{"embeddable":true,"href":"https:\/\/bisbalpenedes.com\/web\/wp-json\/wp\/v2\/media\/13285"}],"wp:attachment":[{"href":"https:\/\/bisbalpenedes.com\/web\/wp-json\/wp\/v2\/media?parent=13284"}],"curies":[{"name":"wp","href":"https:\/\/api.w.org\/{rel}","templated":true}]}}