{"id":11881,"date":"2020-02-07T09:35:02","date_gmt":"2020-02-07T08:35:02","guid":{"rendered":"http:\/\/bisbalpenedes.com\/web\/?page_id=11881"},"modified":"2020-10-20T08:16:55","modified_gmt":"2020-10-20T06:16:55","slug":"leo-uceda-martin-2020-1r-semestre","status":"publish","type":"page","link":"https:\/\/bisbalpenedes.com\/web\/leo-uceda-martin-2020-1r-semestre\/","title":{"rendered":"Leo Uceda Mart\u00edn 2020 &#8211; 1r Semestre"},"content":{"rendered":"<div data-post-id='3403' class='insert-page insert-page-3403 '><\/div>\n<p>&nbsp;<\/p>\n<p><strong><\/p>\n<p style=\"text-align: left;\">Agenda de gener a juny de 2020<\/p>\n<p><\/strong><\/p>\n<p><strong>Setmana de 1 al 5 de gener:<\/strong><br \/>\nDijous 2 de gener:<br \/>\n18:00 Lliurament dels Xecs Nad\u00f3<br \/>\nLloc: Auditori del CMC<br \/>\nDiumenge 5 de gener:<br \/>\n16:00: Preparatius per a la cavalcada de Reis<br \/>\nLloc: Sala del CMC<br \/>\n19:00: Cavalcada de Reis<br \/>\nLloc: Carrers del poble<\/p>\n<p><strong>Setmana del 6 al 12 de gener:<\/strong><br \/>\nDijous 9 de gener:<br \/>\n10:00 Reuni\u00f3 amb equip de govern<br \/>\nLloc: Despatx de l\u2019Ajuntament<\/p>\n<p>Divendres 10 de gener:<br \/>\n10:00 Reuni\u00f3 amb t\u00e8cnics de l\u2019Ajuntament<br \/>\nLloc: Despatx d\u2019Alcaldia<br \/>\nTema: Defici\u00e8ncies al camp de futbol<br \/>\n11:00 Reuni\u00f3 amb caps de brigada<br \/>\nLloc: Despatx de l\u2019Ajuntament<br \/>\nTema: Organitzaci\u00f3 brigada<br \/>\n12:00 Reuni\u00f3 amb t\u00e8cnica d\u2019ocupaci\u00f3<br \/>\nLloc: Despatx de l\u2019Ajuntament<br \/>\nTema: Projecte Skala<\/p>\n<p><strong>Setmana del 13 al 19 de gener:<\/strong><br \/>\nDilluns 13 de gener:<br \/>\n10:30 Reuni\u00f3 amb director de l\u2019Escola Ull de Vent<br \/>\nLloc: Despatx d\u2019Alcaldia<br \/>\nTema: Conveni 2019\/2020<br \/>\n19:00 Junta de Govern Local<br \/>\nLloc: Despatx d\u2019Alcaldia<br \/>\n19:30 Reuni\u00f3 de l\u2019equip de govern<br \/>\nLloc: Despatx d\u2019Alcaldia<\/p>\n<p>Dimarts 14 de gener:<br \/>\n12:00 Visita amb el cap de brigada<br \/>\nLloc: Local social de l\u2019Esplai<br \/>\nMotiu: Treballs a plantejar<\/p>\n<p>Dimecres 15 de gener:<br \/>\n11:30 Reuni\u00f3 d&#8217;atenci\u00f3 ciutadana<br \/>\nLloc: Despatx de l\u2019Ajuntament<br \/>\nMotiu: Problema particular<\/p>\n<p>Dijous 16 de gener:<br \/>\n11:00 Reuni\u00f3 amb t\u00e8cnica<br \/>\nLloc: Despatx de l\u2019Ajuntament<br \/>\nMotiu: Procediment a realitzar<\/p>\n<p>Divendres 17 de gener:<br \/>\n10:00 Entrevista amb t\u00e8cnics de la Generalitat i empresa<br \/>\nLloc: Despatx d\u2019Alcaldia<br \/>\nMotiu: Proper inici de les obres de la rotanda a la C-51<br \/>\n15:00 Cursa solid\u00e0ria<br \/>\nLloc: Escola Ull de Vent <\/p>\n<p><strong>Setmana del 20 al 26 de gener:<\/strong><br \/>\nDilluns 20 de gener:<br \/>\n9:00 Visita al Priorat de La Bisbal<br \/>\nLloc: Priorat de La Bisbal<br \/>\nTema: Illes de contenidors<\/p>\n<p>Dimarts 21 de gener:<br \/>\n09:30 Reuni\u00f3 amb equip de govern<br \/>\nLloc: Despatx de l\u2019Ajuntament <\/p>\n<p>Dijous 23 de gener:<br \/>\n10:00 Reuni\u00f3 amb Ampa<br \/>\nLloc: Despatx de l\u2019Ajuntament<br \/>\nTema: Funcionament Ampa<br \/>\n11:00 Visita a la llar d\u2019infants<br \/>\nLloc: Llar d\u2019Infants l\u2019Oreneta<br \/>\nMotiu: Funcionament nova classe P0<br \/>\n12:00 Visita a la l\u2019escola<br \/>\nLloc: Escola Ull de Vent<br \/>\nMotiu: Parlar de possibles incid\u00e8ncies amb conserge<br \/>\n19:30 Reuni\u00f3 amb associacions de ve\u00efns<br \/>\nLloc: Despatx d\u2019Alcaldia<br \/>\nMotiu: proper inici de les obres de la rotonda a la C-51 i properes reunions als locals per explicar els pressupostos 2020<\/p>\n<p>Divendres 24 de gener:<br \/>\n10:30 Reuni\u00f3 amb Fundaci\u00f3 Santa Teresa<br \/>\nLloc: Despatx d\u2019Alcaldia<br \/>\nMotiu: Proper inici d\u2019estudi de la neteja vi\u00e0ria en el municipi<br \/>\n13:30 Reuni\u00f3 amb cap de brigada<br \/>\nLloc: Despatx de l\u2019Ajuntament<br \/>\nTema: organitzaci\u00f3 tasques brigada<br \/>\n16:00 Visita al torrent<br \/>\nLloc: Torrent de La Bisbal<br \/>\nMotiu: desperfectes per les plugues<br \/>\n20:30 Assamblea General Ordin\u00e0ria ADF Clot de Bou<br \/>\nLloc: Auditori del CMC<\/p>\n<p>Diumenge 26 de gener:<br \/>\n12:00 Assist\u00e8ncia a la Trobada Gegantera organitzada pel Grup de Gegants i Grallers de la Societat<br \/>\nLloc: carrers del poble<br \/>\nMotiu: Festa Major Petita <\/p>\n<p><strong>Setmana del 27 al 31 de gener:<\/strong><br \/>\nDilluns 27 de gener:<br \/>\n10:00 Visita a Salom\u00f3<br \/>\nLloc: Salom\u00f3<br \/>\nMotiu: Veure carros pels Tres Tombs<br \/>\n11:00 Visita a diferents llocs del municipi<br \/>\nLloc: Municipi<br \/>\nMotiu: Desperfectes als camins per les pluges<br \/>\n17:00 Assist\u00e8ncia al Rac\u00f3 de la Gent Gran i visita a les botigues del poble<br \/>\nMotiu: realitzaci\u00f3 del servei comunitari per part dels alumnes de 4rt de l\u2019ESO de l\u2019IES Coster de la Torre<br \/>\n19:00 Junta de Govern Local<br \/>\nLloc: Despatx d\u2019Alcaldia<br \/>\n19:00 Reuni\u00f3 de l\u2019equip de govern<br \/>\nLloc: Despatx d\u2019Alcaldia<\/p>\n<p>Dimarts 28 de gener:<br \/>\n10:00 Reuni\u00f3 amb t\u00e8cnics<br \/>\nLloc: Despatx d\u2019Alcaldia<br \/>\nTema: preparaci\u00f3 de la propera comissi\u00f3 de seguiment de l\u2019aigua i el clavegueram<br \/>\n11:00 Atenci\u00f3 ciutadana<br \/>\nLloc: Despatx de l\u2019Ajuntament<br \/>\nTema: neteja dels edificis municipals<\/p>\n<p>Dimecres 29 de gener:<br \/>\n17:15 Tarda d\u2019assist\u00e8ncia a audicions de l\u2019Escola de M\u00fasica Contrapunt<br \/>\nLloc: sala de dalt del CMC<\/p>\n<p>Dijous 30 de gener:<br \/>\n10:00 Entrevista amb Penya Ciclista Baix Pened\u00e8s<br \/>\nLloc: Despatx de l\u2019Ajuntament<br \/>\nMotiu: col\u2022laboraci\u00f3 log\u00edstica amb propera celebraci\u00f3 de cursa ciclista que passa pel nostre municipi<br \/>\n11:00 Reuni\u00f3 amb cap de brigada<br \/>\nLloc: Despatx de l\u2019Ajuntament<br \/>\nTema: neteja dels edificis municipals<br \/>\n12:00 Reuni\u00f3 amb cap d\u2019agents d\u2019inspecci\u00f3<br \/>\nLloc: Despatx de l\u2019Ajuntament<br \/>\nTema: propera cursa ciclista<br \/>\n17:30 Tarda d\u2019assist\u00e8ncia a audicions de l\u2019Escola de M\u00fasica Contrapunt<br \/>\nLloc: auditori del CMC<\/p>\n<p>Divendres 31 de gener:<br \/>\n10:00 Visita EDAR Santa Oliva<br \/>\nLloc: EDAR de Santa Oliva<br \/>\nMotiu: explicaci\u00f3 del funcionament de l\u2019EDAR<br \/>\n11:00 Reuni\u00f3 amb cap d\u2019agents d\u2019inspecci\u00f3<br \/>\nLloc: Despatx de l\u2019Ajuntament<br \/>\nMotiu: Queixa d\u2019una ve\u00efna<br \/>\n11:30 Reuni\u00f3 amb cap de brigada<br \/>\nLloc: Despatx de l\u2019Ajuntament<br \/>\nTema: neteja dels edificis municipals<br \/>\n12:35 Assist\u00e8ncia al Consell Escolar de l\u2019Escola Ull de Vent<br \/>\nLloc: Aula de l\u2019escola<\/p>\n<p><strong>Setmana de 3 al 9 de febrer:<\/strong><br \/>\nDilluns 3 de febrer:<br \/>\n10:00 Reuni\u00f3 amb equip de govern<br \/>\nLloc: Despatx de l\u2019Ajuntament<br \/>\n17:30 Explicaci\u00f3 dels pressupostos 2020<br \/>\nLloc: Local social del Priorat<br \/>\n20:00 Benvinguda als nous empadronats<br \/>\nLloc: Biblioteca municipal<\/p>\n<p>Dimarts 4 de febrer:<br \/>\n10:00: Reuni\u00f3 sobre Benestar Animal de Reis<br \/>\nLloc: Sala de plens del Consell Comarcal del Baix Pened\u00e8s<br \/>\nTema: accions a dur a terme a nivell comarcal<br \/>\n12:00: Reuni\u00f3 amb responsable dels treballs en benefici de la comunitat<br \/>\nLloc: Despatx de l\u2019Ajuntament<br \/>\nMotiu: Nova prestaci\u00f3 de servei<\/p>\n<p>Dimecres 5 de febrer:<br \/>\n10:00: Reuni\u00f3 amb cap de brigada<br \/>\nLloc: Despatx de l\u2019Ajuntament<br \/>\nTema: tasques concretes a realitzar<br \/>\n21:00: Assist\u00e8ncia a sopar de l\u2019Associaci\u00f3 de Dones la Roca Foradada<br \/>\nLloc: Sala Gran del CMC<br \/>\nMotiu: Sopar de Santa \u00c0gueda<\/p>\n<p>Divendres 7 de febrer:<br \/>\n10:00: Reuni\u00f3 amb els caps de brigada<br \/>\nLloc: Despatx de l\u2019Ajuntament<br \/>\nTema: organitzaci\u00f3 de les tasques a realitzar<\/p>\n<p><strong>Setmana del 10 al 16 de febrer:<\/strong><br \/>\nDilluns 10 de febrer:<br \/>\n19:00 Junta de Govern Local<br \/>\nLloc: Despatx d\u2019Alcaldia<br \/>\n10:00 Reuni\u00f3 amb equip de govern<br \/>\nLloc: Despatx d\u2019Alcaldia<\/p>\n<p>Dimarts 11 de febrer:<br \/>\n10:00 Reuni\u00f3 amb cap d\u2019informaci\u00f3 i inspecci\u00f3<br \/>\nLloc: Despatx de l\u2019Ajuntament<br \/>\nTema: organitzar prestaci\u00f3 de serveis<br \/>\n11:00 Reuni\u00f3 d\u2019atenci\u00f3 ciutadana<br \/>\nLloc: Despatx de l\u2019Ajuntament<br \/>\nMotiu: problema particular<br \/>\n19:00 Explicaci\u00f3 dels pressupostos 2020<br \/>\nLloc: Local social de La Miralba<\/p>\n<p>Dimecres 12 de febrer:<br \/>\n9:00 Visita a l\u2019Escola Ull de Vent i a l\u2019Institut Coster de la Torre<br \/>\nMotiu: Desperfectes provocats a l\u2019edifici la passada nit<br \/>\n17:30 Reuni\u00f3 d\u2019atenci\u00f3 ciutadana<br \/>\nLloc: Despatx de l\u2019Ajuntament<br \/>\nTema: problema particular<\/p>\n<p>Dijous 13 de febrer:<br \/>\n10:00 Reuni\u00f3 amb t\u00e8cnic de l\u2019Ajuntament<br \/>\nLloc: Despatx d\u2019Alcaldia<br \/>\nTema: expedients<br \/>\n10:00 Reuni\u00f3 amb t\u00e8cnic de l\u2019Ajuntament<br \/>\nLloc: Despatx d\u2019Alcaldia<br \/>\nTema: expedients<br \/>\n12:00 Reuni\u00f3 amb empresa i t\u00e8cnic de l\u2019Ajuntament<br \/>\nLloc: Despatx de l\u2019Ajuntament<br \/>\nTema: estudi de viabilitat de la recollida de la brossa<\/p>\n<p>Divendres 14 de febrer:<br \/>\n10:00 Visita pel poble<br \/>\nTema: Senyalitzaci\u00f3 places de parking<br \/>\n11:00 Reuni\u00f3 amb caps de brigada<br \/>\nLloc: Despatx de l\u2019Ajuntament<br \/>\nTema: Organitzaci\u00f3 brigada<br \/>\n16:00 Xocolatada a l\u2019escola<br \/>\nLloc: Escola Ull de Vent<br \/>\nTema: Xocolatada solid\u00e0ria organitzada per l\u2019Ampa<\/p>\n<p>Diumenge 16 de febrer:<br \/>\n10:00 Esdeveniment: X Cursa Social de la Penya Ciclista Baix Pened\u00e8s<br \/>\nLloc: Entrada del poble<\/p>\n<p><strong>Setmana del 17 al 23 de febrer:<\/strong><br \/>\nDilluns 17 de febrer:<br \/>\n10:00 Reuni\u00f3 amb equip de govern<br \/>\nLloc: Despatx d\u2019Alcaldia<br \/>\n17:00 Reuni\u00f3 amb regidor de Sant Jaume dels Domenys<br \/>\nLloc: Despatx de l\u2019Ajuntament<br \/>\nMotiu: temes de medi ambient<br \/>\n18:00 Xerrada \u201cI despr\u00e9s de l\u2019ESO, qu\u00e8?<br \/>\nLloc: Institut Coster de la Torre<br \/>\n19:00 Explicaci\u00f3 dels pressupostos 2020<br \/>\nLloc: Local social de L\u2019Esplai<\/p>\n<p>Dimarts 18 de febrer:<br \/>\n11:00 Visita als carrers del poble<br \/>\nLloc: Nucli de la Bisbal<br \/>\nMotiu: Temes de mobilitat<br \/>\n19:00 Explicaci\u00f3 dels pressupostos 2020<br \/>\nLloc: Centre Municipal de Cultura<\/p>\n<p>Dimecres 19 de febrer:<br \/>\n12:00 Visita als carrers del poble<br \/>\nLloc: Nucli de la Bisbal<br \/>\nMotiu: Temes de mobilitat<\/p>\n<p>Dijous 20 de febrer:<br \/>\n12:00 Visita als carrers del poble<br \/>\nLloc: Nucli de la Bisbal<br \/>\nMotiu: Temes de mobilitat<\/p>\n<p>Divendres 21 de febrer:<br \/>\n11:30 Reuni\u00f3 amb caps de brigada<br \/>\nLloc: Despatx de l\u2019Ajuntament<br \/>\nTema: Organitzaci\u00f3 brigada<\/p>\n<p><strong>Setmana del 24 al 29 de febrer:<\/strong><br \/>\nDilluns 24 de febrer:<br \/>\n10:00 Junta de Govern Local<br \/>\nLloc: Despatx d\u2019Alcaldia <\/p>\n<p>Dimarts 25 de febrer:<br \/>\n10:00 Reuni\u00f3 d\u2019atenci\u00f3 ciutadana<br \/>\nLloc: Despatx de l\u2019Ajuntament<br \/>\nTema: problema particular<br \/>\n11:00 Reuni\u00f3 d\u2019atenci\u00f3 ciutadana<br \/>\nLloc: Despatx de l\u2019Ajuntament<br \/>\nTema: problema particular<br \/>\n12:00 Reuni\u00f3 amb responsable de treballs en benefici de la comunitat<br \/>\nLloc: Despatx de l\u2019Ajuntament<br \/>\nTema: nous compromisos de realitzacions de treballs<br \/>\n19:00 Ple extraordinari<br \/>\nLloc: Sala de plens<br \/>\n20:00 Reuni\u00f3 equip de Govern<br \/>\nLloc: Despatx d\u2019Alcaldia<\/p>\n<p>Dijous 27 de febrer:<br \/>\n11:00 Reuni\u00f3 amb empresa<br \/>\nLloc: Despatx de l\u2019Ajuntament<br \/>\nTema: Ofereix serveis<br \/>\n16:00 Formaci\u00f3 \u201cJornada d\u2019emerg\u00e8ncies per a corporacions locals\u201d<br \/>\nLloc: Reus<br \/>\n12:00 Visita a la l\u2019escola<br \/>\nLloc: Escola Ull de Vent<br \/>\nMotiu: Parlar de possibles incid\u00e8ncies amb conserge<br \/>\n19:30 Reuni\u00f3 amb associacions de ve\u00efns<br \/>\nLloc: Despatx d\u2019Alcaldia<br \/>\nMotiu: proper inici de les obres de la rotonda a la C-51 i properes reunions als locals per explicar els pressupostos 2020<\/p>\n<p>Divendres 28 de gener:<br \/>\n10:00 Comissi\u00f3 de seguiment d\u2019Aqualia<br \/>\nLloc: Despatx d\u2019Alcaldia<br \/>\nMotiu: Reunions peri\u00f2diques<br \/>\n12:00 Reuni\u00f3 amb caps de brigada<br \/>\nLloc: Despatx de l\u2019Ajuntament<br \/>\nTema: organitzaci\u00f3 tasques brigada<br \/>\n17:30 Esdeveniment: visita del M.H. President Quim Torra<br \/>\nLloc: Empresa Idiada<\/p>\n<p><strong>Setmana de 2 al 8 de mar\u00e7:<\/strong><br \/>\nDilluns 2 de mar\u00e7:<br \/>\n17:00 Reuni\u00f3 d\u2019atenci\u00f3 ciutadana<br \/>\nLloc: Despatx de l\u2019Ajuntament<br \/>\nMotiu: Problema particular<br \/>\n18:00 Reuni\u00f3 amb t\u00e8cnics de l\u2019Ajuntament<br \/>\nLloc: Despatx d\u2019Alcaldia<br \/>\nMotiu: diferents expedients iniciats<\/p>\n<p>Dimarts 3 de mar\u00e7:<br \/>\n12:00: Reuni\u00f3 amb cap de servei d\u2019informaci\u00f3 i inspecci\u00f3<br \/>\nLloc: Despatx de l\u2019Ajuntament<br \/>\nTema: problemes a resoldre<br \/>\n19:00: Formaci\u00f3 \u201cRelacionar-se amb adolescents<br \/>\nLloc: Biblioteca municipal<\/p>\n<p>Dimecres 4 de mar\u00e7:<br \/>\n10:00: Visita poble amb cap de brigada<br \/>\nLloc: Carrers del municipi<br \/>\nMotiu: tasques concretes a realitzar<\/p>\n<p>Dijous 5 de mar\u00e7:<br \/>\n9:00: Assemblea Ordin\u00e0ria Mancomunitat de l\u2019Albornar<br \/>\nLloc: Idiada<br \/>\n13:00: Esdeveniment: llegir manifest del dia de la dona<br \/>\nLloc: Davant l\u2019Ajuntament<br \/>\nMotiu: Alumnes de 4rt de l\u2019institut porten cartells de dones i manifest<br \/>\n19:00 Explicaci\u00f3 dels pressupostos 2020<br \/>\nLloc: Local social de Can Gordei<\/p>\n<p>Divendres 6 de mar\u00e7:<br \/>\n11:00 Reuni\u00f3 amb caps de brigada<br \/>\nLloc: Despatx de l\u2019Ajuntament<br \/>\nTema: Organitzaci\u00f3 brigada<\/p>\n<p>Dissabte 7 de mar\u00e7:<br \/>\n21:00 Sopar de dones<br \/>\nLloc: Local social del Priorat<br \/>\nMotiu: Dia de la dona<\/p>\n<p><strong>Setmana del 9 al 15 de mar\u00e7:<\/strong><br \/>\nDilluns 9 de mar\u00e7:<br \/>\n18:00 Reuni\u00f3 d\u2019atenci\u00f3 ciutadana<br \/>\nLloc: Despatx d\u2019Alcaldia<br \/>\nMotiu: nova junta d\u2019una entitat<br \/>\n19:00 Junta de Govern Local<br \/>\nLloc: Despatx d\u2019Alcaldia<\/p>\n<p>Dimarts 10 de mar\u00e7:<br \/>\n11:00 Reuni\u00f3 d\u2019atenci\u00f3 ciutadana<br \/>\nLloc: Despatx de l\u2019Ajuntament<br \/>\nTema: problemes particular<\/p>\n<p>Dimecres 11 de mar\u00e7:<br \/>\n10:30 Visita a la llar d\u2019infants<br \/>\nLloc: Llar d\u2019infants l\u2019Oreneta<br \/>\nMotiu: organitzaci\u00f3 tasques manteniment<br \/>\n11:30 Reuni\u00f3 d\u2019atenci\u00f3 ciutadana<br \/>\nLloc: Despatx de l\u2019Ajuntament<br \/>\nTema: problema particular<\/p>\n<p>Dijous 12 de mar\u00e7:<br \/>\n10:00 2a. Taula de senderisme i cicloturisme del Pened\u00e8s<br \/>\nLloc: Sala de Plens Consell Comarcal Baix Pened\u00e8s<br \/>\n19:00 Reuni\u00f3 del Consell Esportiu Baix Pened\u00e8s<br \/>\nLloc: Seu Consell Esportiu Baix Pened\u00e8s<\/p>\n<p>Divendres 13 de mar\u00e7:<br \/>\n11:00 Reuni\u00f3 amb caps de brigada<br \/>\nLloc: Despatx de l\u2019Ajuntament<br \/>\nTema: Organitzaci\u00f3 brigada<\/p>\n<p><strong>Setmana del 16 al 22 de mar\u00e7:<\/strong><br \/>\nDilluns 16 de mar\u00e7:<br \/>\n19:00 Ple ordinari<br \/>\nLloc: Sala de plens<\/p>\n<p><strong>Setmana del 23 al 29 de mar\u00e7:<\/strong><br \/>\nDilluns 23 de mar\u00e7:<br \/>\n19:30 Videotrucada amb equip de govern<br \/>\nMotiu: Situaci\u00f3 actual<\/p>\n<p>Dimarts 24 de mar\u00e7:<br \/>\n10:00 Videotrucada amb equip de govern<br \/>\nMotiu: Organitzaci\u00f3 de les feines<\/p>\n<p>Dimecres 25 de mar\u00e7:<br \/>\n12:00 Videotrucada amb empresa<br \/>\nMotiu: Realitzaci\u00f3 estudi de residus<br \/>\n19:30 Videotrucada amb equip de govern<br \/>\nMotiu: Realitzaci\u00f3 de tasques<\/p>\n<p><strong>Dies 30 al 31 de mar\u00e7:<\/strong><br \/>\nDilluns 30 de mar\u00e7:<br \/>\n19:30 Videotrucada amb equip de govern<br \/>\nMotiu: Organitzaci\u00f3 de les feines<\/p>\n<p>Dimarts 31 de mar\u00e7:<br \/>\n10:30 Videotrucada amb equip de govern<br \/>\nMotiu: Organitzaci\u00f3 de les feines<\/p>\n<p><strong>Dies del 1 al 5 d\u2019abril:<\/strong><br \/>\nDijous 2 d\u2019abril:<br \/>\n19:00: Videotrucada del Departament d\u2019Educaci\u00f3<br \/>\nMotiu: Situaci\u00f3 actual<\/p>\n<p><strong>Setmana del 6 al 12 d\u2019abril:<\/strong><br \/>\nDilluns 6 de d\u2019abril:<br \/>\n17:00 Videotrucada equip de govern<br \/>\nMotiu: organitzaci\u00f3 de les feines<\/p>\n<p>Dijous 9 d\u2019abril:<br \/>\n19:00 Videotrucada equip de govern<br \/>\nMotiu: situaci\u00f3 actual<\/p>\n<p><strong>Setmana del 13 al 19 d\u2019abril:<\/strong><br \/>\nDimarts 14 d\u2019abril:<br \/>\n19:30 Videotrucada equip de govern<br \/>\nMotiu: organitzaci\u00f3 de les feines<\/p>\n<p>Dimecres 15 d\u2019abril:<br \/>\n19:30 Videotrucada equip de govern<br \/>\nMotiu: organitzaci\u00f3 de les feines<\/p>\n<p>Dijous 16 d\u2019abril:<br \/>\n19:30 Videotrucada equip de govern<br \/>\nMotiu: organitzaci\u00f3 de les feines<\/p>\n<p><strong>Setmana del 20 al 26 d\u2019abril:<\/strong><br \/>\nDilluns 20 d\u2019abril:<br \/>\n19:30 Videotrucada amb equip de govern<br \/>\nMotiu: Situaci\u00f3 actual<\/p>\n<p>Dijous 23 d\u2019abril:<br \/>\n10:00 Videotrucada amb equip de govern<br \/>\nMotiu: Organitzaci\u00f3 de les feines<\/p>\n<p><strong>Dies 27 al 30 d\u2019abril:<\/strong><br \/>\nDilluns 27 d\u2019abril:<br \/>\nTot el mat\u00ed Preparaci\u00f3 lots nens<br \/>\nMotiu: Entrega de material escolar<br \/>\n18:00 Videotrucada equip de govern<br \/>\nMotiu: Organitzaci\u00f3 de les feines<\/p>\n<p>Dimarts 28 d\u2019abril:<br \/>\n19:00 Videotrucada amb equip de govern<br \/>\nMotiu: Organitzaci\u00f3 de les feines<\/p>\n<p>Dijous 30 d\u2019abril:<br \/>\n12:00 Videotrucada amb t\u00e8cnic<br \/>\nMotiu: Transport urb\u00e0<br \/>\n19:00 Videotrucada amb equip de govern<br \/>\nMotiu: Organitzaci\u00f3 de les feines<\/p>\n<p><strong>Setmana del 4 al 10 de maig:<\/strong><br \/>\nDilluns 4 de maig:<br \/>\nTot el mat\u00ed Preparaci\u00f3 lots nens<br \/>\nMotiu: Entrega de material escolar<br \/>\n19:00 Videotrucada equip de govern<br \/>\nMotiu: organitzaci\u00f3 de les feines<\/p>\n<p>Dimarts 5 de maig:<br \/>\nTot el mat\u00ed Preparaci\u00f3 lots nens<br \/>\nMotiu: Entrega de material escolar<br \/>\nTota la tarda Repartiment lots nens<br \/>\nMotiu: entrega del material escolar<\/p>\n<p>Dimecres 6 de maig:<br \/>\nTot el mat\u00ed Preparaci\u00f3 lots nens<br \/>\nMotiu: Entrega de material escolar<br \/>\nTota la tarda Repartiment lots nens<br \/>\nMotiu: entrega del material escolar<\/p>\n<p>Divendres 8 de maig:<br \/>\n16:30 Reuni\u00f3 amb escola de m\u00fasica<br \/>\nLloc: Despatx de l\u2019Ajuntament<br \/>\nTema: funcionament aquest curs <\/p>\n<p><strong>Setmana del 11 al 17 de maig:<\/strong><br \/>\nDilluns 11 de maig:<br \/>\n9:00 Ple telem\u00e0tic<br \/>\nMotiu: convocat\u00f2ria ple extraordinari<\/p>\n<p>Dimarts 12 de maig:<br \/>\n11:00 Reuni\u00f3 amb empresa<br \/>\nLloc: despatx de l\u2019Ajuntament<br \/>\nMotiu: realitzaci\u00f3 estudi del servei de les brosses<\/p>\n<p>Dijous 14 de maig:<br \/>\n19:00 Videotrucada equip de govern<br \/>\nMotiu: organitzaci\u00f3 de les feines<\/p>\n<p><strong>Setmana del 18 al 24 de maig:<\/strong><br \/>\nDilluns 18 de maig:<br \/>\n12:00 Videotrucada del Consell Escolar de l\u2019Escola Ull de Vent<br \/>\nMotiu: Situaci\u00f3 actual<\/p>\n<p>Dimecres 20 de maig:<br \/>\n9:00 Reuni\u00f3 amb cap de brigada<br \/>\nLloc: Despatx de l\u2019Ajuntament<br \/>\nMotiu: Organitzaci\u00f3 de les feines<br \/>\n10:00 Videotrucada amb empresa<br \/>\nMotiu: Organitzaci\u00f3 de servei municipal<br \/>\n9:00 Reuni\u00f3 equip de govern<br \/>\nLloc: Despatx de l\u2019Ajuntament<br \/>\nMotiu: Organitzaci\u00f3 de les feines<\/p>\n<p>Dijous 21 de maig:<br \/>\n10:15 Videotrucada amb empresa<br \/>\nMotiu: Tasques i estudi de desbro\u00e7ament que realitzen<\/p>\n<p>Divendres 22 de maig:<br \/>\n10:00 Videotrucada amb Ampa de l\u2019escola<br \/>\nMotiu: temes diversos<br \/>\n18:00 Reuni\u00f3 Junta Consell Esportiu Baix Pened\u00e8s<br \/>\nLloc: Seu CEBP<\/p>\n<p><strong>Setmana del 25 al 31 de maig:<\/strong><br \/>\nDilluns 25 de maig:<br \/>\n19:00 Junta de Govern Local telem\u00e0tica<br \/>\nMotiu: Junta de Govern Local ordin\u00e0ria<br \/>\n20:00 Reuni\u00f3 de l\u2019equip de govern<br \/>\nMotiu: Funcionament de l\u2019ajuntament<\/p>\n<p>Dimarts 26 de maig:<br \/>\n16:00 Videotrucada amb Consell Esportiu del Baix Pened\u00e8s<br \/>\nMotiu: Situaci\u00f3 actual<\/p>\n<p>Dimecres 27 de maig:<br \/>\n10:00 Reuni\u00f3 amb cap de brigada<br \/>\nLloc: Despatx de l\u2019ajuntament<br \/>\nMotiu: organitzaci\u00f3 de les tasques<br \/>\n18:30 Videotrucada del Departament d\u2019Educaci\u00f3<br \/>\nMotiu: Pla obertura dels centres<\/p>\n<p>Dijous 28 de maig:<br \/>\n16:00 Videotrucada amb equip de govern<br \/>\nMotiu: Situaci\u00f3 actual<\/p>\n<p>Divendres 29 de maig:<br \/>\n10:15 Visita al camp de futbol<br \/>\nMotiu: Control instal\u2022lacions esportives<br \/>\n11:00 Reuni\u00f3 amb cap de brigada<br \/>\nMotiu: organitzaci\u00f3 de les tasques<\/p>\n<p><strong>Setmana de 1 al 7 de juny:<\/strong><br \/>\nDimarts 2 de juny:<br \/>\n18:00: Videotrucada amb empresa<br \/>\nTema: estudi de la recollida de brosses al municipi<\/p>\n<p>Dimecres 3 de juny:<br \/>\n11:00: Videotrucada amb Manubens associats<br \/>\nMotiu: revisi\u00f3 d\u2019ofici<br \/>\n19:00: Videotrucada equip de govern<br \/>\nMotiu: organitzaci\u00f3 de les tasques<\/p>\n<p>Dijous 4 de juny:<br \/>\n12:00: Reuni\u00f3 amb t\u00e8cnics de l\u2019Ajuntament<br \/>\nLloc: Despatx de l\u2019Ajuntament<br \/>\nMotiu: temes d\u2019Aqualia<\/p>\n<p>Divendres 5 de juny:<br \/>\n10:00: Reuni\u00f3 amb el cap de brigada<br \/>\nLloc: Despatx de l\u2019Ajuntament<br \/>\nTema: organitzaci\u00f3 de les tasques a realitzar<\/p>\n<p><strong>Setmana del 8 al 14 de juny:<\/strong><br \/>\nDilluns 8 de juny:<br \/>\n19:00 Junta de Govern Local<br \/>\nLloc: Despatx d\u2019Alcaldia<\/p>\n<p>Dimecres 10 de juny:<br \/>\n11:30 Volta pel municipi<br \/>\nMotiu: Desperfectes provocats a l\u2019edifici la passada nit <\/p>\n<p>Dijous 11 de juny:<br \/>\n10:00 Videotrucada amb Manubens associats<br \/>\nTema: revisi\u00f3 d\u2019ofici<\/p>\n<p><strong>Setmana del 15 al 21 de juny:<\/strong><br \/>\nDilluns 15 de juny:<br \/>\n19:00 Ple ordinari<br \/>\nLloc: Sala de plens <\/p>\n<p>Dimarts 16 de juny:<br \/>\n17:00 Videotrucada amb Cespa<br \/>\nMotiu: servei de recollida de brossa<\/p>\n<p>Dimecres 17 de juny:<br \/>\n13:00 Reuni\u00f3 amb cap de brigada<br \/>\nLloc: Despatx de l\u2019Ajuntament<br \/>\nMotiu: organitzaci\u00f3 de les tasques<br \/>\n17:30 Videotrucada amb Serveis Territorials d\u2019Educaci\u00f3<br \/>\nMotiu: Curs 2020\/2021<\/p>\n<p>Dijous 18 de juny:<br \/>\n12:00 Reuni\u00f3 amb carreteres i empresa<br \/>\nLloc: Despatx de l\u2019Ajuntament<br \/>\nMotiu: explicaci\u00f3 obres de la carretera<\/p>\n<p><strong>Setmana del 22 al 28 de juny:<\/strong><br \/>\nDilluns 22 de juny:<br \/>\n17:00 Videotrucada amb Consell Comarcal del Baix Pened\u00e8s<br \/>\nMotiu: gesti\u00f3 de residus comarcal<br \/>\n19:00 Junta de Govern Local telem\u00e0tica<\/p>\n<p>Divendres 26 de juny:<br \/>\n11:00 Reuni\u00f3 festes majors<br \/>\nLloc: Despatx d\u2019Alcaldia<br \/>\nMotiu: organitzaci\u00f3<\/p>\n","protected":false},"excerpt":{"rendered":"<p>&nbsp; Agenda de gener a juny de 2020 Setmana de 1 al 5 de gener: Dijous 2 de gener: 18:00 Lliurament dels Xecs Nad\u00f3 Lloc: Auditori del CMC Diumenge 5 &hellip; <a href=\"https:\/\/bisbalpenedes.com\/web\/leo-uceda-martin\/\" class=\"more-link\">Read More<\/a><\/p>\n","protected":false},"author":5,"featured_media":0,"parent":0,"menu_order":0,"comment_status":"closed","ping_status":"closed","template":"","meta":[],"_links":{"self":[{"href":"https:\/\/bisbalpenedes.com\/web\/wp-json\/wp\/v2\/pages\/11881"}],"collection":[{"href":"https:\/\/bisbalpenedes.com\/web\/wp-json\/wp\/v2\/pages"}],"about":[{"href":"https:\/\/bisbalpenedes.com\/web\/wp-json\/wp\/v2\/types\/page"}],"author":[{"embeddable":true,"href":"https:\/\/bisbalpenedes.com\/web\/wp-json\/wp\/v2\/users\/5"}],"replies":[{"embeddable":true,"href":"https:\/\/bisbalpenedes.com\/web\/wp-json\/wp\/v2\/comments?post=11881"}],"version-history":[{"count":7,"href":"https:\/\/bisbalpenedes.com\/web\/wp-json\/wp\/v2\/pages\/11881\/revisions"}],"predecessor-version":[{"id":14956,"href":"https:\/\/bisbalpenedes.com\/web\/wp-json\/wp\/v2\/pages\/11881\/revisions\/14956"}],"wp:attachment":[{"href":"https:\/\/bisbalpenedes.com\/web\/wp-json\/wp\/v2\/media?parent=11881"}],"curies":[{"name":"wp","href":"https:\/\/api.w.org\/{rel}","templated":true}]}}