{"id":11655,"date":"2020-01-16T09:38:24","date_gmt":"2020-01-16T08:38:24","guid":{"rendered":"http:\/\/bisbalpenedes.com\/web\/?page_id=11655"},"modified":"2020-02-20T09:24:24","modified_gmt":"2020-02-20T08:24:24","slug":"feliu-gil-esteve-2020-1r-semestre","status":"publish","type":"page","link":"https:\/\/bisbalpenedes.com\/web\/feliu-gil-esteve-2020-1r-semestre\/","title":{"rendered":"Feliu Gil Esteve 2020 &#8211; 1r Semestre"},"content":{"rendered":"<div data-post-id='3409' class='insert-page insert-page-3409 '><\/div>\n<p>&nbsp;<\/p>\n<p><strong><\/p>\n<p style=\"text-align: left;\">Agenda de gener a juny de 2020<\/p>\n<p><\/strong><\/p>\n<p><strong>Setmana del 6 al 12 de gener<\/strong><br \/>\nDimarts 7<br \/>\n  10.00H entrevista amb responsable brigada<br \/>\n  lloc:ajuntament<br \/>\n  tema:vespa asiatica<br \/>\n  11.00 entrvista amb el responsables de la informatica<br \/>\n  lloc:ajuntament<br \/>\n  tema:caducitat tarjeta gestiona<\/p>\n<p>Dimecres 8<br \/>\n  10.00H entrevista amb la secretaria ajuntament<br \/>\n  lloc: ajuntament<br \/>\n  Tema:convenis<\/p>\n<p>Dijous 9<br \/>\n  9.30H visita president de la associaci\u00f3 del priorat<br \/>\n  lloc.ajuntament<br \/>\n  tema:varis<br \/>\n  13.30H visita amb vei<br \/>\n  lloc: ajuntament<br \/>\n  Tema: barris<\/p>\n<p><strong>Setmana del 13 al 19 de gener<\/strong><br \/>\nDilluns 13<br \/>\n  10.00H reuni\u00f3 amb arquitecta municipal<br \/>\n  lloc:ajuntament<br \/>\n  tema:colocaci\u00f3 de elements no propis en una finca<br \/>\n  11.00H reuni\u00f3 amb l&#8217;iongenier municipal<br \/>\n  lloc:ajuntament<br \/>\n  tema:projecte control coloi de coloms<br \/>\n  12.00H reuni\u00f3 amb secretaria municipal<br \/>\n  lloc:ajuntament<br \/>\n  tema:licitacions<\/p>\n<p>Dimarts 14<br \/>\n  11.30H reuni\u00f3 amb la secretraria municipal<br \/>\n  lloc:ajuntament<br \/>\n  tema:sanitat<br \/>\n  13.00H entrevista amb representant musical<br \/>\n  lloc:ajuntament<br \/>\n  tema:festes<br \/>\n  13.30Hvisita amb vei<br \/>\n  lloc:ajuntament<br \/>\n  tema:sanitat<\/p>\n<p>Dimecres 15<br \/>\n  12.30Hreuni\u00f3 amb servei de informaci\u00f3 i inspecci\u00f3<br \/>\n  lloc:ajuntament<br \/>\n  tema:barris<\/p>\n<p>Dijous 16<br \/>\n  12.30Hentrevista amb representant musical<br \/>\n  lloc:ajuntament<br \/>\n  tema:festes<\/p>\n<p>Divendres 17<br \/>\n  10.00Hreuni\u00f3 amb tecnic i empressa carreteres<br \/>\n  lloc:ajuntament<br \/>\n  tema:rotondo<br \/>\n  11.00H assist\u00eancia servei funerari<br \/>\n  lloc: la bisbal<br \/>\n  12.00Hreuni\u00f3 amb l&#8217;ingenier<br \/>\n  lloc:ajuntament<br \/>\n  tema:enllumenat autonom<br \/>\n  12.30Hreuni\u00f3 amb tresorer de l&#8217;esplai<br \/>\n  lloc:ajuntament<br \/>\n  Tema:barris<\/p>\n<p><strong>Setmana del 20 al 26 de gener<\/strong><br \/>\nDilluns 20<br \/>\n  10.00H atenci\u00f3 ciutadania<br \/>\n  lloc: ajuntament<br \/>\n  tema: barris<br \/>\n  11.00H atenci\u00f3 ciutadania<br \/>\n  lloc: ajuntament<br \/>\n  tema: sanitat<br \/>\n  12.00H entrevista amb nou president de l&#8217;associaci\u00f3 de ve\u00efns de l&#8217;esplai<br \/>\n  lloc: ajuntament<br \/>\n  tema: presentaci\u00f3 nova junta.<\/p>\n<p>Dimarts 21<br \/>\n  13.00H reuni\u00f3 amb la secretaria de l&#8217;ajuntament<br \/>\n  lloc: ajuntament.<br \/>\n  tema: contractacions<\/p>\n<p>Dimecres 22<br \/>\n  11.00h atenci\u00f3 ciutadania<br \/>\n  lloc: ajuntament<br \/>\n  Tema: sanitat<br \/>\n  12.00H atenci\u00f3 ciutadania<br \/>\n  lloc: ajuntament<br \/>\n  tema: barris<\/p>\n<p>Dijous 23<br \/>\n  12.00H atenci\u00f3 ciutadania<br \/>\n  lloc: ajuntament<br \/>\n  tema: barris<br \/>\n  19.30H reuni\u00f3 amb associacions de ve\u00efns<br \/>\n  lloc: ajuntament<br \/>\n  tema: rotonda C-51..<\/p>\n<p>Divendres 24<br \/>\n  12.30h reuni\u00f3 amb interventora oficina bancaria<br \/>\n  lloc: oficina bancaria<br \/>\n  tema: informaci\u00f3 entitats<br \/>\n  13.00H atenci\u00f3 ciutadania<br \/>\n  lloc: ajuntament<br \/>\n  tema: barris<\/p>\n<p>Diumenge 26<br \/>\n  11.00H a 14.00H XX trobada gegantera al nucli.<\/p>\n<p><strong>Setmana del 27 de gener al 2 de febrer<\/strong><br \/>\nDilluns 27<br \/>\n  10.00H visita a Salomo<br \/>\n  lloc. salomo<br \/>\n  tema. carros tres tombs<br \/>\n  14.00H reuni\u00f3 de feina<br \/>\n  lloc: ajuntament<br \/>\n  Tema: varis<br \/>\n  19.00H Junta de Govern local<br \/>\n  lloc: ajuntament<br \/>\n  temas: varis<br \/>\n  20.00H reuni\u00f3 amb equip de govern<br \/>\n  lloc: ajuntament<br \/>\n  Tema: varis.<\/p>\n<p>Dimarts 28<br \/>\n  12.00H entrevista amb la doctora de cap\u00e7alera<br \/>\n  lloc. ambulatori<br \/>\n  Tema: discrep\u00e0ncies dels usuaris.<br \/>\n  13.00H entrevista amb la administrativa del&#8217;ambulatori.<br \/>\n  lloc: ambulatori<br \/>\n  tema: discrep\u00e0ncies dels usuaris<\/p>\n<p>Dimecres 29<br \/>\n  10.30H atenci\u00f3 ciutadania<br \/>\n  lloc: ajuntament<br \/>\n  tema: sanitat<br \/>\n  13.00H atenci\u00f3 ciutadania<br \/>\n  lloc: ajuntament<br \/>\n  tema: barris<\/p>\n<p>Dijous 30<br \/>\n  09.00H atenci\u00f3 ciutadania<br \/>\n  lloc: barri la Masieta<br \/>\n  tema: barris.<br \/>\n  10.00H reuni\u00f3 amb la secretaria ajuntament.<br \/>\n  lloc: ajuntament<br \/>\n  tema: informaci\u00f3 contractacions.<br \/>\n  12.30H atenci\u00f3 ciutadania<br \/>\n  lloc: ajuntament<br \/>\n  Tema: barris<\/p>\n<p>Divendres 31<br \/>\n  11.00H atenci\u00f3 ciutadania<br \/>\n  lloc: ajuntament.<br \/>\n  tema: sanitat.<br \/>\n  12.00H atenci\u00f3 ciutadania<br \/>\n  lloc: ajuntament<br \/>\n  tema: barris<br \/>\n  13.00H atenci\u00f3 ciutadania<br \/>\n  lloc: ajuntament.<br \/>\n  tema: barris<\/p>\n<p><strong>Setmana del 3 al 9 de febrer<\/strong><br \/>\nDilluns 3<br \/>\n  11.00H atenci\u00f3 ciutadania<br \/>\n  lloc: ajuntament<br \/>\n  tema: barris<br \/>\n  13.30H reuni\u00f3 amb equip de informaci\u00f3 i inspecci\u00f3<br \/>\n  lloc. ajuntament<br \/>\n  Tema: varis<br \/>\n  17.30H reuni\u00f3 al priorat<br \/>\n  lloc: local social  del priorat<br \/>\n  tema: explicaci\u00f3 del pressupostos municipal del 2020<br \/>\n  20.00H acte de benvinguda els nous bisbalencs<br \/>\n  lloc. el C.M.C<\/p>\n<p>Dimarts 4<br \/>\n  12.30H reuni\u00f3 amb promotor d&#8217;espectacles.<br \/>\n  lloc: ajuntament<br \/>\n  tema: festes<br \/>\n  13.30H atenci\u00f3 ciutadania<br \/>\n  lloc: ajuntament<br \/>\n  tema: festes<\/p>\n<p>Dimecres 5<br \/>\n  10.00H reuni\u00f3 amb el president de l&#8217;esplai.<br \/>\n  lloc: ajuntament<br \/>\n  tema:varis.<br \/>\n  12.30H atenci\u00f3 ciutadania<br \/>\n  lloc: ajuntament<br \/>\n  tema: sanitat.<\/p>\n<p>Dijous 6<br \/>\n  10.30H gesti\u00f3 oficina de la caixa<br \/>\n  lloc: la bisbal.<br \/>\n  tema: festes<br \/>\n  12.30H atenci\u00f3 ciutadania<br \/>\n  lloc: ajuntament<br \/>\n  tema: barris<\/p>\n<p>Divendres 7<br \/>\n  14.00H reuni\u00f3 amb administraci\u00f3<br \/>\n  lloc: ajuntament<br \/>\n  Tema: necessitat de notificaci\u00f3 actes multitudinaris especials.<\/p>\n<p>Dissabte 8<br \/>\n  18:00h asistencia acte cultural al centre cultural de Sta. Oliva.<\/p>\n<p><strong>Setmana del 10 al 16 de febrer<\/strong><br \/>\nDilluns 10<br \/>\n  11.30H atenci\u00f3 ciutadania<br \/>\n  lloc: ajuntament<br \/>\n  tema: sanitat<br \/>\n  12.00H atenci\u00f3 ciutadania<br \/>\n  lloc: ajuntament<br \/>\n  tema: festes<br \/>\n  19.00h junta de govern local<br \/>\n  20.00H reuni\u00f3 equip de govern.<\/p>\n<p>Dimarts 11<br \/>\n  09.30H atenci\u00f3 ciutadania<br \/>\n  lloc: urbanitzaci\u00f3 La Masieta.<br \/>\n  tema: sanitat<br \/>\n  10.30.00H atenci\u00f3 ciutadania<br \/>\n  lloc: ajuntament<br \/>\n  tema. barris.<br \/>\n  13.00H atenci\u00f3 ciutadania<br \/>\n  lloc. ajuntament<br \/>\n  tema: sanitat<br \/>\n  16.00h a 18.00h curset el Vendrell.<\/p>\n<p>Dijous 13<br \/>\n  10.00H reuni\u00f3 amb ve\u00ed del municipi<br \/>\n  lloc: ajuntament<br \/>\n  tema: informaci\u00f3 sobre benestar social<br \/>\n  11.00H reuni\u00f3 amb sandra registre d&#8217;expedients<br \/>\n  lloc: ajuntament<br \/>\n  tema. varis.<br \/>\n  12.00H reuni\u00f3 amb cristina registre d&#8217;expedients<br \/>\n  lloc: ajuntament<br \/>\n  tema: varis<br \/>\n  13.00H reuni\u00f3 amb Isabel registre d&#8217;expedients<br \/>\n  lloc: ajuntament<br \/>\n  Tema: varis<br \/>\n  16.00h a 18.00h curset a El Vendrell<\/p>\n<p>Divendres 14<br \/>\n  10.00h reuni\u00f3 amb el moss\u00e8n<br \/>\n  lloc: despatx de missa<br \/>\n  tema: varis<br \/>\n  11.00H atenci\u00f3 ciutadania<br \/>\n  lloc: urbanitzaci\u00f3 la Masieta<br \/>\n  tema: sanitat<br \/>\n  12.00H atenci\u00f3 ciutadania<br \/>\n  lloc: ajuntament<br \/>\n  tema: barris<br \/>\n  13.00H visita amb la regidora de mobilitat i el cap de brigada<br \/>\n  lloc: pla\u00e7a de misa<br \/>\n  tema: ordenaci\u00f3 transin<br \/>\n  16.00: assist\u00e8ncia xocolata el col\u00b7legi ull de vent<\/p>\n<p>Dissabte 15<br \/>\n  11.00H asistencia a la residencia el colomer aniversari avi centenari.<\/p>\n","protected":false},"excerpt":{"rendered":"<p>&nbsp; Agenda de gener a juny de 2020 Setmana del 6 al 12 de gener Dimarts 7 10.00H entrevista amb responsable brigada lloc:ajuntament tema:vespa asiatica 11.00 entrvista amb el responsables &hellip; <a href=\"https:\/\/bisbalpenedes.com\/web\/feliu-gil-esteve\/\" class=\"more-link\">Read More<\/a><\/p>\n","protected":false},"author":5,"featured_media":0,"parent":0,"menu_order":0,"comment_status":"closed","ping_status":"closed","template":"","meta":[],"_links":{"self":[{"href":"https:\/\/bisbalpenedes.com\/web\/wp-json\/wp\/v2\/pages\/11655"}],"collection":[{"href":"https:\/\/bisbalpenedes.com\/web\/wp-json\/wp\/v2\/pages"}],"about":[{"href":"https:\/\/bisbalpenedes.com\/web\/wp-json\/wp\/v2\/types\/page"}],"author":[{"embeddable":true,"href":"https:\/\/bisbalpenedes.com\/web\/wp-json\/wp\/v2\/users\/5"}],"replies":[{"embeddable":true,"href":"https:\/\/bisbalpenedes.com\/web\/wp-json\/wp\/v2\/comments?post=11655"}],"version-history":[{"count":9,"href":"https:\/\/bisbalpenedes.com\/web\/wp-json\/wp\/v2\/pages\/11655\/revisions"}],"predecessor-version":[{"id":12003,"href":"https:\/\/bisbalpenedes.com\/web\/wp-json\/wp\/v2\/pages\/11655\/revisions\/12003"}],"wp:attachment":[{"href":"https:\/\/bisbalpenedes.com\/web\/wp-json\/wp\/v2\/media?parent=11655"}],"curies":[{"name":"wp","href":"https:\/\/api.w.org\/{rel}","templated":true}]}}